{"id":1135,"date":"2015-10-13T13:16:52","date_gmt":"2015-10-13T13:16:52","guid":{"rendered":"https:\/\/prodimax-inc.com\/?page_id=1135&#038;lang=fr"},"modified":"2022-06-23T10:35:21","modified_gmt":"2022-06-23T14:35:21","slug":"home","status":"publish","type":"page","link":"https:\/\/prodimax-inc.com\/fr\/","title":{"rendered":"Accueil"},"content":{"rendered":"<div class=\"vc_row wpb_row vc_row-fluid\"><div class=\"wpb_column vc_column_container vc_col-sm-12\"><div class=\"wpb_wrapper\"><div class=\"wpb_revslider_element wpb_content_element\">\n\t\t\t<!-- START Awards REVOLUTION SLIDER 6.7.26 --><p class=\"rs-p-wp-fix\"><\/p>\n\t\t\t<rs-module-wrap id=\"rev_slider_1_1_wrapper\" data-source=\"gallery\" style=\"visibility:hidden;background:transparent;padding:0;margin:0px auto;margin-top:0;margin-bottom:0;\">\n\t\t\t\t<rs-module id=\"rev_slider_1_1\" style=\"\" data-version=\"6.7.26\">\n\t\t\t\t\t<rs-slides style=\"overflow: hidden; position: absolute;\">\n\t\t\t\t\t\t<rs-slide style=\"position: absolute;\" data-key=\"rs-7\" data-title=\"Slide\" data-thumb=\"\/\/prodimax-inc.com\/wp-content\/uploads\/2015\/09\/slider11-100x50.jpg\" data-anim=\"r:0;\" data-in=\"o:0;\" data-out=\"a:false;\">\n\t\t\t\t\t\t\t<img src=\"\/\/prodimax-inc.com\/wp-content\/plugins\/revslider\/sr6\/assets\/assets\/dummy.png\" alt=\"\" title=\"slider1\" width=\"1906\" height=\"571\" class=\"rev-slidebg tp-rs-img rs-lazyload\" data-lazyload=\"\/\/prodimax-inc.com\/wp-content\/uploads\/2015\/09\/slider11.jpg\" data-parallax=\"off\" data-no-retina>\n<!---->\t\t\t\t\t<\/rs-slide>\n\t\t\t\t\t\t<rs-slide style=\"position: absolute;\" data-key=\"rs-9\" data-title=\"Slide\" data-thumb=\"\/\/prodimax-inc.com\/wp-content\/uploads\/2015\/09\/ulaval03-100x50.jpg\" data-anim=\"r:0;\" data-in=\"o:0;\" data-out=\"a:false;\">\n\t\t\t\t\t\t\t<img src=\"\/\/prodimax-inc.com\/wp-content\/plugins\/revslider\/sr6\/assets\/assets\/dummy.png\" alt=\"Removable insulation cover installation\" title=\"ulaval03\" width=\"1500\" height=\"450\" class=\"rev-slidebg tp-rs-img rs-lazyload\" data-lazyload=\"\/\/prodimax-inc.com\/wp-content\/uploads\/2015\/09\/ulaval03.jpg\" data-parallax=\"off\" data-no-retina>\n<!---->\t\t\t\t\t<\/rs-slide>\n\t\t\t\t\t\t<rs-slide style=\"position: absolute;\" data-key=\"rs-10\" data-title=\"Slide\" data-thumb=\"\/\/prodimax-inc.com\/wp-content\/uploads\/2015\/09\/slider6-100x50.jpg\" data-anim=\"r:0;\" data-in=\"o:0;\" data-out=\"a:false;\">\n\t\t\t\t\t\t\t<img src=\"\/\/prodimax-inc.com\/wp-content\/plugins\/revslider\/sr6\/assets\/assets\/dummy.png\" alt=\"Extreme weather insulation\" title=\"slider6\" width=\"1906\" height=\"571\" class=\"rev-slidebg tp-rs-img rs-lazyload\" data-lazyload=\"\/\/prodimax-inc.com\/wp-content\/uploads\/2015\/09\/slider6.jpg\" data-parallax=\"off\" data-no-retina>\n<!---->\t\t\t\t\t<\/rs-slide>\n\t\t\t\t\t\t<rs-slide style=\"position: absolute;\" data-key=\"rs-11\" data-title=\"Slide\" data-thumb=\"\/\/prodimax-inc.com\/wp-content\/uploads\/2015\/09\/slider2-100x50.jpg\" data-anim=\"r:0;\" data-in=\"o:0;\" data-out=\"a:false;\">\n\t\t\t\t\t\t\t<img src=\"\/\/prodimax-inc.com\/wp-content\/plugins\/revslider\/sr6\/assets\/assets\/dummy.png\" alt=\"Valve insulation removable cover\" title=\"slider2\" width=\"1906\" height=\"571\" class=\"rev-slidebg tp-rs-img rs-lazyload\" data-lazyload=\"\/\/prodimax-inc.com\/wp-content\/uploads\/2015\/09\/slider2.jpg\" data-parallax=\"off\" data-no-retina>\n<!---->\t\t\t\t\t<\/rs-slide>\n\t\t\t\t\t<\/rs-slides>\n\t\t\t\t<\/rs-module>\n\t\t\t\t<script>\n\t\t\t\t\tsetREVStartSize({c: 'rev_slider_1_1',rl:[1240,1024,778,480],el:[600,600,500,400],gw:[1240,1024,778,480],gh:[600,600,500,400],type:'standard',justify:'',layout:'fullwidth',mh:\"0\"});if (window.RS_MODULES!==undefined && window.RS_MODULES.modules!==undefined && window.RS_MODULES.modules[\"revslider11\"]!==undefined) {window.RS_MODULES.modules[\"revslider11\"].once = false;window.revapi1 = undefined;if (window.RS_MODULES.checkMinimal!==undefined) window.RS_MODULES.checkMinimal()}\n\t\t\t\t<\/script>\n\t\t\t<\/rs-module-wrap>\n\t\t\t<!-- END REVOLUTION SLIDER -->\n<\/div>\n<\/div><\/div><\/div><div class=\"vc_row wpb_row vc_row-fluid\"><div class=\"wpb_column vc_column_container vc_col-sm-9\"><div class=\"wpb_wrapper\"><div style=\"font-size: 24px;color: #000000;text-align: left\" class=\"vc_custom_heading home_quote_txt\">Appelez-nous pour un estim\u00e9: 1-418-878-7132<\/div><\/div><\/div><div class=\"wpb_column vc_column_container vc_col-sm-3\"><div class=\"wpb_wrapper\">\t<div class=\"vc_btn3-container  home_quote_btn vc_btn3-right\"><a class=\"vc_general vc_btn3 vc_btn3-size-md vc_btn3-shape-square vc_btn3-style-outline vc_btn3-color-#000000\" href=\"http:\/\/prodimax-inc.com\/products\/\" title=\"\" target=\"_self\">Voir nos produits <\/a><\/div><\/div><\/div><\/div><div class=\"vc_row wpb_row vc_row-fluid\"><div class=\"wpb_column vc_column_container vc_col-sm-12\"><div class=\"wpb_wrapper\">\n\t<div class=\"wpb_text_column wpb_content_element \">\n\t\t<div class=\"wpb_wrapper\">\n\t\t\t<p><\/p>\n\n\t\t<\/div> \n\t<\/div> <\/div><\/div><\/div><div class=\"vc_row wpb_row vc_row-fluid\"><div class=\"wpb_column vc_column_container vc_col-sm-4\"><div class=\"wpb_wrapper\">\n\t<div class=\"wpb_single_image wpb_content_element vc_align_left\">\n\t\t<div class=\"wpb_wrapper\">\n\t\t\t\n\t\t\t<div class=\"vc_single_image-wrapper vc_box_border  vc_box_border_grey\"><img width=\"774\" height=\"1148\" src=\"https:\/\/prodimax-inc.com\/wp-content\/uploads\/2015\/09\/pad-photo.jpg\" class=\"vc_single_image-img attachment-full\" alt=\"\" loading=\"lazy\" srcset=\"https:\/\/prodimax-inc.com\/wp-content\/uploads\/2015\/09\/pad-photo.jpg 774w, https:\/\/prodimax-inc.com\/wp-content\/uploads\/2015\/09\/pad-photo-600x890.jpg 600w, https:\/\/prodimax-inc.com\/wp-content\/uploads\/2015\/09\/pad-photo-202x300.jpg 202w, https:\/\/prodimax-inc.com\/wp-content\/uploads\/2015\/09\/pad-photo-690x1024.jpg 690w, https:\/\/prodimax-inc.com\/wp-content\/uploads\/2015\/09\/pad-photo-518x768.jpg 518w\" sizes=\"(max-width: 774px) 100vw, 774px\" \/><\/div>\n\t\t<\/div> \n\t<\/div> <\/div><\/div><div class=\"wpb_column vc_column_container vc_col-sm-8\"><div class=\"wpb_wrapper\">\n\t<div class=\"wpb_text_column wpb_content_element \">\n\t\t<div class=\"wpb_wrapper\">\n\t\t\t<p>Nos couvertures isolantes amovibles de qualit\u00e9 sont fabriqu\u00e9es rapidement et efficacement pour une large gamme d&rsquo;\u00e9quipements industriels. Nous offrons \u00e9galement des couvertures acoustiques, couvertures chauffantes, \u00e9crans et rideaux de protection ignifuges.<\/p>\n<p>Nos produits et services sont utilis\u00e9s par les industries p\u00e9trolif\u00e8res, manufacturi\u00e8res, de production d\u2019\u00e9nergie et institutionnelles voulant r\u00e9duire les co\u00fbts op\u00e9rationnels li\u00e9s \u00e0 la perte d&rsquo;\u00e9nergie, la maintenance, les temps d\u2019arr\u00eat et les risques de s\u00e9curit\u00e9.<\/p>\n<p>Prodimax fournit \u00e0 sa client\u00e8le canadienne des couvertures isolantes thermiques depuis 1996. Notre personnel exp\u00e9riment\u00e9 est pr\u00eat \u00e0 vous guider tout au long du processus de commande et sur demande; notre repr\u00e9sentant se rendra sur place pour mesurer votre \u00e9quipement complexe pour un ajustement pr\u00e9cis. L&rsquo;installation peut \u00e9galement \u00eatre fait par Prodimax si requis. Nous couvrons efficacement l&rsquo;ensemble du Canada avec nos produits et services.<\/p>\n<p>Dans un environnement o\u00f9 l&rsquo;\u00e9conomie est de plus en plus importante, les industries sont \u00e0 la recherche des moyens de r\u00e9duire leurs co\u00fbts op\u00e9rationnels. Prodimax maximise la performance des entreprises en r\u00e9duisant leurs pertes d&rsquo;\u00e9nergie.<\/p>\n<p>\r\n\t\t\t\t\t\n\r\n\t\t\t\t\t<!-- START UNITE GALLERY 1.6.6 -->\r\n\t\t\t\t\t\r\n\t\t\t\t\n\t\t\t<div id='unitegallery_2_1' class='unite-gallery' style='margin:0px auto;margin-top:-21px;'>\n\t\t\t\t\n\n\t\t\t\t\t\t<img alt=\"ULaval (2)\"\n\t\t\t\t\t\t     src=\"https:\/\/prodimax-inc.com\/wp-content\/uploads\/2015\/09\/ULaval-2-300x225.jpg\"\n\t\t\t\t\t\t     data-image=\"https:\/\/prodimax-inc.com\/wp-content\/uploads\/2015\/09\/ULaval-2.jpg\"\n\t\t\t\t\t\t     title=\"\"\n\t\t\t\t\t\t     style=\"display:none\">\n\n\t\t\t\t\t\t<img alt=\"turbine-lebel01\"\n\t\t\t\t\t\t     src=\"https:\/\/prodimax-inc.com\/wp-content\/uploads\/2015\/09\/turbine-lebel01-300x225.jpg\"\n\t\t\t\t\t\t     data-image=\"https:\/\/prodimax-inc.com\/wp-content\/uploads\/2015\/09\/turbine-lebel01.jpg\"\n\t\t\t\t\t\t     title=\"\"\n\t\t\t\t\t\t     style=\"display:none\">\n\n\t\t\t\t\t\t<img alt=\"turb01\"\n\t\t\t\t\t\t     src=\"https:\/\/prodimax-inc.com\/wp-content\/uploads\/2015\/09\/turb01-234x300.jpg\"\n\t\t\t\t\t\t     data-image=\"https:\/\/prodimax-inc.com\/wp-content\/uploads\/2015\/09\/turb01.jpg\"\n\t\t\t\t\t\t     title=\"\"\n\t\t\t\t\t\t     style=\"display:none\">\n\n\t\t\t\t\t\t<img alt=\"reformertube-prodimax-flyer\"\n\t\t\t\t\t\t     src=\"https:\/\/prodimax-inc.com\/wp-content\/uploads\/2015\/09\/reformertube-prodimax-flyer-300x207.jpg\"\n\t\t\t\t\t\t     data-image=\"https:\/\/prodimax-inc.com\/wp-content\/uploads\/2015\/09\/reformertube-prodimax-flyer.jpg\"\n\t\t\t\t\t\t     title=\"\"\n\t\t\t\t\t\t     style=\"display:none\">\n\n\t\t\t\t\t\t<img alt=\"pro-a\"\n\t\t\t\t\t\t     src=\"https:\/\/prodimax-inc.com\/wp-content\/uploads\/2015\/09\/pro-a-300x218.jpg\"\n\t\t\t\t\t\t     data-image=\"https:\/\/prodimax-inc.com\/wp-content\/uploads\/2015\/09\/pro-a.jpg\"\n\t\t\t\t\t\t     title=\"\"\n\t\t\t\t\t\t     style=\"display:none\">\n\n\t\t\t\t\t\t<img alt=\"pro-1000\"\n\t\t\t\t\t\t     src=\"https:\/\/prodimax-inc.com\/wp-content\/uploads\/2015\/09\/pro-1000-300x230.jpg\"\n\t\t\t\t\t\t     data-image=\"https:\/\/prodimax-inc.com\/wp-content\/uploads\/2015\/09\/pro-1000.jpg\"\n\t\t\t\t\t\t     title=\"\"\n\t\t\t\t\t\t     style=\"display:none\">\n\n\t\t\t\t\t\t<img alt=\"image-instrumentation-heater-300x225\"\n\t\t\t\t\t\t     src=\"https:\/\/prodimax-inc.com\/wp-content\/uploads\/2015\/09\/image-instrumentation-heater-300x225-300x225.png\"\n\t\t\t\t\t\t     data-image=\"https:\/\/prodimax-inc.com\/wp-content\/uploads\/2015\/09\/image-instrumentation-heater-300x225.png\"\n\t\t\t\t\t\t     title=\"\"\n\t\t\t\t\t\t     style=\"display:none\">\n\n\t\t\t\t\t\t<img alt=\"Prodimax-large-surface-blanket-winter\"\n\t\t\t\t\t\t     src=\"https:\/\/prodimax-inc.com\/wp-content\/uploads\/2021\/12\/Prodimax-large-surface-blanket-winter-225x300.jpg\"\n\t\t\t\t\t\t     data-image=\"https:\/\/prodimax-inc.com\/wp-content\/uploads\/2021\/12\/Prodimax-large-surface-blanket-winter.jpg\"\n\t\t\t\t\t\t     title=\"\"\n\t\t\t\t\t\t     style=\"display:none\">\n\t\t\t<\/div>\n\n\t\t\t<script type='text\/javascript'>\n\t\t\t\tvar ugapi1;\n\t\t\t\tjQuery(document).ready(function(){\n\t\t\t\t\tvar objUGParams = {\n\t\t\t\t\t\tgallery_theme:\"tiles\",\n\t\t\t\t\t\t\t\tgallery_width:\"100%\",\n\t\t\t\t\t\t\t\tlightbox_overlay_opacity:0.9,\n\t\t\t\t\t\t\t\ttiles_type:\"justified\",\n\t\t\t\t\t\t\t\ttiles_justified_space_between:1\n\n\t\t\t\t\t};\n\t\t\t\t\tif(typeof ugCheckForErrors == \"undefined\")\n\t\t\t\t\t\tjQuery(\"#unitegallery_2_1\").html(\"Unite Gallery Error - gallery js and css files not included in the footer. Please make sure that wp_footer() function is added to your theme.\");\n\t\t\t\t\telse\n\t\t\t\t\tif(ugCheckForErrors('#unitegallery_2_1', 'cms'))\n\t\t\t\t\t\tugapi1 = jQuery('#unitegallery_2_1').unitegallery(objUGParams);\n\t\t\t\t});\n\t\t\t<\/script>\n\n\t\t\t<!-- END UNITEGALLERY --><\/p>\n\n\t\t<\/div> \n\t<\/div> <\/div><\/div><\/div>\n","protected":false},"excerpt":{"rendered":"setREVStartSize({c: 'rev_slider_1_2',rl:[1240,1024,778,480],el:[600,600,500,400],gw:[1240,1024,778,480],gh:[600,600,500,400],type:'standard',justify:'',layout:'fullwidth',mh:\"0\"});if (window.RS_MODULES!==undefined && window.RS_MODULES.modules!==undefined && window.RS_MODULES.modules[\"revslider12\"]!==undefined) {window.RS_MODULES.modules[\"revslider12\"].once = false;window.revapi1_2 = undefined;if (window.RS_MODULES.checkMinimal!==undefined) window.RS_MODULES.checkMinimal()} Appelez-nous pour un estim\u00e9: 1-418-878-7132 Voir [...]","protected":false},"author":7,"featured_media":0,"parent":0,"menu_order":0,"comment_status":"open","ping_status":"open","template":"","meta":[],"yoast_head":"<!-- This site is optimized with the Yoast SEO plugin v17.8 - https:\/\/yoast.com\/wordpress\/plugins\/seo\/ -->\n<title>Accueil &ndash; Prodimax<\/title>\n<meta name=\"robots\" content=\"index, follow, max-snippet:-1, max-image-preview:large, max-video-preview:-1\" \/>\n<link rel=\"canonical\" href=\"https:\/\/prodimax-inc.com\/fr\/\" \/>\n<meta property=\"og:locale\" content=\"fr_FR\" \/>\n<meta property=\"og:type\" content=\"article\" \/>\n<meta property=\"og:title\" content=\"Accueil &ndash; Prodimax\" \/>\n<meta property=\"og:url\" content=\"https:\/\/prodimax-inc.com\/fr\/\" \/>\n<meta property=\"og:site_name\" content=\"Prodimax\" \/>\n<meta property=\"article:modified_time\" content=\"2022-06-23T14:35:21+00:00\" \/>\n<meta property=\"og:image\" content=\"\/\/prodimax-inc.com\/wp-content\/plugins\/revslider\/public\/assets\/assets\/dummy.png\" \/>\n<meta name=\"twitter:card\" content=\"summary_large_image\" \/>\n<meta name=\"twitter:label1\" content=\"Dur\u00e9e de lecture estim\u00e9e\" \/>\n\t<meta name=\"twitter:data1\" content=\"1 minute\" \/>\n<script type=\"application\/ld+json\" class=\"yoast-schema-graph\">{\"@context\":\"https:\/\/schema.org\",\"@graph\":[{\"@type\":\"WebSite\",\"@id\":\"https:\/\/prodimax-inc.com\/#website\",\"url\":\"https:\/\/prodimax-inc.com\/\",\"name\":\"Prodimax\",\"description\":\"Canadian provider of insulation and thermal services since 1996\",\"potentialAction\":[{\"@type\":\"SearchAction\",\"target\":{\"@type\":\"EntryPoint\",\"urlTemplate\":\"https:\/\/prodimax-inc.com\/?s={search_term_string}\"},\"query-input\":\"required name=search_term_string\"}],\"inLanguage\":\"fr-FR\"},{\"@type\":\"WebPage\",\"@id\":\"https:\/\/prodimax-inc.com\/fr\/#webpage\",\"url\":\"https:\/\/prodimax-inc.com\/fr\/\",\"name\":\"Accueil &ndash; Prodimax\",\"isPartOf\":{\"@id\":\"https:\/\/prodimax-inc.com\/#website\"},\"datePublished\":\"2015-10-13T13:16:52+00:00\",\"dateModified\":\"2022-06-23T14:35:21+00:00\",\"breadcrumb\":{\"@id\":\"https:\/\/prodimax-inc.com\/fr\/#breadcrumb\"},\"inLanguage\":\"fr-FR\",\"potentialAction\":[{\"@type\":\"ReadAction\",\"target\":[\"https:\/\/prodimax-inc.com\/fr\/\"]}]},{\"@type\":\"BreadcrumbList\",\"@id\":\"https:\/\/prodimax-inc.com\/fr\/#breadcrumb\",\"itemListElement\":[{\"@type\":\"ListItem\",\"position\":1,\"name\":\"Home\",\"item\":\"https:\/\/prodimax-inc.com\/fr\/\"},{\"@type\":\"ListItem\",\"position\":2,\"name\":\"Accueil\"}]}]}<\/script>\n<!-- \/ Yoast SEO plugin. -->","yoast_head_json":{"title":"Accueil &ndash; Prodimax","robots":{"index":"index","follow":"follow","max-snippet":"max-snippet:-1","max-image-preview":"max-image-preview:large","max-video-preview":"max-video-preview:-1"},"canonical":"https:\/\/prodimax-inc.com\/fr\/","og_locale":"fr_FR","og_type":"article","og_title":"Accueil &ndash; Prodimax","og_url":"https:\/\/prodimax-inc.com\/fr\/","og_site_name":"Prodimax","article_modified_time":"2022-06-23T14:35:21+00:00","og_image":[{"url":"\/\/prodimax-inc.com\/wp-content\/plugins\/revslider\/public\/assets\/assets\/dummy.png"}],"twitter_card":"summary_large_image","twitter_misc":{"Dur\u00e9e de lecture estim\u00e9e":"1 minute"},"schema":{"@context":"https:\/\/schema.org","@graph":[{"@type":"WebSite","@id":"https:\/\/prodimax-inc.com\/#website","url":"https:\/\/prodimax-inc.com\/","name":"Prodimax","description":"Canadian provider of insulation and thermal services since 1996","potentialAction":[{"@type":"SearchAction","target":{"@type":"EntryPoint","urlTemplate":"https:\/\/prodimax-inc.com\/?s={search_term_string}"},"query-input":"required name=search_term_string"}],"inLanguage":"fr-FR"},{"@type":"WebPage","@id":"https:\/\/prodimax-inc.com\/fr\/#webpage","url":"https:\/\/prodimax-inc.com\/fr\/","name":"Accueil &ndash; Prodimax","isPartOf":{"@id":"https:\/\/prodimax-inc.com\/#website"},"datePublished":"2015-10-13T13:16:52+00:00","dateModified":"2022-06-23T14:35:21+00:00","breadcrumb":{"@id":"https:\/\/prodimax-inc.com\/fr\/#breadcrumb"},"inLanguage":"fr-FR","potentialAction":[{"@type":"ReadAction","target":["https:\/\/prodimax-inc.com\/fr\/"]}]},{"@type":"BreadcrumbList","@id":"https:\/\/prodimax-inc.com\/fr\/#breadcrumb","itemListElement":[{"@type":"ListItem","position":1,"name":"Home","item":"https:\/\/prodimax-inc.com\/fr\/"},{"@type":"ListItem","position":2,"name":"Accueil"}]}]}},"_links":{"self":[{"href":"https:\/\/prodimax-inc.com\/fr\/wp-json\/wp\/v2\/pages\/1135"}],"collection":[{"href":"https:\/\/prodimax-inc.com\/fr\/wp-json\/wp\/v2\/pages"}],"about":[{"href":"https:\/\/prodimax-inc.com\/fr\/wp-json\/wp\/v2\/types\/page"}],"author":[{"embeddable":true,"href":"https:\/\/prodimax-inc.com\/fr\/wp-json\/wp\/v2\/users\/7"}],"replies":[{"embeddable":true,"href":"https:\/\/prodimax-inc.com\/fr\/wp-json\/wp\/v2\/comments?post=1135"}],"version-history":[{"count":18,"href":"https:\/\/prodimax-inc.com\/fr\/wp-json\/wp\/v2\/pages\/1135\/revisions"}],"predecessor-version":[{"id":2224,"href":"https:\/\/prodimax-inc.com\/fr\/wp-json\/wp\/v2\/pages\/1135\/revisions\/2224"}],"wp:attachment":[{"href":"https:\/\/prodimax-inc.com\/fr\/wp-json\/wp\/v2\/media?parent=1135"}],"curies":[{"name":"wp","href":"https:\/\/api.w.org\/{rel}","templated":true}]}}