{"id":1139,"date":"2015-10-13T13:18:34","date_gmt":"2015-10-13T13:18:34","guid":{"rendered":"https:\/\/prodimax-inc.com\/?page_id=1139&#038;lang=fr"},"modified":"2016-03-30T15:41:16","modified_gmt":"2016-03-30T15:41:16","slug":"a-propos-de-nous","status":"publish","type":"page","link":"https:\/\/prodimax-inc.com\/fr\/a-propos-de-nous\/","title":{"rendered":"\u00c0 propos de nous"},"content":{"rendered":"<p>Depuis 1996, Prodimax Inc. fabrique et installe des couvertures isolantes amovibles et r\u00e9utilisables. Prodimax propose une large gamme de solutions thermiques que ce soit pour des toiles\/rideaux pour la protection contre le m\u00e9tal en fusion ou pour couvrir une turbine nucl\u00e9aire enti\u00e8re pour la pr\u00e9vention de la perte de chaleur tout en r\u00e9duisant les vibrations et le bruit; le tout dans un syst\u00e8me d\u2019installation et de d\u00e9sinstallation facile et sans outil.<\/p>\n<p>Sur demande Prodimax effectuera le processus, de la prise de mesure sur le site, jusqu&rsquo;\u00e0 la livraison finale. Pour la conception de pi\u00e8ces de formes complexes, nous pouvons proc\u00e9der directement \u00e0 l&#8217;emplacement de travail avec nos \u00e9quipements. En outre, Prodimax Inc. se fera un plaisir de r\u00e9pondre \u00e0 toutes les exigences sp\u00e9cifiques de nos clients.<\/p>\n","protected":false},"excerpt":{"rendered":"<p>Depuis 1996, Prodimax Inc. fabrique et installe des couvertures isolantes amovibles et r\u00e9utilisables. Prodimax propose une large gamme de solutions [&hellip;]<\/p>\n","protected":false},"author":7,"featured_media":0,"parent":0,"menu_order":0,"comment_status":"closed","ping_status":"closed","template":"","meta":[],"yoast_head":"<!-- This site is optimized with the Yoast SEO plugin v17.8 - https:\/\/yoast.com\/wordpress\/plugins\/seo\/ -->\n<title>\u00c0 propos de nous &ndash; Prodimax<\/title>\n<meta name=\"robots\" content=\"index, follow, max-snippet:-1, max-image-preview:large, max-video-preview:-1\" \/>\n<link rel=\"canonical\" href=\"https:\/\/prodimax-inc.com\/fr\/a-propos-de-nous\/\" \/>\n<meta property=\"og:locale\" content=\"fr_FR\" \/>\n<meta property=\"og:type\" content=\"article\" \/>\n<meta property=\"og:title\" content=\"\u00c0 propos de nous &ndash; Prodimax\" \/>\n<meta property=\"og:description\" content=\"Depuis 1996, Prodimax Inc. fabrique et installe des couvertures isolantes amovibles et r\u00e9utilisables. Prodimax propose une large gamme de solutions [&hellip;]\" \/>\n<meta property=\"og:url\" content=\"https:\/\/prodimax-inc.com\/fr\/a-propos-de-nous\/\" \/>\n<meta property=\"og:site_name\" content=\"Prodimax\" \/>\n<meta property=\"article:modified_time\" content=\"2016-03-30T15:41:16+00:00\" \/>\n<meta name=\"twitter:card\" content=\"summary_large_image\" \/>\n<meta name=\"twitter:label1\" content=\"Dur\u00e9e de lecture estim\u00e9e\" \/>\n\t<meta name=\"twitter:data1\" content=\"1 minute\" \/>\n<script type=\"application\/ld+json\" class=\"yoast-schema-graph\">{\"@context\":\"https:\/\/schema.org\",\"@graph\":[{\"@type\":\"WebSite\",\"@id\":\"https:\/\/prodimax-inc.com\/#website\",\"url\":\"https:\/\/prodimax-inc.com\/\",\"name\":\"Prodimax\",\"description\":\"Canadian provider of insulation and thermal services since 1996\",\"potentialAction\":[{\"@type\":\"SearchAction\",\"target\":{\"@type\":\"EntryPoint\",\"urlTemplate\":\"https:\/\/prodimax-inc.com\/?s={search_term_string}\"},\"query-input\":\"required name=search_term_string\"}],\"inLanguage\":\"fr-FR\"},{\"@type\":\"WebPage\",\"@id\":\"https:\/\/prodimax-inc.com\/fr\/a-propos-de-nous\/#webpage\",\"url\":\"https:\/\/prodimax-inc.com\/fr\/a-propos-de-nous\/\",\"name\":\"\\u00c0 propos de nous &ndash; Prodimax\",\"isPartOf\":{\"@id\":\"https:\/\/prodimax-inc.com\/#website\"},\"datePublished\":\"2015-10-13T13:18:34+00:00\",\"dateModified\":\"2016-03-30T15:41:16+00:00\",\"breadcrumb\":{\"@id\":\"https:\/\/prodimax-inc.com\/fr\/a-propos-de-nous\/#breadcrumb\"},\"inLanguage\":\"fr-FR\",\"potentialAction\":[{\"@type\":\"ReadAction\",\"target\":[\"https:\/\/prodimax-inc.com\/fr\/a-propos-de-nous\/\"]}]},{\"@type\":\"BreadcrumbList\",\"@id\":\"https:\/\/prodimax-inc.com\/fr\/a-propos-de-nous\/#breadcrumb\",\"itemListElement\":[{\"@type\":\"ListItem\",\"position\":1,\"name\":\"Home\",\"item\":\"https:\/\/prodimax-inc.com\/fr\/\"},{\"@type\":\"ListItem\",\"position\":2,\"name\":\"\\u00c0 propos de nous\"}]}]}<\/script>\n<!-- \/ Yoast SEO plugin. -->","yoast_head_json":{"title":"\u00c0 propos de nous &ndash; Prodimax","robots":{"index":"index","follow":"follow","max-snippet":"max-snippet:-1","max-image-preview":"max-image-preview:large","max-video-preview":"max-video-preview:-1"},"canonical":"https:\/\/prodimax-inc.com\/fr\/a-propos-de-nous\/","og_locale":"fr_FR","og_type":"article","og_title":"\u00c0 propos de nous &ndash; Prodimax","og_description":"Depuis 1996, Prodimax Inc. fabrique et installe des couvertures isolantes amovibles et r\u00e9utilisables. Prodimax propose une large gamme de solutions [&hellip;]","og_url":"https:\/\/prodimax-inc.com\/fr\/a-propos-de-nous\/","og_site_name":"Prodimax","article_modified_time":"2016-03-30T15:41:16+00:00","twitter_card":"summary_large_image","twitter_misc":{"Dur\u00e9e de lecture estim\u00e9e":"1 minute"},"schema":{"@context":"https:\/\/schema.org","@graph":[{"@type":"WebSite","@id":"https:\/\/prodimax-inc.com\/#website","url":"https:\/\/prodimax-inc.com\/","name":"Prodimax","description":"Canadian provider of insulation and thermal services since 1996","potentialAction":[{"@type":"SearchAction","target":{"@type":"EntryPoint","urlTemplate":"https:\/\/prodimax-inc.com\/?s={search_term_string}"},"query-input":"required name=search_term_string"}],"inLanguage":"fr-FR"},{"@type":"WebPage","@id":"https:\/\/prodimax-inc.com\/fr\/a-propos-de-nous\/#webpage","url":"https:\/\/prodimax-inc.com\/fr\/a-propos-de-nous\/","name":"\u00c0 propos de nous &ndash; Prodimax","isPartOf":{"@id":"https:\/\/prodimax-inc.com\/#website"},"datePublished":"2015-10-13T13:18:34+00:00","dateModified":"2016-03-30T15:41:16+00:00","breadcrumb":{"@id":"https:\/\/prodimax-inc.com\/fr\/a-propos-de-nous\/#breadcrumb"},"inLanguage":"fr-FR","potentialAction":[{"@type":"ReadAction","target":["https:\/\/prodimax-inc.com\/fr\/a-propos-de-nous\/"]}]},{"@type":"BreadcrumbList","@id":"https:\/\/prodimax-inc.com\/fr\/a-propos-de-nous\/#breadcrumb","itemListElement":[{"@type":"ListItem","position":1,"name":"Home","item":"https:\/\/prodimax-inc.com\/fr\/"},{"@type":"ListItem","position":2,"name":"\u00c0 propos de nous"}]}]}},"_links":{"self":[{"href":"https:\/\/prodimax-inc.com\/fr\/wp-json\/wp\/v2\/pages\/1139"}],"collection":[{"href":"https:\/\/prodimax-inc.com\/fr\/wp-json\/wp\/v2\/pages"}],"about":[{"href":"https:\/\/prodimax-inc.com\/fr\/wp-json\/wp\/v2\/types\/page"}],"author":[{"embeddable":true,"href":"https:\/\/prodimax-inc.com\/fr\/wp-json\/wp\/v2\/users\/7"}],"replies":[{"embeddable":true,"href":"https:\/\/prodimax-inc.com\/fr\/wp-json\/wp\/v2\/comments?post=1139"}],"version-history":[{"count":3,"href":"https:\/\/prodimax-inc.com\/fr\/wp-json\/wp\/v2\/pages\/1139\/revisions"}],"predecessor-version":[{"id":1363,"href":"https:\/\/prodimax-inc.com\/fr\/wp-json\/wp\/v2\/pages\/1139\/revisions\/1363"}],"wp:attachment":[{"href":"https:\/\/prodimax-inc.com\/fr\/wp-json\/wp\/v2\/media?parent=1139"}],"curies":[{"name":"wp","href":"https:\/\/api.w.org\/{rel}","templated":true}]}}