{"id":1143,"date":"2015-10-13T13:26:09","date_gmt":"2015-10-13T13:26:09","guid":{"rendered":"https:\/\/prodimax-inc.com\/?page_id=1143&#038;lang=fr"},"modified":"2018-10-10T21:09:17","modified_gmt":"2018-10-11T01:09:17","slug":"produits","status":"publish","type":"page","link":"https:\/\/prodimax-inc.com\/fr\/produits\/","title":{"rendered":"PRODUITS"},"content":{"rendered":"<div class=\"vc_row wpb_row vc_row-fluid\"><div class=\"wpb_column vc_column_container vc_col-sm-6\"><div class=\"wpb_wrapper\"><div class=\"vc_row wpb_row vc_inner vc_row-fluid\"><div class=\"wpb_column vc_column_container vc_col-sm-6\"><div class=\"wpb_wrapper\">\n\t<div class=\"wpb_single_image wpb_content_element vc_align_left\">\n\t\t<div class=\"wpb_wrapper\">\n\t\t\t<h2 class=\"wpb_heading wpb_singleimage_heading\">Couvertures Isolantes<\/h2>\n\t\t\t<a href=\"\/fr\/produits\/couvertures-isolantes\/\" target=\"_self\"><div class=\"vc_single_image-wrapper vc_box_rounded  vc_box_border_grey\"><img width=\"300\" height=\"220\" src=\"https:\/\/prodimax-inc.com\/wp-content\/uploads\/2015\/10\/insulation-cover-300x220.jpg\" class=\"vc_single_image-img attachment-medium\" alt=\"\" loading=\"lazy\" srcset=\"https:\/\/prodimax-inc.com\/wp-content\/uploads\/2015\/10\/insulation-cover-300x220.jpg 300w, https:\/\/prodimax-inc.com\/wp-content\/uploads\/2015\/10\/insulation-cover-600x440.jpg 600w, https:\/\/prodimax-inc.com\/wp-content\/uploads\/2015\/10\/insulation-cover-1024x751.jpg 1024w, https:\/\/prodimax-inc.com\/wp-content\/uploads\/2015\/10\/insulation-cover-768x563.jpg 768w, https:\/\/prodimax-inc.com\/wp-content\/uploads\/2015\/10\/insulation-cover.jpg 1500w\" sizes=\"(max-width: 300px) 100vw, 300px\" \/><\/div><\/a>\n\t\t<\/div> \n\t<\/div> <\/div><\/div><div class=\"wpb_column vc_column_container vc_col-sm-6\"><div class=\"wpb_wrapper\">\n\t<div class=\"wpb_text_column wpb_content_element \">\n\t\t<div class=\"wpb_wrapper\">\n\t\t\t<p><strong><b>Couvertures isolantes amovibles fabriqu\u00e9es sur mesure<\/b><\/strong><\/p>\n<p style=\"text-align: left;\">Tout \u00e9quipement requ\u00e9rant des r\u00e9parations ou de l\u2019entretien n\u00e9cessite une solution d\u2019isolation amovible et r\u00e9utilisable pour couvrir des tuyaux, des vannes, des raccords, des r\u00e9servoirs et des turbines&#8230;<\/p>\n<p style=\"text-align: left;\"><a class=\"btn red_btn\" href=\"\/fr\/produits\/couvertures-isolantes\/\"\n                                                             data-hover=\"Lire la suite\"><span>Lire la suite \t\t<i class=\"fa fa-arrow-right\"><\/i><\/span><\/a><\/p>\n\n\t\t<\/div> \n\t<\/div> <\/div><\/div><\/div><div class=\"vc_row wpb_row vc_inner vc_row-fluid\"><div class=\"wpb_column vc_column_container vc_col-sm-6\"><div class=\"wpb_wrapper\">\n\t<div class=\"wpb_single_image wpb_content_element vc_align_left\">\n\t\t<div class=\"wpb_wrapper\">\n\t\t\t<h2 class=\"wpb_heading wpb_singleimage_heading\">Rideau<\/h2>\n\t\t\t<a href=\"\/fr\/produits\/rideau\/\" target=\"_self\"><div class=\"vc_single_image-wrapper vc_box_rounded  vc_box_border_grey\"><img width=\"300\" height=\"225\" src=\"https:\/\/prodimax-inc.com\/wp-content\/uploads\/2015\/10\/curtains-300x225.jpg\" class=\"vc_single_image-img attachment-medium\" alt=\"Curtains\" loading=\"lazy\" srcset=\"https:\/\/prodimax-inc.com\/wp-content\/uploads\/2015\/10\/curtains-300x225.jpg 300w, https:\/\/prodimax-inc.com\/wp-content\/uploads\/2015\/10\/curtains-600x450.jpg 600w, https:\/\/prodimax-inc.com\/wp-content\/uploads\/2015\/10\/curtains-120x90.jpg 120w, https:\/\/prodimax-inc.com\/wp-content\/uploads\/2015\/10\/curtains.jpg 700w\" sizes=\"(max-width: 300px) 100vw, 300px\" \/><\/div><\/a>\n\t\t<\/div> \n\t<\/div> <\/div><\/div><div class=\"wpb_column vc_column_container vc_col-sm-6\"><div class=\"wpb_wrapper\">\n\t<div class=\"wpb_text_column wpb_content_element \">\n\t\t<div class=\"wpb_wrapper\">\n\t\t\t<p><strong><b>Tissus, rideaux de protection et rideaux de soudures fabriqu\u00e9s sur mesure<\/b><\/strong><\/p>\n<p>Cr\u00e9ez un environnement de travail plus s\u00e9curitaire avec des \u00e9crans de s\u00e9curit\u00e9 Prodimax, des syst\u00e8mes de contr\u00f4le du bruit, des rideaux industriels, et les rideaux \u00e0 bandes.<\/p>\n<a class=\"btn red_btn\" href=\"\/fr\/produits\/rideau\/\"\n                                                             data-hover=\"Lire la suite\"><span>Lire la suite \t\t<i class=\"fa fa-arrow-right\"><\/i><\/span><\/a>\n\n\t\t<\/div> \n\t<\/div> <\/div><\/div><\/div><div class=\"vc_row wpb_row vc_inner vc_row-fluid\"><div class=\"wpb_column vc_column_container vc_col-sm-6\"><div class=\"wpb_wrapper\">\n\t<div class=\"wpb_single_image wpb_content_element vc_align_left\">\n\t\t<div class=\"wpb_wrapper\">\n\t\t\t<h2 class=\"wpb_heading wpb_singleimage_heading\">Expansion joints<\/h2>\n\t\t\t<a href=\"\/fr\/produits\/joint-dexpansion\/\" target=\"_self\"><div class=\"vc_single_image-wrapper vc_box_rounded  vc_box_border_grey\"><img width=\"300\" height=\"225\" src=\"https:\/\/prodimax-inc.com\/wp-content\/uploads\/2015\/10\/expansions-joints-300x225.jpg\" class=\"vc_single_image-img attachment-medium\" alt=\"Expansion joints\" loading=\"lazy\" srcset=\"https:\/\/prodimax-inc.com\/wp-content\/uploads\/2015\/10\/expansions-joints-300x225.jpg 300w, https:\/\/prodimax-inc.com\/wp-content\/uploads\/2015\/10\/expansions-joints-600x450.jpg 600w, https:\/\/prodimax-inc.com\/wp-content\/uploads\/2015\/10\/expansions-joints-1024x768.jpg 1024w, https:\/\/prodimax-inc.com\/wp-content\/uploads\/2015\/10\/expansions-joints-768x576.jpg 768w, https:\/\/prodimax-inc.com\/wp-content\/uploads\/2015\/10\/expansions-joints-120x90.jpg 120w, https:\/\/prodimax-inc.com\/wp-content\/uploads\/2015\/10\/expansions-joints.jpg 1216w\" sizes=\"(max-width: 300px) 100vw, 300px\" \/><\/div><\/a>\n\t\t<\/div> \n\t<\/div> <\/div><\/div><div class=\"wpb_column vc_column_container vc_col-sm-6\"><div class=\"wpb_wrapper\">\n\t<div class=\"wpb_text_column wpb_content_element \">\n\t\t<div class=\"wpb_wrapper\">\n\t\t\t<p><strong><b>Joints expansion sur mesure pour hautes temp\u00e9ratures<\/b><\/strong><\/p>\n<p>Les joints d\u2019expansion de tuyaux, aussi connu comme compensateurs, sont souvent des composants n\u00e9glig\u00e9s du syst\u00e8me de tuyauterie \u00e0 travers laquelle beaucoup de chaleur peut \u00eatre perdue.<\/p>\n<p><strong><b>Couverture acoustique sur mesure <\/b><\/strong><\/p>\n<p>Pour l&rsquo;att\u00e9nuation acoustique, nos couvertures amovibles, con\u00e7u sur mesure pour r\u00e9pondre \u00e0 des applications sp\u00e9cifiques, sauront offrir une grande performance et apparence.<\/p>\n<a class=\"btn red_btn\" href=\"\/fr\/produits\/couverture-acoustique\/\"\n                                                             data-hover=\"Lire la suite\"><span>Lire la suite \t\t<i class=\"fa fa-arrow-right\"><\/i><\/span><\/a>\n\n\t\t<\/div> \n\t<\/div> <\/div><\/div><\/div><div class=\"vc_row wpb_row vc_inner vc_row-fluid\"><div class=\"wpb_column vc_column_container vc_col-sm-6\"><div class=\"wpb_wrapper\">\n\t<div class=\"wpb_single_image wpb_content_element vc_align_left\">\n\t\t<div class=\"wpb_wrapper\">\n\t\t\t<h2 class=\"wpb_heading wpb_singleimage_heading\">Haute temp\u00e9rature <\/h2>\n\t\t\t<a href=\"\/fr\/produits\/haute-temperature\/\" target=\"_self\"><div class=\"vc_single_image-wrapper vc_box_rounded  vc_box_border_grey\"><img width=\"300\" height=\"226\" src=\"https:\/\/prodimax-inc.com\/wp-content\/uploads\/2015\/10\/ht-insulation-300x226.jpg\" class=\"vc_single_image-img attachment-medium\" alt=\"High temperature\" loading=\"lazy\" srcset=\"https:\/\/prodimax-inc.com\/wp-content\/uploads\/2015\/10\/ht-insulation-300x226.jpg 300w, https:\/\/prodimax-inc.com\/wp-content\/uploads\/2015\/10\/ht-insulation-600x452.jpg 600w, https:\/\/prodimax-inc.com\/wp-content\/uploads\/2015\/10\/ht-insulation-120x90.jpg 120w, https:\/\/prodimax-inc.com\/wp-content\/uploads\/2015\/10\/ht-insulation.jpg 609w\" sizes=\"(max-width: 300px) 100vw, 300px\" \/><\/div><\/a>\n\t\t<\/div> \n\t<\/div> <\/div><\/div><div class=\"wpb_column vc_column_container vc_col-sm-6\"><div class=\"wpb_wrapper\">\n\t<div class=\"wpb_text_column wpb_content_element \">\n\t\t<div class=\"wpb_wrapper\">\n\t\t\t<p><strong><b>Produits pour hautes temp\u00e9ratures <\/b><\/strong><\/p>\n<p style=\"text-align: justify;\">Isolation de haute qualit\u00e9 ad\u00e9quate permettra de minimiser les pertes d&rsquo;\u00e9nergie; les co\u00fbts d&rsquo;exploitation et am\u00e9liorer la s\u00e9curit\u00e9 du personnel. Tout cela vous aidera \u00e0 r\u00e9duire votre co\u00fbt total de possession de l&rsquo;\u00e9quipement et des installations notamment et de r\u00e9duire votre empreinte environnementale.<\/p>\n<a class=\"btn red_btn\" href=\"\/fr\/produits\/haute-temperature\/\"\n                                                             data-hover=\"Lire la suite\"><span>Lire la suite \t\t<i class=\"fa fa-arrow-right\"><\/i><\/span><\/a>\n\n\t\t<\/div> \n\t<\/div> <\/div><\/div><\/div><\/div><\/div><\/div>\n","protected":false},"excerpt":{"rendered":"Couvertures Isolantes Couvertures isolantes amovibles fabriqu\u00e9es sur mesure Tout \u00e9quipement requ\u00e9rant des r\u00e9parations ou de l\u2019entretien n\u00e9cessite une solution d\u2019isolation [...]","protected":false},"author":7,"featured_media":0,"parent":0,"menu_order":0,"comment_status":"closed","ping_status":"closed","template":"","meta":[],"yoast_head":"<!-- This site is optimized with the Yoast SEO plugin v17.8 - https:\/\/yoast.com\/wordpress\/plugins\/seo\/ -->\n<title>PRODUITS &ndash; Prodimax<\/title>\n<meta name=\"robots\" content=\"index, follow, max-snippet:-1, max-image-preview:large, max-video-preview:-1\" \/>\n<link rel=\"canonical\" href=\"https:\/\/prodimax-inc.com\/fr\/produits\/\" \/>\n<meta property=\"og:locale\" content=\"fr_FR\" \/>\n<meta property=\"og:type\" content=\"article\" \/>\n<meta property=\"og:title\" content=\"PRODUITS &ndash; Prodimax\" \/>\n<meta property=\"og:url\" content=\"https:\/\/prodimax-inc.com\/fr\/produits\/\" \/>\n<meta property=\"og:site_name\" content=\"Prodimax\" \/>\n<meta property=\"article:modified_time\" content=\"2018-10-11T01:09:17+00:00\" \/>\n<meta name=\"twitter:card\" content=\"summary_large_image\" \/>\n<meta name=\"twitter:label1\" content=\"Dur\u00e9e de lecture estim\u00e9e\" \/>\n\t<meta name=\"twitter:data1\" content=\"2 minutes\" \/>\n<script type=\"application\/ld+json\" class=\"yoast-schema-graph\">{\"@context\":\"https:\/\/schema.org\",\"@graph\":[{\"@type\":\"WebSite\",\"@id\":\"https:\/\/prodimax-inc.com\/#website\",\"url\":\"https:\/\/prodimax-inc.com\/\",\"name\":\"Prodimax\",\"description\":\"Canadian provider of insulation and thermal services since 1996\",\"potentialAction\":[{\"@type\":\"SearchAction\",\"target\":{\"@type\":\"EntryPoint\",\"urlTemplate\":\"https:\/\/prodimax-inc.com\/?s={search_term_string}\"},\"query-input\":\"required name=search_term_string\"}],\"inLanguage\":\"fr-FR\"},{\"@type\":\"WebPage\",\"@id\":\"https:\/\/prodimax-inc.com\/fr\/produits\/#webpage\",\"url\":\"https:\/\/prodimax-inc.com\/fr\/produits\/\",\"name\":\"PRODUITS &ndash; Prodimax\",\"isPartOf\":{\"@id\":\"https:\/\/prodimax-inc.com\/#website\"},\"datePublished\":\"2015-10-13T13:26:09+00:00\",\"dateModified\":\"2018-10-11T01:09:17+00:00\",\"breadcrumb\":{\"@id\":\"https:\/\/prodimax-inc.com\/fr\/produits\/#breadcrumb\"},\"inLanguage\":\"fr-FR\",\"potentialAction\":[{\"@type\":\"ReadAction\",\"target\":[\"https:\/\/prodimax-inc.com\/fr\/produits\/\"]}]},{\"@type\":\"BreadcrumbList\",\"@id\":\"https:\/\/prodimax-inc.com\/fr\/produits\/#breadcrumb\",\"itemListElement\":[{\"@type\":\"ListItem\",\"position\":1,\"name\":\"Home\",\"item\":\"https:\/\/prodimax-inc.com\/fr\/\"},{\"@type\":\"ListItem\",\"position\":2,\"name\":\"PRODUITS\"}]}]}<\/script>\n<!-- \/ Yoast SEO plugin. -->","yoast_head_json":{"title":"PRODUITS &ndash; Prodimax","robots":{"index":"index","follow":"follow","max-snippet":"max-snippet:-1","max-image-preview":"max-image-preview:large","max-video-preview":"max-video-preview:-1"},"canonical":"https:\/\/prodimax-inc.com\/fr\/produits\/","og_locale":"fr_FR","og_type":"article","og_title":"PRODUITS &ndash; Prodimax","og_url":"https:\/\/prodimax-inc.com\/fr\/produits\/","og_site_name":"Prodimax","article_modified_time":"2018-10-11T01:09:17+00:00","twitter_card":"summary_large_image","twitter_misc":{"Dur\u00e9e de lecture estim\u00e9e":"2 minutes"},"schema":{"@context":"https:\/\/schema.org","@graph":[{"@type":"WebSite","@id":"https:\/\/prodimax-inc.com\/#website","url":"https:\/\/prodimax-inc.com\/","name":"Prodimax","description":"Canadian provider of insulation and thermal services since 1996","potentialAction":[{"@type":"SearchAction","target":{"@type":"EntryPoint","urlTemplate":"https:\/\/prodimax-inc.com\/?s={search_term_string}"},"query-input":"required name=search_term_string"}],"inLanguage":"fr-FR"},{"@type":"WebPage","@id":"https:\/\/prodimax-inc.com\/fr\/produits\/#webpage","url":"https:\/\/prodimax-inc.com\/fr\/produits\/","name":"PRODUITS &ndash; Prodimax","isPartOf":{"@id":"https:\/\/prodimax-inc.com\/#website"},"datePublished":"2015-10-13T13:26:09+00:00","dateModified":"2018-10-11T01:09:17+00:00","breadcrumb":{"@id":"https:\/\/prodimax-inc.com\/fr\/produits\/#breadcrumb"},"inLanguage":"fr-FR","potentialAction":[{"@type":"ReadAction","target":["https:\/\/prodimax-inc.com\/fr\/produits\/"]}]},{"@type":"BreadcrumbList","@id":"https:\/\/prodimax-inc.com\/fr\/produits\/#breadcrumb","itemListElement":[{"@type":"ListItem","position":1,"name":"Home","item":"https:\/\/prodimax-inc.com\/fr\/"},{"@type":"ListItem","position":2,"name":"PRODUITS"}]}]}},"_links":{"self":[{"href":"https:\/\/prodimax-inc.com\/fr\/wp-json\/wp\/v2\/pages\/1143"}],"collection":[{"href":"https:\/\/prodimax-inc.com\/fr\/wp-json\/wp\/v2\/pages"}],"about":[{"href":"https:\/\/prodimax-inc.com\/fr\/wp-json\/wp\/v2\/types\/page"}],"author":[{"embeddable":true,"href":"https:\/\/prodimax-inc.com\/fr\/wp-json\/wp\/v2\/users\/7"}],"replies":[{"embeddable":true,"href":"https:\/\/prodimax-inc.com\/fr\/wp-json\/wp\/v2\/comments?post=1143"}],"version-history":[{"count":5,"href":"https:\/\/prodimax-inc.com\/fr\/wp-json\/wp\/v2\/pages\/1143\/revisions"}],"predecessor-version":[{"id":1615,"href":"https:\/\/prodimax-inc.com\/fr\/wp-json\/wp\/v2\/pages\/1143\/revisions\/1615"}],"wp:attachment":[{"href":"https:\/\/prodimax-inc.com\/fr\/wp-json\/wp\/v2\/media?parent=1143"}],"curies":[{"name":"wp","href":"https:\/\/api.w.org\/{rel}","templated":true}]}}