{"id":1145,"date":"2015-10-13T13:28:08","date_gmt":"2015-10-13T13:28:08","guid":{"rendered":"https:\/\/prodimax-inc.com\/?page_id=1145&#038;lang=fr"},"modified":"2020-03-04T11:06:48","modified_gmt":"2020-03-04T16:06:48","slug":"couvertures-isolantes","status":"publish","type":"page","link":"https:\/\/prodimax-inc.com\/fr\/produits\/couvertures-isolantes\/","title":{"rendered":"Couvertures Isolantes"},"content":{"rendered":"<div class=\"vc_row wpb_row vc_row-fluid\"><div class=\"wpb_column vc_column_container vc_col-sm-8\"><div class=\"wpb_wrapper\">\n\t<div class=\"wpb_text_column wpb_content_element \">\n\t\t<div class=\"wpb_wrapper\">\n\t\t\t<h2><strong><b>Couvertures isolantes amovibles fabriqu\u00e9es sur mesure<\/b><\/strong><\/h2>\n<p>Tout \u00e9quipement requ\u00e9rant des r\u00e9parations ou de l\u2019entretien n\u00e9cessite une solution d\u2019isolation amovible et r\u00e9utilisable. Que ce soit pour couvrir des tuyaux, des vannes, des raccords, des r\u00e9servoirs et des turbines, qui sont tr\u00e8s souvent isol\u00e9s ou que l&rsquo;isolation existante permanente est endommag\u00e9e, retir\u00e9e et non remplac\u00e9e. Des tuyaux, valves et raccords qui ne sont pas isol\u00e9s peuvent pr\u00e9senter des risques de s\u00e9curit\u00e9 et des sources de perte de chaleur.<br \/>\nProdimax r\u00e9alise des conceptions personnalis\u00e9es et fabrique des couvertures isolantes flexibles, amovibles et r\u00e9utilisables pour couvrir presque toutes les surfaces. Celles-ci sont constitu\u00e9es d&rsquo;un mat\u00e9riel non-combustible, un mat\u00e9riau isolant \u00e0 l&rsquo;int\u00e9rieur et un recouvrement ext\u00e9rieur non combustible qui r\u00e9siste aux d\u00e9chirures et \u00e0 l&rsquo;abrasion. Et selon l&rsquo;application ou les pr\u00e9f\u00e9rences du client; des cordes lac\u00e9es \u00e0 travers des \u0153illets, des sangles de Velcro\u00ae ou des sangles \u00e0 boucles maintiendront les couvertures en place.<\/p>\n<ul>\n<li>Utilisations: valves, pompes, tuyaux, brides, soupapes de s\u00e9curit\u00e9, tuyaux d&rsquo;\u00e9chappement, \u00e9crans, contr\u00f4les, \u00e9changeurs de chaleur, extrudeuses, mouleurs, instrumentation, r\u00e9acteurs nucl\u00e9aires, turbines, ventilateurs, barri\u00e8res de stationnement &#8230;<\/li>\n<li>Avantages: fabrication de haute qualit\u00e9 r\u00e9alis\u00e9e \u00e0 la main selon vos mesures, amovibles et r\u00e9utilisables, flexibles, imperm\u00e9ables, sans danger pour l&rsquo;environnement.<\/li>\n<li>Offre: acc\u00e8s pour un entretien rapide et une installation sans outil, contr\u00f4le de la condensation, pr\u00e9vention de la corrosion, r\u00e9duction du bruit, contr\u00f4le ou r\u00e9duction de la chaleur radiante, protection personnelle, maintenance r\u00e9duite des co\u00fbts d&rsquo;\u00e9nergie<\/li>\n<li>R\u00e9sistance: thermique -40\u00baF \u00e0 2000\u00baF et chimique pour 0 pH \u00e0 14pH<\/li>\n<\/ul>\n\n\t\t<\/div> \n\t<\/div> <\/div><\/div><div class=\"wpb_column vc_column_container vc_col-sm-4\"><div class=\"wpb_wrapper\">\n\t<div class=\"wpb_single_image wpb_content_element vc_align_left\">\n\t\t<div class=\"wpb_wrapper\">\n\t\t\t\n\t\t\t<div class=\"vc_single_image-wrapper   vc_box_border_grey\"><img width=\"640\" height=\"469\" src=\"https:\/\/prodimax-inc.com\/wp-content\/uploads\/2015\/10\/insulation-cover-1024x751.jpg\" class=\"vc_single_image-img attachment-large\" alt=\"\" loading=\"lazy\" srcset=\"https:\/\/prodimax-inc.com\/wp-content\/uploads\/2015\/10\/insulation-cover-1024x751.jpg 1024w, https:\/\/prodimax-inc.com\/wp-content\/uploads\/2015\/10\/insulation-cover-600x440.jpg 600w, https:\/\/prodimax-inc.com\/wp-content\/uploads\/2015\/10\/insulation-cover-300x220.jpg 300w, https:\/\/prodimax-inc.com\/wp-content\/uploads\/2015\/10\/insulation-cover-768x563.jpg 768w, https:\/\/prodimax-inc.com\/wp-content\/uploads\/2015\/10\/insulation-cover.jpg 1500w\" sizes=\"(max-width: 640px) 100vw, 640px\" \/><\/div>\n\t\t<\/div> \n\t<\/div> \n\t<div class=\"wpb_text_column wpb_content_element \">\n\t\t<div class=\"wpb_wrapper\">\n\t\t\t\n\t\t<\/div> \n\t<\/div> <a class=\"btn red_btn\" href=\"\/fr\/ressources-2\/\"\n                                                             data-hover=\"FICHES TECHNIQUES\"><span>FICHES TECHNIQUES \t\t<i class=\"fa fa-arrow-right\"><\/i><\/span><\/a><\/div><\/div><\/div>\n","protected":false},"excerpt":{"rendered":"Couvertures isolantes amovibles fabriqu\u00e9es sur mesure Tout \u00e9quipement requ\u00e9rant des r\u00e9parations ou de l\u2019entretien n\u00e9cessite une solution d\u2019isolation amovible et [...]","protected":false},"author":7,"featured_media":0,"parent":1143,"menu_order":1,"comment_status":"closed","ping_status":"closed","template":"","meta":[],"yoast_head":"<!-- This site is optimized with the Yoast SEO plugin v17.8 - https:\/\/yoast.com\/wordpress\/plugins\/seo\/ -->\n<title>Couvertures Isolantes &ndash; Prodimax<\/title>\n<meta name=\"robots\" content=\"index, follow, max-snippet:-1, max-image-preview:large, max-video-preview:-1\" \/>\n<link rel=\"canonical\" href=\"https:\/\/prodimax-inc.com\/fr\/produits\/couvertures-isolantes\/\" \/>\n<meta property=\"og:locale\" content=\"fr_FR\" \/>\n<meta property=\"og:type\" content=\"article\" \/>\n<meta property=\"og:title\" content=\"Couvertures Isolantes &ndash; Prodimax\" \/>\n<meta property=\"og:url\" content=\"https:\/\/prodimax-inc.com\/fr\/produits\/couvertures-isolantes\/\" \/>\n<meta property=\"og:site_name\" content=\"Prodimax\" \/>\n<meta property=\"article:modified_time\" content=\"2020-03-04T16:06:48+00:00\" \/>\n<meta name=\"twitter:card\" content=\"summary_large_image\" \/>\n<meta name=\"twitter:label1\" content=\"Dur\u00e9e de lecture estim\u00e9e\" \/>\n\t<meta name=\"twitter:data1\" content=\"2 minutes\" \/>\n<script type=\"application\/ld+json\" class=\"yoast-schema-graph\">{\"@context\":\"https:\/\/schema.org\",\"@graph\":[{\"@type\":\"WebSite\",\"@id\":\"https:\/\/prodimax-inc.com\/#website\",\"url\":\"https:\/\/prodimax-inc.com\/\",\"name\":\"Prodimax\",\"description\":\"Canadian provider of insulation and thermal services since 1996\",\"potentialAction\":[{\"@type\":\"SearchAction\",\"target\":{\"@type\":\"EntryPoint\",\"urlTemplate\":\"https:\/\/prodimax-inc.com\/?s={search_term_string}\"},\"query-input\":\"required name=search_term_string\"}],\"inLanguage\":\"fr-FR\"},{\"@type\":\"WebPage\",\"@id\":\"https:\/\/prodimax-inc.com\/fr\/produits\/couvertures-isolantes\/#webpage\",\"url\":\"https:\/\/prodimax-inc.com\/fr\/produits\/couvertures-isolantes\/\",\"name\":\"Couvertures Isolantes &ndash; Prodimax\",\"isPartOf\":{\"@id\":\"https:\/\/prodimax-inc.com\/#website\"},\"datePublished\":\"2015-10-13T13:28:08+00:00\",\"dateModified\":\"2020-03-04T16:06:48+00:00\",\"breadcrumb\":{\"@id\":\"https:\/\/prodimax-inc.com\/fr\/produits\/couvertures-isolantes\/#breadcrumb\"},\"inLanguage\":\"fr-FR\",\"potentialAction\":[{\"@type\":\"ReadAction\",\"target\":[\"https:\/\/prodimax-inc.com\/fr\/produits\/couvertures-isolantes\/\"]}]},{\"@type\":\"BreadcrumbList\",\"@id\":\"https:\/\/prodimax-inc.com\/fr\/produits\/couvertures-isolantes\/#breadcrumb\",\"itemListElement\":[{\"@type\":\"ListItem\",\"position\":1,\"name\":\"Home\",\"item\":\"https:\/\/prodimax-inc.com\/fr\/\"},{\"@type\":\"ListItem\",\"position\":2,\"name\":\"PRODUITS\",\"item\":\"https:\/\/prodimax-inc.com\/fr\/produits\/\"},{\"@type\":\"ListItem\",\"position\":3,\"name\":\"Couvertures Isolantes\"}]}]}<\/script>\n<!-- \/ Yoast SEO plugin. -->","yoast_head_json":{"title":"Couvertures Isolantes &ndash; Prodimax","robots":{"index":"index","follow":"follow","max-snippet":"max-snippet:-1","max-image-preview":"max-image-preview:large","max-video-preview":"max-video-preview:-1"},"canonical":"https:\/\/prodimax-inc.com\/fr\/produits\/couvertures-isolantes\/","og_locale":"fr_FR","og_type":"article","og_title":"Couvertures Isolantes &ndash; Prodimax","og_url":"https:\/\/prodimax-inc.com\/fr\/produits\/couvertures-isolantes\/","og_site_name":"Prodimax","article_modified_time":"2020-03-04T16:06:48+00:00","twitter_card":"summary_large_image","twitter_misc":{"Dur\u00e9e de lecture estim\u00e9e":"2 minutes"},"schema":{"@context":"https:\/\/schema.org","@graph":[{"@type":"WebSite","@id":"https:\/\/prodimax-inc.com\/#website","url":"https:\/\/prodimax-inc.com\/","name":"Prodimax","description":"Canadian provider of insulation and thermal services since 1996","potentialAction":[{"@type":"SearchAction","target":{"@type":"EntryPoint","urlTemplate":"https:\/\/prodimax-inc.com\/?s={search_term_string}"},"query-input":"required name=search_term_string"}],"inLanguage":"fr-FR"},{"@type":"WebPage","@id":"https:\/\/prodimax-inc.com\/fr\/produits\/couvertures-isolantes\/#webpage","url":"https:\/\/prodimax-inc.com\/fr\/produits\/couvertures-isolantes\/","name":"Couvertures Isolantes &ndash; Prodimax","isPartOf":{"@id":"https:\/\/prodimax-inc.com\/#website"},"datePublished":"2015-10-13T13:28:08+00:00","dateModified":"2020-03-04T16:06:48+00:00","breadcrumb":{"@id":"https:\/\/prodimax-inc.com\/fr\/produits\/couvertures-isolantes\/#breadcrumb"},"inLanguage":"fr-FR","potentialAction":[{"@type":"ReadAction","target":["https:\/\/prodimax-inc.com\/fr\/produits\/couvertures-isolantes\/"]}]},{"@type":"BreadcrumbList","@id":"https:\/\/prodimax-inc.com\/fr\/produits\/couvertures-isolantes\/#breadcrumb","itemListElement":[{"@type":"ListItem","position":1,"name":"Home","item":"https:\/\/prodimax-inc.com\/fr\/"},{"@type":"ListItem","position":2,"name":"PRODUITS","item":"https:\/\/prodimax-inc.com\/fr\/produits\/"},{"@type":"ListItem","position":3,"name":"Couvertures Isolantes"}]}]}},"_links":{"self":[{"href":"https:\/\/prodimax-inc.com\/fr\/wp-json\/wp\/v2\/pages\/1145"}],"collection":[{"href":"https:\/\/prodimax-inc.com\/fr\/wp-json\/wp\/v2\/pages"}],"about":[{"href":"https:\/\/prodimax-inc.com\/fr\/wp-json\/wp\/v2\/types\/page"}],"author":[{"embeddable":true,"href":"https:\/\/prodimax-inc.com\/fr\/wp-json\/wp\/v2\/users\/7"}],"replies":[{"embeddable":true,"href":"https:\/\/prodimax-inc.com\/fr\/wp-json\/wp\/v2\/comments?post=1145"}],"version-history":[{"count":8,"href":"https:\/\/prodimax-inc.com\/fr\/wp-json\/wp\/v2\/pages\/1145\/revisions"}],"predecessor-version":[{"id":1943,"href":"https:\/\/prodimax-inc.com\/fr\/wp-json\/wp\/v2\/pages\/1145\/revisions\/1943"}],"up":[{"embeddable":true,"href":"https:\/\/prodimax-inc.com\/fr\/wp-json\/wp\/v2\/pages\/1143"}],"wp:attachment":[{"href":"https:\/\/prodimax-inc.com\/fr\/wp-json\/wp\/v2\/media?parent=1145"}],"curies":[{"name":"wp","href":"https:\/\/api.w.org\/{rel}","templated":true}]}}