{"id":1162,"date":"2015-10-13T14:05:30","date_gmt":"2015-10-13T14:05:30","guid":{"rendered":"https:\/\/prodimax-inc.com\/?page_id=1162&#038;lang=fr"},"modified":"2015-10-20T14:34:32","modified_gmt":"2015-10-20T14:34:32","slug":"rideau","status":"publish","type":"page","link":"https:\/\/prodimax-inc.com\/fr\/produits\/rideau\/","title":{"rendered":"Rideau"},"content":{"rendered":"<div class=\"vc_row wpb_row vc_row-fluid\"><div class=\"wpb_column vc_column_container vc_col-sm-8\"><div class=\"wpb_wrapper\">\n\t<div class=\"wpb_text_column wpb_content_element \">\n\t\t<div class=\"wpb_wrapper\">\n\t\t\t<h2>Rideaux de protection et rideaux de soudures fabriqu\u00e9s sur mesure<\/h2>\n<p>Cr\u00e9ez un environnement de travail plus s\u00e9curitaire avec des \u00e9crans de s\u00e9curit\u00e9 Prodimax, des syst\u00e8mes de contr\u00f4le du bruit, des rideaux industriels, et des rideaux \u00e0 bandes. Nous avons un produit pour chaque risque industriel:<br \/>\nLa chaleur, la poussi\u00e8re, l\u2019\u00e9claboussure, les \u00e9tincelles, le m\u00e9tal en fusion ou le bruit.<\/p>\n<p>Un mur\/rideau non permanent, r\u00e9utilisable est une solution flexible pour les environnements en \u00e9volution rapide.<br \/>\nLes murs\/rideaux vont prot\u00e9ger, mais sont \u00e9galement utilis\u00e9s dans le maintien de temp\u00e9ratures et de conservation de l&rsquo;\u00e9nergie.<\/p>\n<ul>\n<li>Fibre de verre<\/li>\n<li>Fibre de verre enduite de silicone<\/li>\n<li>Feuille de silice<\/li>\n<li>PVC<\/li>\n<\/ul>\n\n\t\t<\/div> \n\t<\/div> <\/div><\/div><div class=\"wpb_column vc_column_container vc_col-sm-4\"><div class=\"wpb_wrapper\">\n\t<div class=\"wpb_single_image wpb_content_element vc_align_left\">\n\t\t<div class=\"wpb_wrapper\">\n\t\t\t\n\t\t\t<div class=\"vc_single_image-wrapper   vc_box_border_grey\"><img width=\"640\" height=\"480\" src=\"https:\/\/prodimax-inc.com\/wp-content\/uploads\/2015\/10\/curtains.jpg\" class=\"vc_single_image-img attachment-large\" alt=\"Curtains\" loading=\"lazy\" srcset=\"https:\/\/prodimax-inc.com\/wp-content\/uploads\/2015\/10\/curtains.jpg 700w, https:\/\/prodimax-inc.com\/wp-content\/uploads\/2015\/10\/curtains-600x450.jpg 600w, https:\/\/prodimax-inc.com\/wp-content\/uploads\/2015\/10\/curtains-300x225.jpg 300w, https:\/\/prodimax-inc.com\/wp-content\/uploads\/2015\/10\/curtains-120x90.jpg 120w\" sizes=\"(max-width: 640px) 100vw, 640px\" \/><\/div>\n\t\t<\/div> \n\t<\/div> <\/div><\/div><\/div>\n","protected":false},"excerpt":{"rendered":"Rideaux de protection et rideaux de soudures fabriqu\u00e9s sur mesure Cr\u00e9ez un environnement de travail plus s\u00e9curitaire avec des \u00e9crans [...]","protected":false},"author":7,"featured_media":0,"parent":1143,"menu_order":4,"comment_status":"closed","ping_status":"closed","template":"","meta":[],"yoast_head":"<!-- This site is optimized with the Yoast SEO plugin v17.8 - https:\/\/yoast.com\/wordpress\/plugins\/seo\/ -->\n<title>Rideau &ndash; Prodimax<\/title>\n<meta name=\"robots\" content=\"index, follow, max-snippet:-1, max-image-preview:large, max-video-preview:-1\" \/>\n<link rel=\"canonical\" href=\"https:\/\/prodimax-inc.com\/fr\/produits\/rideau\/\" \/>\n<meta property=\"og:locale\" content=\"fr_FR\" \/>\n<meta property=\"og:type\" content=\"article\" \/>\n<meta property=\"og:title\" content=\"Rideau &ndash; Prodimax\" \/>\n<meta property=\"og:url\" content=\"https:\/\/prodimax-inc.com\/fr\/produits\/rideau\/\" \/>\n<meta property=\"og:site_name\" content=\"Prodimax\" \/>\n<meta property=\"article:modified_time\" content=\"2015-10-20T14:34:32+00:00\" \/>\n<meta name=\"twitter:card\" content=\"summary_large_image\" \/>\n<meta name=\"twitter:label1\" content=\"Dur\u00e9e de lecture estim\u00e9e\" \/>\n\t<meta name=\"twitter:data1\" content=\"1 minute\" \/>\n<script type=\"application\/ld+json\" class=\"yoast-schema-graph\">{\"@context\":\"https:\/\/schema.org\",\"@graph\":[{\"@type\":\"WebSite\",\"@id\":\"https:\/\/prodimax-inc.com\/#website\",\"url\":\"https:\/\/prodimax-inc.com\/\",\"name\":\"Prodimax\",\"description\":\"Canadian provider of insulation and thermal services since 1996\",\"potentialAction\":[{\"@type\":\"SearchAction\",\"target\":{\"@type\":\"EntryPoint\",\"urlTemplate\":\"https:\/\/prodimax-inc.com\/?s={search_term_string}\"},\"query-input\":\"required name=search_term_string\"}],\"inLanguage\":\"fr-FR\"},{\"@type\":\"WebPage\",\"@id\":\"https:\/\/prodimax-inc.com\/fr\/produits\/rideau\/#webpage\",\"url\":\"https:\/\/prodimax-inc.com\/fr\/produits\/rideau\/\",\"name\":\"Rideau &ndash; Prodimax\",\"isPartOf\":{\"@id\":\"https:\/\/prodimax-inc.com\/#website\"},\"datePublished\":\"2015-10-13T14:05:30+00:00\",\"dateModified\":\"2015-10-20T14:34:32+00:00\",\"breadcrumb\":{\"@id\":\"https:\/\/prodimax-inc.com\/fr\/produits\/rideau\/#breadcrumb\"},\"inLanguage\":\"fr-FR\",\"potentialAction\":[{\"@type\":\"ReadAction\",\"target\":[\"https:\/\/prodimax-inc.com\/fr\/produits\/rideau\/\"]}]},{\"@type\":\"BreadcrumbList\",\"@id\":\"https:\/\/prodimax-inc.com\/fr\/produits\/rideau\/#breadcrumb\",\"itemListElement\":[{\"@type\":\"ListItem\",\"position\":1,\"name\":\"Home\",\"item\":\"https:\/\/prodimax-inc.com\/fr\/\"},{\"@type\":\"ListItem\",\"position\":2,\"name\":\"PRODUITS\",\"item\":\"https:\/\/prodimax-inc.com\/fr\/produits\/\"},{\"@type\":\"ListItem\",\"position\":3,\"name\":\"Rideau\"}]}]}<\/script>\n<!-- \/ Yoast SEO plugin. -->","yoast_head_json":{"title":"Rideau &ndash; Prodimax","robots":{"index":"index","follow":"follow","max-snippet":"max-snippet:-1","max-image-preview":"max-image-preview:large","max-video-preview":"max-video-preview:-1"},"canonical":"https:\/\/prodimax-inc.com\/fr\/produits\/rideau\/","og_locale":"fr_FR","og_type":"article","og_title":"Rideau &ndash; Prodimax","og_url":"https:\/\/prodimax-inc.com\/fr\/produits\/rideau\/","og_site_name":"Prodimax","article_modified_time":"2015-10-20T14:34:32+00:00","twitter_card":"summary_large_image","twitter_misc":{"Dur\u00e9e de lecture estim\u00e9e":"1 minute"},"schema":{"@context":"https:\/\/schema.org","@graph":[{"@type":"WebSite","@id":"https:\/\/prodimax-inc.com\/#website","url":"https:\/\/prodimax-inc.com\/","name":"Prodimax","description":"Canadian provider of insulation and thermal services since 1996","potentialAction":[{"@type":"SearchAction","target":{"@type":"EntryPoint","urlTemplate":"https:\/\/prodimax-inc.com\/?s={search_term_string}"},"query-input":"required name=search_term_string"}],"inLanguage":"fr-FR"},{"@type":"WebPage","@id":"https:\/\/prodimax-inc.com\/fr\/produits\/rideau\/#webpage","url":"https:\/\/prodimax-inc.com\/fr\/produits\/rideau\/","name":"Rideau &ndash; Prodimax","isPartOf":{"@id":"https:\/\/prodimax-inc.com\/#website"},"datePublished":"2015-10-13T14:05:30+00:00","dateModified":"2015-10-20T14:34:32+00:00","breadcrumb":{"@id":"https:\/\/prodimax-inc.com\/fr\/produits\/rideau\/#breadcrumb"},"inLanguage":"fr-FR","potentialAction":[{"@type":"ReadAction","target":["https:\/\/prodimax-inc.com\/fr\/produits\/rideau\/"]}]},{"@type":"BreadcrumbList","@id":"https:\/\/prodimax-inc.com\/fr\/produits\/rideau\/#breadcrumb","itemListElement":[{"@type":"ListItem","position":1,"name":"Home","item":"https:\/\/prodimax-inc.com\/fr\/"},{"@type":"ListItem","position":2,"name":"PRODUITS","item":"https:\/\/prodimax-inc.com\/fr\/produits\/"},{"@type":"ListItem","position":3,"name":"Rideau"}]}]}},"_links":{"self":[{"href":"https:\/\/prodimax-inc.com\/fr\/wp-json\/wp\/v2\/pages\/1162"}],"collection":[{"href":"https:\/\/prodimax-inc.com\/fr\/wp-json\/wp\/v2\/pages"}],"about":[{"href":"https:\/\/prodimax-inc.com\/fr\/wp-json\/wp\/v2\/types\/page"}],"author":[{"embeddable":true,"href":"https:\/\/prodimax-inc.com\/fr\/wp-json\/wp\/v2\/users\/7"}],"replies":[{"embeddable":true,"href":"https:\/\/prodimax-inc.com\/fr\/wp-json\/wp\/v2\/comments?post=1162"}],"version-history":[{"count":3,"href":"https:\/\/prodimax-inc.com\/fr\/wp-json\/wp\/v2\/pages\/1162\/revisions"}],"predecessor-version":[{"id":1372,"href":"https:\/\/prodimax-inc.com\/fr\/wp-json\/wp\/v2\/pages\/1162\/revisions\/1372"}],"up":[{"embeddable":true,"href":"https:\/\/prodimax-inc.com\/fr\/wp-json\/wp\/v2\/pages\/1143"}],"wp:attachment":[{"href":"https:\/\/prodimax-inc.com\/fr\/wp-json\/wp\/v2\/media?parent=1162"}],"curies":[{"name":"wp","href":"https:\/\/api.w.org\/{rel}","templated":true}]}}