{"id":1167,"date":"2015-10-13T14:11:07","date_gmt":"2015-10-13T14:11:07","guid":{"rendered":"https:\/\/prodimax-inc.com\/?page_id=1167&#038;lang=fr"},"modified":"2015-10-20T13:25:31","modified_gmt":"2015-10-20T13:25:31","slug":"couverture-acoustique","status":"publish","type":"page","link":"https:\/\/prodimax-inc.com\/fr\/produits\/couverture-acoustique\/","title":{"rendered":"Couverture acoustique"},"content":{"rendered":"<div class=\"vc_row wpb_row vc_row-fluid\"><div class=\"wpb_column vc_column_container vc_col-sm-8\"><div class=\"wpb_wrapper\">\n\t<div class=\"wpb_text_column wpb_content_element \">\n\t\t<div class=\"wpb_wrapper\">\n\t\t\t<h2>Couverture acoustique sur mesure<\/h2>\n<p>Pour l&rsquo;att\u00e9nuation acoustique, nos couvertures amovibles, con\u00e7u sur mesure pour r\u00e9pondre \u00e0 des applications sp\u00e9cifiques, sauront offrir une grande performance et apparence. Le rendement augmente selon l&rsquo;augmentation de la fr\u00e9quence du bruit de l&rsquo;application. La conception des couvertures peut comprendre une double couche s\u00e9par\u00e9e par un intervalle d&rsquo;air, ce qui augmente de mani\u00e8re significative la performance acoustique, ce qui permet la r\u00e9duction du bruit dans de nombreux cas.<br \/>\nLes couvertures Prodimax sont \u00e9galement reconnues pour r\u00e9duire les vibrations, prot\u00e9geant ainsi l&rsquo;\u00e9quipement existant et les installations permanentes contre les dommages relatifs pouvant se produire au fil du temps.<\/p>\n<ul>\n<li>Int\u00e9rieur ou ext\u00e9rieur<\/li>\n<li>Murs ou des barri\u00e8res suivants les contours; partielle ou compl\u00e8te<\/li>\n<li>Haute et basse fr\u00e9quence<\/li>\n<\/ul>\n<p>&nbsp;<\/p>\n\n\t\t<\/div> \n\t<\/div> <\/div><\/div><div class=\"wpb_column vc_column_container vc_col-sm-4\"><div class=\"wpb_wrapper\">\n\t<div class=\"wpb_single_image wpb_content_element vc_align_center\">\n\t\t<div class=\"wpb_wrapper\">\n\t\t\t\n\t\t\t<div class=\"vc_single_image-wrapper   vc_box_border_grey\"><img width=\"282\" height=\"300\" src=\"https:\/\/prodimax-inc.com\/wp-content\/uploads\/2015\/10\/imperial01-after-282x300.jpg\" class=\"vc_single_image-img attachment-medium\" alt=\"Acoustic Covers\" loading=\"lazy\" srcset=\"https:\/\/prodimax-inc.com\/wp-content\/uploads\/2015\/10\/imperial01-after-282x300.jpg 282w, https:\/\/prodimax-inc.com\/wp-content\/uploads\/2015\/10\/imperial01-after-600x637.jpg 600w, https:\/\/prodimax-inc.com\/wp-content\/uploads\/2015\/10\/imperial01-after-964x1024.jpg 964w, https:\/\/prodimax-inc.com\/wp-content\/uploads\/2015\/10\/imperial01-after-723x768.jpg 723w\" sizes=\"(max-width: 282px) 100vw, 282px\" \/><\/div>\n\t\t<\/div> \n\t<\/div> <\/div><\/div><\/div>\n","protected":false},"excerpt":{"rendered":"Couverture acoustique sur mesure Pour l'att\u00e9nuation acoustique, nos couvertures amovibles, con\u00e7u sur mesure pour r\u00e9pondre \u00e0 des applications sp\u00e9cifiques, sauront [...]","protected":false},"author":7,"featured_media":0,"parent":1143,"menu_order":3,"comment_status":"closed","ping_status":"closed","template":"","meta":[],"yoast_head":"<!-- This site is optimized with the Yoast SEO plugin v17.8 - https:\/\/yoast.com\/wordpress\/plugins\/seo\/ -->\n<title>Couverture acoustique &ndash; Prodimax<\/title>\n<meta name=\"robots\" content=\"index, follow, max-snippet:-1, max-image-preview:large, max-video-preview:-1\" \/>\n<link rel=\"canonical\" href=\"https:\/\/prodimax-inc.com\/fr\/produits\/couverture-acoustique\/\" \/>\n<meta property=\"og:locale\" content=\"fr_FR\" \/>\n<meta property=\"og:type\" content=\"article\" \/>\n<meta property=\"og:title\" content=\"Couverture acoustique &ndash; Prodimax\" \/>\n<meta property=\"og:url\" content=\"https:\/\/prodimax-inc.com\/fr\/produits\/couverture-acoustique\/\" \/>\n<meta property=\"og:site_name\" content=\"Prodimax\" \/>\n<meta property=\"article:modified_time\" content=\"2015-10-20T13:25:31+00:00\" \/>\n<meta name=\"twitter:card\" content=\"summary_large_image\" \/>\n<meta name=\"twitter:label1\" content=\"Dur\u00e9e de lecture estim\u00e9e\" \/>\n\t<meta name=\"twitter:data1\" content=\"1 minute\" \/>\n<script type=\"application\/ld+json\" class=\"yoast-schema-graph\">{\"@context\":\"https:\/\/schema.org\",\"@graph\":[{\"@type\":\"WebSite\",\"@id\":\"https:\/\/prodimax-inc.com\/#website\",\"url\":\"https:\/\/prodimax-inc.com\/\",\"name\":\"Prodimax\",\"description\":\"Canadian provider of insulation and thermal services since 1996\",\"potentialAction\":[{\"@type\":\"SearchAction\",\"target\":{\"@type\":\"EntryPoint\",\"urlTemplate\":\"https:\/\/prodimax-inc.com\/?s={search_term_string}\"},\"query-input\":\"required name=search_term_string\"}],\"inLanguage\":\"fr-FR\"},{\"@type\":\"WebPage\",\"@id\":\"https:\/\/prodimax-inc.com\/fr\/produits\/couverture-acoustique\/#webpage\",\"url\":\"https:\/\/prodimax-inc.com\/fr\/produits\/couverture-acoustique\/\",\"name\":\"Couverture acoustique &ndash; Prodimax\",\"isPartOf\":{\"@id\":\"https:\/\/prodimax-inc.com\/#website\"},\"datePublished\":\"2015-10-13T14:11:07+00:00\",\"dateModified\":\"2015-10-20T13:25:31+00:00\",\"breadcrumb\":{\"@id\":\"https:\/\/prodimax-inc.com\/fr\/produits\/couverture-acoustique\/#breadcrumb\"},\"inLanguage\":\"fr-FR\",\"potentialAction\":[{\"@type\":\"ReadAction\",\"target\":[\"https:\/\/prodimax-inc.com\/fr\/produits\/couverture-acoustique\/\"]}]},{\"@type\":\"BreadcrumbList\",\"@id\":\"https:\/\/prodimax-inc.com\/fr\/produits\/couverture-acoustique\/#breadcrumb\",\"itemListElement\":[{\"@type\":\"ListItem\",\"position\":1,\"name\":\"Home\",\"item\":\"https:\/\/prodimax-inc.com\/fr\/\"},{\"@type\":\"ListItem\",\"position\":2,\"name\":\"PRODUITS\",\"item\":\"https:\/\/prodimax-inc.com\/fr\/produits\/\"},{\"@type\":\"ListItem\",\"position\":3,\"name\":\"Couverture acoustique\"}]}]}<\/script>\n<!-- \/ Yoast SEO plugin. -->","yoast_head_json":{"title":"Couverture acoustique &ndash; Prodimax","robots":{"index":"index","follow":"follow","max-snippet":"max-snippet:-1","max-image-preview":"max-image-preview:large","max-video-preview":"max-video-preview:-1"},"canonical":"https:\/\/prodimax-inc.com\/fr\/produits\/couverture-acoustique\/","og_locale":"fr_FR","og_type":"article","og_title":"Couverture acoustique &ndash; Prodimax","og_url":"https:\/\/prodimax-inc.com\/fr\/produits\/couverture-acoustique\/","og_site_name":"Prodimax","article_modified_time":"2015-10-20T13:25:31+00:00","twitter_card":"summary_large_image","twitter_misc":{"Dur\u00e9e de lecture estim\u00e9e":"1 minute"},"schema":{"@context":"https:\/\/schema.org","@graph":[{"@type":"WebSite","@id":"https:\/\/prodimax-inc.com\/#website","url":"https:\/\/prodimax-inc.com\/","name":"Prodimax","description":"Canadian provider of insulation and thermal services since 1996","potentialAction":[{"@type":"SearchAction","target":{"@type":"EntryPoint","urlTemplate":"https:\/\/prodimax-inc.com\/?s={search_term_string}"},"query-input":"required name=search_term_string"}],"inLanguage":"fr-FR"},{"@type":"WebPage","@id":"https:\/\/prodimax-inc.com\/fr\/produits\/couverture-acoustique\/#webpage","url":"https:\/\/prodimax-inc.com\/fr\/produits\/couverture-acoustique\/","name":"Couverture acoustique &ndash; Prodimax","isPartOf":{"@id":"https:\/\/prodimax-inc.com\/#website"},"datePublished":"2015-10-13T14:11:07+00:00","dateModified":"2015-10-20T13:25:31+00:00","breadcrumb":{"@id":"https:\/\/prodimax-inc.com\/fr\/produits\/couverture-acoustique\/#breadcrumb"},"inLanguage":"fr-FR","potentialAction":[{"@type":"ReadAction","target":["https:\/\/prodimax-inc.com\/fr\/produits\/couverture-acoustique\/"]}]},{"@type":"BreadcrumbList","@id":"https:\/\/prodimax-inc.com\/fr\/produits\/couverture-acoustique\/#breadcrumb","itemListElement":[{"@type":"ListItem","position":1,"name":"Home","item":"https:\/\/prodimax-inc.com\/fr\/"},{"@type":"ListItem","position":2,"name":"PRODUITS","item":"https:\/\/prodimax-inc.com\/fr\/produits\/"},{"@type":"ListItem","position":3,"name":"Couverture acoustique"}]}]}},"_links":{"self":[{"href":"https:\/\/prodimax-inc.com\/fr\/wp-json\/wp\/v2\/pages\/1167"}],"collection":[{"href":"https:\/\/prodimax-inc.com\/fr\/wp-json\/wp\/v2\/pages"}],"about":[{"href":"https:\/\/prodimax-inc.com\/fr\/wp-json\/wp\/v2\/types\/page"}],"author":[{"embeddable":true,"href":"https:\/\/prodimax-inc.com\/fr\/wp-json\/wp\/v2\/users\/7"}],"replies":[{"embeddable":true,"href":"https:\/\/prodimax-inc.com\/fr\/wp-json\/wp\/v2\/comments?post=1167"}],"version-history":[{"count":5,"href":"https:\/\/prodimax-inc.com\/fr\/wp-json\/wp\/v2\/pages\/1167\/revisions"}],"predecessor-version":[{"id":1356,"href":"https:\/\/prodimax-inc.com\/fr\/wp-json\/wp\/v2\/pages\/1167\/revisions\/1356"}],"up":[{"embeddable":true,"href":"https:\/\/prodimax-inc.com\/fr\/wp-json\/wp\/v2\/pages\/1143"}],"wp:attachment":[{"href":"https:\/\/prodimax-inc.com\/fr\/wp-json\/wp\/v2\/media?parent=1167"}],"curies":[{"name":"wp","href":"https:\/\/api.w.org\/{rel}","templated":true}]}}