{"id":1170,"date":"2015-10-13T14:13:33","date_gmt":"2015-10-13T14:13:33","guid":{"rendered":"https:\/\/prodimax-inc.com\/?page_id=1170&#038;lang=fr"},"modified":"2015-10-20T14:35:42","modified_gmt":"2015-10-20T14:35:42","slug":"joint-dexpansion","status":"publish","type":"page","link":"https:\/\/prodimax-inc.com\/fr\/produits\/joint-dexpansion\/","title":{"rendered":"Joint d\u2019expansion"},"content":{"rendered":"<div class=\"vc_row wpb_row vc_row-fluid\"><div class=\"wpb_column vc_column_container vc_col-sm-8\"><div class=\"wpb_wrapper\">\n\t<div class=\"wpb_text_column wpb_content_element \">\n\t\t<div class=\"wpb_wrapper\">\n\t\t\t<h2>Joints expansion sur mesure pour hautes temp\u00e9ratures<\/h2>\n<p>Les joints d\u2019expansion de tuyaux, aussi connu comme compensateurs, sont souvent des composants n\u00e9glig\u00e9s du syst\u00e8me de tuyauterie \u00e0 travers laquelle beaucoup de chaleur peut \u00eatre perdue.<br \/>\nLes joints d\u2019expansion absorbent le mouvement, les vibrations, et &#8211; comme son nom l&rsquo;indique &#8211; l&rsquo;expansion dans le syst\u00e8me. Parce que le joint d\u2019expansion doit \u00eatre souple, une isolation en place rigide n\u2019est souvent pas une option viable. En cons\u00e9quence, les joints d\u2019expansion sont souvent compl\u00e8tement sans isolation.<br \/>\nLes joints d\u2019expansion utilis\u00e9s dans les syst\u00e8mes de haute temp\u00e9rature peuvent devenir extr\u00eamement chauds et peuvent causer un gaspillage consid\u00e9rable de pr\u00e9cieuse \u00e9nergie.<\/p>\n<ul>\n<li>Fabrication, r\u00e9parations et entretien<\/li>\n<li>S\u2019adapte aux conditions d&rsquo;exploitation telles que l&rsquo;absorption de vibrations, de chocs et le d\u00e9salignement mineur de conduit<\/li>\n<\/ul>\n\n\t\t<\/div> \n\t<\/div> <\/div><\/div><div class=\"wpb_column vc_column_container vc_col-sm-4\"><div class=\"wpb_wrapper\">\n\t<div class=\"wpb_single_image wpb_content_element vc_align_center\">\n\t\t<div class=\"wpb_wrapper\">\n\t\t\t\n\t\t\t<div class=\"vc_single_image-wrapper   vc_box_border_grey\"><img width=\"640\" height=\"293\" src=\"https:\/\/prodimax-inc.com\/wp-content\/uploads\/2015\/10\/rec-joint01.jpg\" class=\"vc_single_image-img attachment-large\" alt=\"\" loading=\"lazy\" srcset=\"https:\/\/prodimax-inc.com\/wp-content\/uploads\/2015\/10\/rec-joint01.jpg 650w, https:\/\/prodimax-inc.com\/wp-content\/uploads\/2015\/10\/rec-joint01-600x275.jpg 600w, https:\/\/prodimax-inc.com\/wp-content\/uploads\/2015\/10\/rec-joint01-300x138.jpg 300w\" sizes=\"(max-width: 640px) 100vw, 640px\" \/><\/div>\n\t\t<\/div> \n\t<\/div> <\/div><\/div><\/div>\n","protected":false},"excerpt":{"rendered":"Joints expansion sur mesure pour hautes temp\u00e9ratures Les joints d\u2019expansion de tuyaux, aussi connu comme compensateurs, sont souvent des composants [...]","protected":false},"author":7,"featured_media":0,"parent":1143,"menu_order":6,"comment_status":"closed","ping_status":"closed","template":"","meta":[],"yoast_head":"<!-- This site is optimized with the Yoast SEO plugin v17.8 - https:\/\/yoast.com\/wordpress\/plugins\/seo\/ -->\n<title>Joint d\u2019expansion &ndash; Prodimax<\/title>\n<meta name=\"robots\" content=\"index, follow, max-snippet:-1, max-image-preview:large, max-video-preview:-1\" \/>\n<link rel=\"canonical\" href=\"https:\/\/prodimax-inc.com\/fr\/produits\/joint-dexpansion\/\" \/>\n<meta property=\"og:locale\" content=\"fr_FR\" \/>\n<meta property=\"og:type\" content=\"article\" \/>\n<meta property=\"og:title\" content=\"Joint d\u2019expansion &ndash; Prodimax\" \/>\n<meta property=\"og:url\" content=\"https:\/\/prodimax-inc.com\/fr\/produits\/joint-dexpansion\/\" \/>\n<meta property=\"og:site_name\" content=\"Prodimax\" \/>\n<meta property=\"article:modified_time\" content=\"2015-10-20T14:35:42+00:00\" \/>\n<meta name=\"twitter:card\" content=\"summary_large_image\" \/>\n<meta name=\"twitter:label1\" content=\"Dur\u00e9e de lecture estim\u00e9e\" \/>\n\t<meta name=\"twitter:data1\" content=\"1 minute\" \/>\n<script type=\"application\/ld+json\" class=\"yoast-schema-graph\">{\"@context\":\"https:\/\/schema.org\",\"@graph\":[{\"@type\":\"WebSite\",\"@id\":\"https:\/\/prodimax-inc.com\/#website\",\"url\":\"https:\/\/prodimax-inc.com\/\",\"name\":\"Prodimax\",\"description\":\"Canadian provider of insulation and thermal services since 1996\",\"potentialAction\":[{\"@type\":\"SearchAction\",\"target\":{\"@type\":\"EntryPoint\",\"urlTemplate\":\"https:\/\/prodimax-inc.com\/?s={search_term_string}\"},\"query-input\":\"required name=search_term_string\"}],\"inLanguage\":\"fr-FR\"},{\"@type\":\"WebPage\",\"@id\":\"https:\/\/prodimax-inc.com\/fr\/produits\/joint-dexpansion\/#webpage\",\"url\":\"https:\/\/prodimax-inc.com\/fr\/produits\/joint-dexpansion\/\",\"name\":\"Joint d\\u2019expansion &ndash; Prodimax\",\"isPartOf\":{\"@id\":\"https:\/\/prodimax-inc.com\/#website\"},\"datePublished\":\"2015-10-13T14:13:33+00:00\",\"dateModified\":\"2015-10-20T14:35:42+00:00\",\"breadcrumb\":{\"@id\":\"https:\/\/prodimax-inc.com\/fr\/produits\/joint-dexpansion\/#breadcrumb\"},\"inLanguage\":\"fr-FR\",\"potentialAction\":[{\"@type\":\"ReadAction\",\"target\":[\"https:\/\/prodimax-inc.com\/fr\/produits\/joint-dexpansion\/\"]}]},{\"@type\":\"BreadcrumbList\",\"@id\":\"https:\/\/prodimax-inc.com\/fr\/produits\/joint-dexpansion\/#breadcrumb\",\"itemListElement\":[{\"@type\":\"ListItem\",\"position\":1,\"name\":\"Home\",\"item\":\"https:\/\/prodimax-inc.com\/fr\/\"},{\"@type\":\"ListItem\",\"position\":2,\"name\":\"PRODUITS\",\"item\":\"https:\/\/prodimax-inc.com\/fr\/produits\/\"},{\"@type\":\"ListItem\",\"position\":3,\"name\":\"Joint d\\u2019expansion\"}]}]}<\/script>\n<!-- \/ Yoast SEO plugin. -->","yoast_head_json":{"title":"Joint d\u2019expansion &ndash; Prodimax","robots":{"index":"index","follow":"follow","max-snippet":"max-snippet:-1","max-image-preview":"max-image-preview:large","max-video-preview":"max-video-preview:-1"},"canonical":"https:\/\/prodimax-inc.com\/fr\/produits\/joint-dexpansion\/","og_locale":"fr_FR","og_type":"article","og_title":"Joint d\u2019expansion &ndash; Prodimax","og_url":"https:\/\/prodimax-inc.com\/fr\/produits\/joint-dexpansion\/","og_site_name":"Prodimax","article_modified_time":"2015-10-20T14:35:42+00:00","twitter_card":"summary_large_image","twitter_misc":{"Dur\u00e9e de lecture estim\u00e9e":"1 minute"},"schema":{"@context":"https:\/\/schema.org","@graph":[{"@type":"WebSite","@id":"https:\/\/prodimax-inc.com\/#website","url":"https:\/\/prodimax-inc.com\/","name":"Prodimax","description":"Canadian provider of insulation and thermal services since 1996","potentialAction":[{"@type":"SearchAction","target":{"@type":"EntryPoint","urlTemplate":"https:\/\/prodimax-inc.com\/?s={search_term_string}"},"query-input":"required name=search_term_string"}],"inLanguage":"fr-FR"},{"@type":"WebPage","@id":"https:\/\/prodimax-inc.com\/fr\/produits\/joint-dexpansion\/#webpage","url":"https:\/\/prodimax-inc.com\/fr\/produits\/joint-dexpansion\/","name":"Joint d\u2019expansion &ndash; Prodimax","isPartOf":{"@id":"https:\/\/prodimax-inc.com\/#website"},"datePublished":"2015-10-13T14:13:33+00:00","dateModified":"2015-10-20T14:35:42+00:00","breadcrumb":{"@id":"https:\/\/prodimax-inc.com\/fr\/produits\/joint-dexpansion\/#breadcrumb"},"inLanguage":"fr-FR","potentialAction":[{"@type":"ReadAction","target":["https:\/\/prodimax-inc.com\/fr\/produits\/joint-dexpansion\/"]}]},{"@type":"BreadcrumbList","@id":"https:\/\/prodimax-inc.com\/fr\/produits\/joint-dexpansion\/#breadcrumb","itemListElement":[{"@type":"ListItem","position":1,"name":"Home","item":"https:\/\/prodimax-inc.com\/fr\/"},{"@type":"ListItem","position":2,"name":"PRODUITS","item":"https:\/\/prodimax-inc.com\/fr\/produits\/"},{"@type":"ListItem","position":3,"name":"Joint d\u2019expansion"}]}]}},"_links":{"self":[{"href":"https:\/\/prodimax-inc.com\/fr\/wp-json\/wp\/v2\/pages\/1170"}],"collection":[{"href":"https:\/\/prodimax-inc.com\/fr\/wp-json\/wp\/v2\/pages"}],"about":[{"href":"https:\/\/prodimax-inc.com\/fr\/wp-json\/wp\/v2\/types\/page"}],"author":[{"embeddable":true,"href":"https:\/\/prodimax-inc.com\/fr\/wp-json\/wp\/v2\/users\/7"}],"replies":[{"embeddable":true,"href":"https:\/\/prodimax-inc.com\/fr\/wp-json\/wp\/v2\/comments?post=1170"}],"version-history":[{"count":2,"href":"https:\/\/prodimax-inc.com\/fr\/wp-json\/wp\/v2\/pages\/1170\/revisions"}],"predecessor-version":[{"id":1373,"href":"https:\/\/prodimax-inc.com\/fr\/wp-json\/wp\/v2\/pages\/1170\/revisions\/1373"}],"up":[{"embeddable":true,"href":"https:\/\/prodimax-inc.com\/fr\/wp-json\/wp\/v2\/pages\/1143"}],"wp:attachment":[{"href":"https:\/\/prodimax-inc.com\/fr\/wp-json\/wp\/v2\/media?parent=1170"}],"curies":[{"name":"wp","href":"https:\/\/api.w.org\/{rel}","templated":true}]}}