{"id":1172,"date":"2015-10-13T14:15:55","date_gmt":"2015-10-13T14:15:55","guid":{"rendered":"https:\/\/prodimax-inc.com\/?page_id=1172&#038;lang=fr"},"modified":"2015-10-20T14:38:04","modified_gmt":"2015-10-20T14:38:04","slug":"haute-temperature","status":"publish","type":"page","link":"https:\/\/prodimax-inc.com\/fr\/produits\/haute-temperature\/","title":{"rendered":"Haute temp\u00e9rature"},"content":{"rendered":"<div class=\"vc_row wpb_row vc_row-fluid\"><div class=\"wpb_column vc_column_container vc_col-sm-8\"><div class=\"wpb_wrapper\">\n\t<div class=\"wpb_text_column wpb_content_element \">\n\t\t<div class=\"wpb_wrapper\">\n\t\t\t<h2>Produits pour hautes temp\u00e9ratures<\/h2>\n<p>Un isolant de haute qualit\u00e9 ad\u00e9quate permettra de minimiser les pertes d&rsquo;\u00e9nergie; les co\u00fbts d&rsquo;exploitation et am\u00e9liorer la s\u00e9curit\u00e9 du personnel. Tout cela vous aidera \u00e0 r\u00e9duire votre co\u00fbt total de possession de l&rsquo;\u00e9quipement et des installations notamment et de r\u00e9duire votre empreinte environnementale.<br \/>\nLes produits de haute temp\u00e9rature Prodimax sont utilis\u00e9s dans l&rsquo;industrie p\u00e9trochimique, p\u00e2tes et papiers, la production d&rsquo;\u00e9nergie, le nucl\u00e9aire, l&rsquo;exploitation mini\u00e8re, la transformation des m\u00e9taux, les plastiques, le traitement chimique, la fabrication, le transport, l&rsquo;a\u00e9rospatiale et les industries marines.<br \/>\nProdimax utilise et distribue certains produits d\u2019un partenaire de production d\u2019isolants de haute qualit\u00e9 tels que le biosoluble Treo\u2122, et l&rsquo;ultra l\u00e9ger Insulite\u2122.<\/p>\n<ul>\n<li>Tissu: fibre de verre, silicone ou PTFE recouvert de fibre de verre, tissu de silice<\/li>\n<li>Natte: c\u00e9ramique, fibre de verre, de la silice, Insulite\u00ae, Treo\u00ae<\/li>\n<\/ul>\n\n\t\t<\/div> \n\t<\/div> <\/div><\/div><div class=\"wpb_column vc_column_container vc_col-sm-4\"><div class=\"wpb_wrapper\">\n\t<div class=\"wpb_single_image wpb_content_element vc_align_left\">\n\t\t<div class=\"wpb_wrapper\">\n\t\t\t\n\t\t\t<div class=\"vc_single_image-wrapper   vc_box_border_grey\"><img width=\"609\" height=\"459\" src=\"https:\/\/prodimax-inc.com\/wp-content\/uploads\/2015\/10\/ht-insulation.jpg\" class=\"vc_single_image-img attachment-large\" alt=\"High temperature\" loading=\"lazy\" srcset=\"https:\/\/prodimax-inc.com\/wp-content\/uploads\/2015\/10\/ht-insulation.jpg 609w, https:\/\/prodimax-inc.com\/wp-content\/uploads\/2015\/10\/ht-insulation-600x452.jpg 600w, https:\/\/prodimax-inc.com\/wp-content\/uploads\/2015\/10\/ht-insulation-300x226.jpg 300w, https:\/\/prodimax-inc.com\/wp-content\/uploads\/2015\/10\/ht-insulation-120x90.jpg 120w\" sizes=\"(max-width: 609px) 100vw, 609px\" \/><\/div>\n\t\t<\/div> \n\t<\/div> <\/div><\/div><\/div>\n","protected":false},"excerpt":{"rendered":"Produits pour hautes temp\u00e9ratures Un isolant de haute qualit\u00e9 ad\u00e9quate permettra de minimiser les pertes d'\u00e9nergie; les co\u00fbts d'exploitation et [...]","protected":false},"author":7,"featured_media":0,"parent":1143,"menu_order":5,"comment_status":"closed","ping_status":"closed","template":"","meta":[],"yoast_head":"<!-- This site is optimized with the Yoast SEO plugin v17.8 - https:\/\/yoast.com\/wordpress\/plugins\/seo\/ -->\n<title>Haute temp\u00e9rature &ndash; Prodimax<\/title>\n<meta name=\"robots\" content=\"index, follow, max-snippet:-1, max-image-preview:large, max-video-preview:-1\" \/>\n<link rel=\"canonical\" href=\"https:\/\/prodimax-inc.com\/fr\/produits\/haute-temperature\/\" \/>\n<meta property=\"og:locale\" content=\"fr_FR\" \/>\n<meta property=\"og:type\" content=\"article\" \/>\n<meta property=\"og:title\" content=\"Haute temp\u00e9rature &ndash; Prodimax\" \/>\n<meta property=\"og:url\" content=\"https:\/\/prodimax-inc.com\/fr\/produits\/haute-temperature\/\" \/>\n<meta property=\"og:site_name\" content=\"Prodimax\" \/>\n<meta property=\"article:modified_time\" content=\"2015-10-20T14:38:04+00:00\" \/>\n<meta name=\"twitter:card\" content=\"summary_large_image\" \/>\n<meta name=\"twitter:label1\" content=\"Dur\u00e9e de lecture estim\u00e9e\" \/>\n\t<meta name=\"twitter:data1\" content=\"1 minute\" \/>\n<script type=\"application\/ld+json\" class=\"yoast-schema-graph\">{\"@context\":\"https:\/\/schema.org\",\"@graph\":[{\"@type\":\"WebSite\",\"@id\":\"https:\/\/prodimax-inc.com\/#website\",\"url\":\"https:\/\/prodimax-inc.com\/\",\"name\":\"Prodimax\",\"description\":\"Canadian provider of insulation and thermal services since 1996\",\"potentialAction\":[{\"@type\":\"SearchAction\",\"target\":{\"@type\":\"EntryPoint\",\"urlTemplate\":\"https:\/\/prodimax-inc.com\/?s={search_term_string}\"},\"query-input\":\"required name=search_term_string\"}],\"inLanguage\":\"fr-FR\"},{\"@type\":\"WebPage\",\"@id\":\"https:\/\/prodimax-inc.com\/fr\/produits\/haute-temperature\/#webpage\",\"url\":\"https:\/\/prodimax-inc.com\/fr\/produits\/haute-temperature\/\",\"name\":\"Haute temp\\u00e9rature &ndash; Prodimax\",\"isPartOf\":{\"@id\":\"https:\/\/prodimax-inc.com\/#website\"},\"datePublished\":\"2015-10-13T14:15:55+00:00\",\"dateModified\":\"2015-10-20T14:38:04+00:00\",\"breadcrumb\":{\"@id\":\"https:\/\/prodimax-inc.com\/fr\/produits\/haute-temperature\/#breadcrumb\"},\"inLanguage\":\"fr-FR\",\"potentialAction\":[{\"@type\":\"ReadAction\",\"target\":[\"https:\/\/prodimax-inc.com\/fr\/produits\/haute-temperature\/\"]}]},{\"@type\":\"BreadcrumbList\",\"@id\":\"https:\/\/prodimax-inc.com\/fr\/produits\/haute-temperature\/#breadcrumb\",\"itemListElement\":[{\"@type\":\"ListItem\",\"position\":1,\"name\":\"Home\",\"item\":\"https:\/\/prodimax-inc.com\/fr\/\"},{\"@type\":\"ListItem\",\"position\":2,\"name\":\"PRODUITS\",\"item\":\"https:\/\/prodimax-inc.com\/fr\/produits\/\"},{\"@type\":\"ListItem\",\"position\":3,\"name\":\"Haute temp\\u00e9rature\"}]}]}<\/script>\n<!-- \/ Yoast SEO plugin. -->","yoast_head_json":{"title":"Haute temp\u00e9rature &ndash; Prodimax","robots":{"index":"index","follow":"follow","max-snippet":"max-snippet:-1","max-image-preview":"max-image-preview:large","max-video-preview":"max-video-preview:-1"},"canonical":"https:\/\/prodimax-inc.com\/fr\/produits\/haute-temperature\/","og_locale":"fr_FR","og_type":"article","og_title":"Haute temp\u00e9rature &ndash; Prodimax","og_url":"https:\/\/prodimax-inc.com\/fr\/produits\/haute-temperature\/","og_site_name":"Prodimax","article_modified_time":"2015-10-20T14:38:04+00:00","twitter_card":"summary_large_image","twitter_misc":{"Dur\u00e9e de lecture estim\u00e9e":"1 minute"},"schema":{"@context":"https:\/\/schema.org","@graph":[{"@type":"WebSite","@id":"https:\/\/prodimax-inc.com\/#website","url":"https:\/\/prodimax-inc.com\/","name":"Prodimax","description":"Canadian provider of insulation and thermal services since 1996","potentialAction":[{"@type":"SearchAction","target":{"@type":"EntryPoint","urlTemplate":"https:\/\/prodimax-inc.com\/?s={search_term_string}"},"query-input":"required name=search_term_string"}],"inLanguage":"fr-FR"},{"@type":"WebPage","@id":"https:\/\/prodimax-inc.com\/fr\/produits\/haute-temperature\/#webpage","url":"https:\/\/prodimax-inc.com\/fr\/produits\/haute-temperature\/","name":"Haute temp\u00e9rature &ndash; Prodimax","isPartOf":{"@id":"https:\/\/prodimax-inc.com\/#website"},"datePublished":"2015-10-13T14:15:55+00:00","dateModified":"2015-10-20T14:38:04+00:00","breadcrumb":{"@id":"https:\/\/prodimax-inc.com\/fr\/produits\/haute-temperature\/#breadcrumb"},"inLanguage":"fr-FR","potentialAction":[{"@type":"ReadAction","target":["https:\/\/prodimax-inc.com\/fr\/produits\/haute-temperature\/"]}]},{"@type":"BreadcrumbList","@id":"https:\/\/prodimax-inc.com\/fr\/produits\/haute-temperature\/#breadcrumb","itemListElement":[{"@type":"ListItem","position":1,"name":"Home","item":"https:\/\/prodimax-inc.com\/fr\/"},{"@type":"ListItem","position":2,"name":"PRODUITS","item":"https:\/\/prodimax-inc.com\/fr\/produits\/"},{"@type":"ListItem","position":3,"name":"Haute temp\u00e9rature"}]}]}},"_links":{"self":[{"href":"https:\/\/prodimax-inc.com\/fr\/wp-json\/wp\/v2\/pages\/1172"}],"collection":[{"href":"https:\/\/prodimax-inc.com\/fr\/wp-json\/wp\/v2\/pages"}],"about":[{"href":"https:\/\/prodimax-inc.com\/fr\/wp-json\/wp\/v2\/types\/page"}],"author":[{"embeddable":true,"href":"https:\/\/prodimax-inc.com\/fr\/wp-json\/wp\/v2\/users\/7"}],"replies":[{"embeddable":true,"href":"https:\/\/prodimax-inc.com\/fr\/wp-json\/wp\/v2\/comments?post=1172"}],"version-history":[{"count":3,"href":"https:\/\/prodimax-inc.com\/fr\/wp-json\/wp\/v2\/pages\/1172\/revisions"}],"predecessor-version":[{"id":1375,"href":"https:\/\/prodimax-inc.com\/fr\/wp-json\/wp\/v2\/pages\/1172\/revisions\/1375"}],"up":[{"embeddable":true,"href":"https:\/\/prodimax-inc.com\/fr\/wp-json\/wp\/v2\/pages\/1143"}],"wp:attachment":[{"href":"https:\/\/prodimax-inc.com\/fr\/wp-json\/wp\/v2\/media?parent=1172"}],"curies":[{"name":"wp","href":"https:\/\/api.w.org\/{rel}","templated":true}]}}