{"id":1174,"date":"2015-10-13T14:21:27","date_gmt":"2015-10-13T14:21:27","guid":{"rendered":"https:\/\/prodimax-inc.com\/?page_id=1174&#038;lang=fr"},"modified":"2016-03-30T15:47:49","modified_gmt":"2016-03-30T15:47:49","slug":"service","status":"publish","type":"page","link":"https:\/\/prodimax-inc.com\/fr\/service\/","title":{"rendered":"SERVICE"},"content":{"rendered":"<h2>Notre service<\/h2>\n<p>Nos repr\u00e9sentants techniques exp\u00e9riment\u00e9s vous aideront \u00e0 d\u00e9terminer lequel de nos produits convient le mieux \u00e0 votre application et quels mat\u00e9riaux sont les mieux adapt\u00e9s pour sa fabrication en fonction de vos op\u00e9rations et processus pour assurer une durabilit\u00e9 accrue et une performance optimale.<\/p>\n<p>Tous nos produits peuvent \u00eatre fabriqu\u00e9s sur mesure pour r\u00e9pondre \u00e0 votre demande. Il n&rsquo;y a pas de projet trop grand ou trop complexe pour que nous ne puissions vous fournir une solution d&rsquo;isolation pour vos \u00e9quipements et besoins sp\u00e9cifiques.<\/p>\n<h2>Mesures<\/h2>\n<p>Sur demande, Prodimax effectuera la prise de mesures sur place jusqu&rsquo;\u00e0 la livraison finale. Pour la conception de pi\u00e8ces de formes complexes, nous proc\u00e9derons directement sur place avec nos \u00e9quipements. En outre, Prodimax se fera un plaisir de r\u00e9pondre \u00e0 toutes les exigences sp\u00e9cifiques de nos clients.<\/p>\n<p>Nous travaillons habituellement en concert avec le client pour fournir les donn\u00e9es dimensionnelles afin de vous aider \u00e0 prendre les mesures n\u00e9cessaires, h\u00e9sitez pas \u00e0 t\u00e9l\u00e9charger nos formulaires couramment utilis\u00e9s dans l\u2019industrie. Vous avez simplement \u00e0 nous envoyer le fichier PDF une fois rempli.<\/p>\n<h2>Installation<\/h2>\n<p>Nous pouvons faire l&rsquo;installation sur le site, sur demande.<\/p>\n","protected":false},"excerpt":{"rendered":"<p>Notre service Nos repr\u00e9sentants techniques exp\u00e9riment\u00e9s vous aideront \u00e0 d\u00e9terminer lequel de nos produits convient le mieux \u00e0 votre application [&hellip;]<\/p>\n","protected":false},"author":7,"featured_media":0,"parent":0,"menu_order":0,"comment_status":"closed","ping_status":"closed","template":"","meta":[],"yoast_head":"<!-- This site is optimized with the Yoast SEO plugin v17.8 - https:\/\/yoast.com\/wordpress\/plugins\/seo\/ -->\n<title>SERVICE &ndash; Prodimax<\/title>\n<meta name=\"robots\" content=\"index, follow, max-snippet:-1, max-image-preview:large, max-video-preview:-1\" \/>\n<link rel=\"canonical\" href=\"https:\/\/prodimax-inc.com\/fr\/service\/\" \/>\n<meta property=\"og:locale\" content=\"fr_FR\" \/>\n<meta property=\"og:type\" content=\"article\" \/>\n<meta property=\"og:title\" content=\"SERVICE &ndash; Prodimax\" \/>\n<meta property=\"og:description\" content=\"Notre service Nos repr\u00e9sentants techniques exp\u00e9riment\u00e9s vous aideront \u00e0 d\u00e9terminer lequel de nos produits convient le mieux \u00e0 votre application [&hellip;]\" \/>\n<meta property=\"og:url\" content=\"https:\/\/prodimax-inc.com\/fr\/service\/\" \/>\n<meta property=\"og:site_name\" content=\"Prodimax\" \/>\n<meta property=\"article:modified_time\" content=\"2016-03-30T15:47:49+00:00\" \/>\n<meta name=\"twitter:card\" content=\"summary_large_image\" \/>\n<meta name=\"twitter:label1\" content=\"Dur\u00e9e de lecture estim\u00e9e\" \/>\n\t<meta name=\"twitter:data1\" content=\"1 minute\" \/>\n<script type=\"application\/ld+json\" class=\"yoast-schema-graph\">{\"@context\":\"https:\/\/schema.org\",\"@graph\":[{\"@type\":\"WebSite\",\"@id\":\"https:\/\/prodimax-inc.com\/#website\",\"url\":\"https:\/\/prodimax-inc.com\/\",\"name\":\"Prodimax\",\"description\":\"Canadian provider of insulation and thermal services since 1996\",\"potentialAction\":[{\"@type\":\"SearchAction\",\"target\":{\"@type\":\"EntryPoint\",\"urlTemplate\":\"https:\/\/prodimax-inc.com\/?s={search_term_string}\"},\"query-input\":\"required name=search_term_string\"}],\"inLanguage\":\"fr-FR\"},{\"@type\":\"WebPage\",\"@id\":\"https:\/\/prodimax-inc.com\/fr\/service\/#webpage\",\"url\":\"https:\/\/prodimax-inc.com\/fr\/service\/\",\"name\":\"SERVICE &ndash; Prodimax\",\"isPartOf\":{\"@id\":\"https:\/\/prodimax-inc.com\/#website\"},\"datePublished\":\"2015-10-13T14:21:27+00:00\",\"dateModified\":\"2016-03-30T15:47:49+00:00\",\"breadcrumb\":{\"@id\":\"https:\/\/prodimax-inc.com\/fr\/service\/#breadcrumb\"},\"inLanguage\":\"fr-FR\",\"potentialAction\":[{\"@type\":\"ReadAction\",\"target\":[\"https:\/\/prodimax-inc.com\/fr\/service\/\"]}]},{\"@type\":\"BreadcrumbList\",\"@id\":\"https:\/\/prodimax-inc.com\/fr\/service\/#breadcrumb\",\"itemListElement\":[{\"@type\":\"ListItem\",\"position\":1,\"name\":\"Home\",\"item\":\"https:\/\/prodimax-inc.com\/fr\/\"},{\"@type\":\"ListItem\",\"position\":2,\"name\":\"SERVICE\"}]}]}<\/script>\n<!-- \/ Yoast SEO plugin. -->","yoast_head_json":{"title":"SERVICE &ndash; Prodimax","robots":{"index":"index","follow":"follow","max-snippet":"max-snippet:-1","max-image-preview":"max-image-preview:large","max-video-preview":"max-video-preview:-1"},"canonical":"https:\/\/prodimax-inc.com\/fr\/service\/","og_locale":"fr_FR","og_type":"article","og_title":"SERVICE &ndash; Prodimax","og_description":"Notre service Nos repr\u00e9sentants techniques exp\u00e9riment\u00e9s vous aideront \u00e0 d\u00e9terminer lequel de nos produits convient le mieux \u00e0 votre application [&hellip;]","og_url":"https:\/\/prodimax-inc.com\/fr\/service\/","og_site_name":"Prodimax","article_modified_time":"2016-03-30T15:47:49+00:00","twitter_card":"summary_large_image","twitter_misc":{"Dur\u00e9e de lecture estim\u00e9e":"1 minute"},"schema":{"@context":"https:\/\/schema.org","@graph":[{"@type":"WebSite","@id":"https:\/\/prodimax-inc.com\/#website","url":"https:\/\/prodimax-inc.com\/","name":"Prodimax","description":"Canadian provider of insulation and thermal services since 1996","potentialAction":[{"@type":"SearchAction","target":{"@type":"EntryPoint","urlTemplate":"https:\/\/prodimax-inc.com\/?s={search_term_string}"},"query-input":"required name=search_term_string"}],"inLanguage":"fr-FR"},{"@type":"WebPage","@id":"https:\/\/prodimax-inc.com\/fr\/service\/#webpage","url":"https:\/\/prodimax-inc.com\/fr\/service\/","name":"SERVICE &ndash; Prodimax","isPartOf":{"@id":"https:\/\/prodimax-inc.com\/#website"},"datePublished":"2015-10-13T14:21:27+00:00","dateModified":"2016-03-30T15:47:49+00:00","breadcrumb":{"@id":"https:\/\/prodimax-inc.com\/fr\/service\/#breadcrumb"},"inLanguage":"fr-FR","potentialAction":[{"@type":"ReadAction","target":["https:\/\/prodimax-inc.com\/fr\/service\/"]}]},{"@type":"BreadcrumbList","@id":"https:\/\/prodimax-inc.com\/fr\/service\/#breadcrumb","itemListElement":[{"@type":"ListItem","position":1,"name":"Home","item":"https:\/\/prodimax-inc.com\/fr\/"},{"@type":"ListItem","position":2,"name":"SERVICE"}]}]}},"_links":{"self":[{"href":"https:\/\/prodimax-inc.com\/fr\/wp-json\/wp\/v2\/pages\/1174"}],"collection":[{"href":"https:\/\/prodimax-inc.com\/fr\/wp-json\/wp\/v2\/pages"}],"about":[{"href":"https:\/\/prodimax-inc.com\/fr\/wp-json\/wp\/v2\/types\/page"}],"author":[{"embeddable":true,"href":"https:\/\/prodimax-inc.com\/fr\/wp-json\/wp\/v2\/users\/7"}],"replies":[{"embeddable":true,"href":"https:\/\/prodimax-inc.com\/fr\/wp-json\/wp\/v2\/comments?post=1174"}],"version-history":[{"count":3,"href":"https:\/\/prodimax-inc.com\/fr\/wp-json\/wp\/v2\/pages\/1174\/revisions"}],"predecessor-version":[{"id":1377,"href":"https:\/\/prodimax-inc.com\/fr\/wp-json\/wp\/v2\/pages\/1174\/revisions\/1377"}],"wp:attachment":[{"href":"https:\/\/prodimax-inc.com\/fr\/wp-json\/wp\/v2\/media?parent=1174"}],"curies":[{"name":"wp","href":"https:\/\/api.w.org\/{rel}","templated":true}]}}