{"id":1177,"date":"2015-10-13T14:50:12","date_gmt":"2015-10-13T14:50:12","guid":{"rendered":"https:\/\/prodimax-inc.com\/?page_id=1177&#038;lang=fr"},"modified":"2020-12-15T15:59:53","modified_gmt":"2020-12-15T20:59:53","slug":"ressources-2","status":"publish","type":"page","link":"https:\/\/prodimax-inc.com\/fr\/home\/ressources-2\/","title":{"rendered":"RESSOURCES"},"content":{"rendered":"<div class=\"vc_row wpb_row vc_row-fluid\"><div class=\"wpb_column vc_column_container vc_col-sm-4\"><div class=\"wpb_wrapper\">\n\t<div class=\"wpb_text_column wpb_content_element \">\n\t\t<div class=\"wpb_wrapper\">\n\t\t\t<p><strong><b>Couvertures amovibles standards<\/b><\/strong><\/p>\n<p><a href=\"\/wp-content\/uploads\/2016\/02\/Prodimax-Pro-400_MDS_Fra.pdf\" target=\"_blank\" rel=\"noopener noreferrer\">Pro-400 &#8211; Fiche technique<\/a><\/p>\n<p><a href=\"\/wp-content\/uploads\/2016\/02\/Prodimax-Pro-500_MDS_Fra.pdf\" target=\"_blank\" rel=\"noopener noreferrer\">Pro-500 &#8211; Fiche technique<\/a><\/p>\n<p><a href=\"\/wp-content\/uploads\/2016\/02\/Prodimax-Pro-800-S_MDS_Fra.pdf\" target=\"_blank\" rel=\"noopener noreferrer\">Pro-800-S &#8211; Fiche technique<\/a><\/p>\n<p><a href=\"\/wp-content\/uploads\/2016\/02\/Prodimax-Pro-800-T_MDS_Fra.pdf\" target=\"_blank\" rel=\"noopener noreferrer\">Pro-800-T &#8211; Fiche technique<\/a><\/p>\n<p><a href=\"\/wp-content\/uploads\/2016\/03\/Prodimax-Pro-1600_MDS_Fra.pdf\" target=\"_blank\" rel=\"noopener noreferrer\">Pro-1600 &#8211; Fiche technique<\/a><\/p>\n<p><a href=\"\/wp-content\/uploads\/2016\/03\/Prodimax-Pro-1800_MDS_Fra.pdf\" target=\"_blank\" rel=\"noopener noreferrer\">Pro-1800 &#8211; Fiche technique<\/a><\/p>\n<p><a href=\"\/wp-content\/uploads\/2016\/02\/Prodimax-Pro-Marine_MDS_Fra.pdf\" target=\"_blank\" rel=\"noopener noreferrer\">Pro-Marine-Fiche technique<\/a><\/p>\n<p><a href=\"\/wp-content\/uploads\/2016\/03\/Prodimax-Pro-Turbine_MDS-Fra.pdf\" target=\"_blank\" rel=\"noopener noreferrer\">Pro-Turbine-Fiche technique<\/a><\/p>\n<p><strong><b>Heating Blankets<\/b><\/strong><\/p>\n<p><a href=\"\/wp-content\/uploads\/2020\/03\/Prodimax-Heating-Barrels-Drums-MDS.pdf\" target=\"_blank\" rel=\"noopener noreferrer\">Barrel Heater<\/a><\/p>\n<p><a href=\"\/wp-content\/uploads\/2020\/03\/Prodimax-Heating-Blankets-DEF-Tote-MDS.pdf\" target=\"_blank\" rel=\"noopener noreferrer\">DEF Tote Heater<\/a><\/p>\n<p><a href=\"\/wp-content\/uploads\/2020\/03\/Prodimax-Heating-Blankets-Totes.pdf\" target=\"_blank\" rel=\"noopener noreferrer\">Tote Heater<\/a><\/p>\n<p><a href=\"\/wp-content\/uploads\/2020\/03\/Prodimax-Heating-Pails-MDS.pdf\" target=\"_blank\" rel=\"noopener noreferrer\">Pail Heater<\/a><\/p>\n<p><a href=\"\/wp-content\/uploads\/2020\/03\/Prodimax-Blanket-Thermostats_MDS_Fr.pdf\" target=\"_blank\" rel=\"noopener noreferrer\">Thermostat<\/a><\/p>\n<p><a href=\"\/wp-content\/uploads\/2020\/03\/Prodimax-Heating-Barrels-Drums-MDS.pdf\" target=\"_blank\" rel=\"noopener noreferrer\">Drum Heater<\/a><\/p>\n<p><strong><b><br \/>\nAutre produits fabriqu\u00e9s<\/b><\/strong><\/p>\n<p><a href=\"\/wp-content\/uploads\/2016\/02\/PROBSC-25_MDS.pdf\" target=\"_blank\" rel=\"noopener noreferrer\">Barri\u00e8re acoustique &#8211; Fiche technique<\/a><\/p>\n<p><a href=\"\/wp-content\/uploads\/2015\/10\/Prodimax-candu6-Covers-Flyer.pdf\" target=\"_blank\" rel=\"noopener noreferrer\">Couvertures pour Candu6 &#8211; Fiche technique (Ang)<\/a><\/p>\n<p><a href=\"\/wp-content\/uploads\/2015\/10\/Prodimax-manway-covers-fra.pdf\" target=\"_blank\" rel=\"noopener noreferrer\">Couvertures pour trou-d\u2019homme &#8211; Fiche technique<\/a><\/p>\n<p><a href=\"\/wp-content\/uploads\/2016\/02\/exp-joints-fabric-prodimax-gen4-Fra.pdf\" target=\"_blank\" rel=\"noopener noreferrer\">Joints d&rsquo;expansion &#8211; Brochure<\/a><\/p>\n<p><a href=\"\/wp-content\/uploads\/2016\/02\/Prodimax-Tracer-Wrap_MDS_Fr.pdf\" target=\"_blank\" rel=\"noopener noreferrer\">Tracer Wrap &#8211; Fiche technique<\/a><\/p>\n<p><a href=\"\/wp-content\/uploads\/2015\/10\/Prodimax-tubeseal-gen-Fra.pdf\" target=\"_blank\" rel=\"noopener noreferrer\">Tubeseal\/couvre tube &#8211; Fiche technique<\/a><\/p>\n\n\t\t<\/div> \n\t<\/div> <\/div><\/div><div class=\"wpb_column vc_column_container vc_col-sm-4\"><div class=\"wpb_wrapper\">\n\t<div class=\"wpb_text_column wpb_content_element \">\n\t\t<div class=\"wpb_wrapper\">\n\t\t\t<p><strong><b>Mat\u00e9riaux en vrac<\/b><\/strong><\/p>\n<p><a href=\"\/wp-content\/uploads\/2017\/02\/Procoat-700-MDS.pdf\" target=\"_blank\" rel=\"noopener noreferrer\">Procoat-700 Fiche technique<\/a><\/p>\n<p><a href=\"\/wp-content\/uploads\/2017\/02\/Profilm1-oz-13.5_MDS.pdf\" target=\"_blank\" rel=\"noopener noreferrer\">Profilm1 13.5 oz &#8211; Fiche technique<\/a><\/p>\n<p><a href=\"\/wp-content\/uploads\/2017\/02\/Profilm-700-MDS.pdf\" target=\"_blank\" rel=\"noopener noreferrer\">Profilm2 36 oz &#8211; Fiche technique<\/a><\/p>\n<p><a href=\"\/wp-content\/uploads\/2017\/02\/Profilm2_41oz_MDS.pdf\" target=\"_blank\" rel=\"noopener noreferrer\">Profilm2 41 oz &#8211; Fiche technique<\/a><\/p>\n<p><a href=\"\/wp-content\/uploads\/2017\/02\/Profilm2_41oz-0.335_MDS.pdf\" target=\"_blank\" rel=\"noopener noreferrer\">Profilm2 41 oz 0.335 &#8211; Fiche technique<\/a><\/p>\n<p><a href=\"\/wp-content\/uploads\/2017\/02\/Profilm2_50oz_MDS.pdf\" target=\"_blank\" rel=\"noopener noreferrer\">Profilm2 50 oz &#8211; Fiche technique<\/a><\/p>\n<p><a href=\"\/wp-content\/uploads\/2017\/02\/Profilm2_50oz-0.35_MDS.pdf\" target=\"_blank\" rel=\"noopener noreferrer\">Profilm2 50 oz 0.35 &#8211; Fiche technique<\/a><\/p>\n<p><a href=\"\/wp-content\/uploads\/2017\/02\/Profilm2_55oz_MDS.pdf\" target=\"_blank\" rel=\"noopener noreferrer\">Profilm2 55 oz &#8211; Fiche technique<\/a><\/p>\n<p><a href=\"\/wp-content\/uploads\/2017\/02\/Prolam12_MDS.pdf\" target=\"_blank\" rel=\"noopener noreferrer\">Prolam12 &#8211; Fiche technique<\/a><\/p>\n<p><a href=\"\/wp-content\/uploads\/2017\/02\/Prolam50_MDS.pdf\" target=\"_blank\" rel=\"noopener noreferrer\">Prolam50 &#8211; Fiche technique<\/a><\/p>\n<p><a href=\"\/wp-content\/uploads\/2016\/02\/Prodimax_2175NR_MDS_Fra.pdf\" target=\"_blank\" rel=\"noopener noreferrer\">Tissu 2175NR &#8211; Fiche technique<\/a><\/p>\n<p><a href=\"\/wp-content\/uploads\/2016\/02\/Prodimax-Tissu-2240-Cloth_MDS_Fra.pdf\" target=\"_blank\" rel=\"noopener noreferrer\">Tissu 2240 &#8211; Fiche technique<\/a><\/p>\n<p><a href=\"\/wp-content\/uploads\/2015\/10\/Prodimax-Tissu-2260HT-Cloth_MDS_Fra.pdf\" target=\"_blank\" rel=\"noopener noreferrer\">Tissu 2260HT &#8211; Fiche technique<\/a><\/p>\n<p><a href=\"\/wp-content\/uploads\/2016\/02\/Prodimax-Tissu-7170-Cloth_MDS_Fra.pdf\" target=\"_blank\" rel=\"noopener noreferrer\">Tissu 7170 &#8211; Fiche technique<\/a><\/p>\n<p><a href=\"\/wp-content\/uploads\/2015\/10\/Prodimax-7320-R_MDS_Fra.pdf\">Tissu 7320R &#8211; Fiche technique<\/a><\/p>\n<p><a href=\"\/wp-content\/uploads\/2016\/02\/Prodimax-7320-Grey_MDS.pdf\">Tissu 7320G &#8211; Fiche technique<\/a><\/p>\n<p><a href=\"\/wp-content\/uploads\/2016\/02\/Prodimax_84CH-188CH-Alu_MDS_Fra.pdf\" target=\"_blank\" rel=\"noopener noreferrer\">Tissu 84ch \u2013 188ch &#8211; Fiche technique<\/a><\/p>\n<p><a href=\"\/wp-content\/uploads\/2016\/02\/Prodimax-Tissu-9165-Cloth_MDS_Fra.pdf\" target=\"_blank\" rel=\"noopener noreferrer\">Tissu 9165 &#8211; Fiche technique<\/a><\/p>\n<p><a href=\"\/wp-content\/uploads\/2016\/02\/Prodimax-Pro1080-cloth_MDS.pdf\">Tissu Pro1080 &#8211; Fiche technique<\/a><\/p>\n<p><a href=\"\/wp-content\/uploads\/2016\/02\/Prodimax-1200-Glass-Mat_MDS_Fra.pdf\" target=\"_blank\" rel=\"noopener noreferrer\">Natte FDV-HT &#8211; Fiche technique<\/a><\/p>\n<p><a href=\"\/wp-content\/uploads\/2016\/02\/FDV-HT_MDS_Fra.pdf\" target=\"_blank\" rel=\"noopener noreferrer\">Natte 1200 &#8211; Fiche technique<\/a><\/p>\n<p><a href=\"\/wp-content\/uploads\/2015\/10\/Prodimax-Insulite_MDS_FRA.pdf\" target=\"_blank\" rel=\"noopener noreferrer\">Natte Insulite &#8211; Fiche technique<\/a><\/p>\n<p><a href=\"\/wp-content\/uploads\/2016\/02\/LaineMineralePareVapeur_MDS_Fra.pdf\" target=\"_blank\" rel=\"noopener noreferrer\">Natte Pare-Vapeur &#8211; Fiche technique<\/a><\/p>\n<p><a href=\"\/wp-content\/uploads\/2015\/10\/Prodimax-Manchons-FB-Sil_MDS_Fra.pdf\" target=\"_blank\" rel=\"noopener noreferrer\">Manchon &#8211; Fiche technique<\/a><\/p>\n<p><a href=\"\/wp-content\/uploads\/2015\/10\/Prodimax-Fil-Kevlar-SS-Thread_MDS_Fra.pdf\" target=\"_blank\" rel=\"noopener noreferrer\">Fil de Kevlar et Acier Inox &#8211; Fiche technique<\/a><\/p>\n<p><a href=\"\/wp-content\/uploads\/2015\/10\/Prodimax-PTFE-Coated-Thread_MDS_Fra.pdf\" target=\"_blank\" rel=\"noopener noreferrer\">Fil enduit de PTFE &#8211; Fiche technique<\/a><\/p>\n<p><a href=\"\/wp-content\/uploads\/2015\/10\/Prodimax-Verm-Coated-Fiberglass_MDS_fra.pdf\" target=\"_blank\" rel=\"noopener noreferrer\">Fibre de verre recouvert de Vermiculite &#8211; Fiche technique<\/a><\/p>\n\n\t\t<\/div> \n\t<\/div> <\/div><\/div><div class=\"wpb_column vc_column_container vc_col-sm-4\"><div class=\"wpb_wrapper\">\n\t<div class=\"wpb_text_column wpb_content_element \">\n\t\t<div class=\"wpb_wrapper\">\n\t\t\t<p><strong><b>Formulaires de mesure<\/b><\/strong><\/p>\n<p><a href=\"\/wp-content\/uploads\/2015\/10\/8-Angle-Valve-fra.pdf\" target=\"_blank\" rel=\"noopener noreferrer\">Valve \u00e0 angle &#8211; Feuille de mesure<\/a><\/p>\n<p><a href=\"\/wp-content\/uploads\/2015\/10\/12-Belows-fra.pdf\" target=\"_blank\" rel=\"noopener noreferrer\">Soufflet &#8211; Feuille de mesure<\/a><\/p>\n<p><a href=\"\/wp-content\/uploads\/2015\/10\/1-Flange-Pair-Fra.pd\" target=\"_blank\" rel=\"noopener noreferrer\">Bride Blind &#8211; Feuille de mesure<\/a><\/p>\n<p><a href=\"\/wp-content\/uploads\/2015\/10\/9-Butterfly-Valve-fra.pdf\" target=\"_blank\" rel=\"noopener noreferrer\">Valve papillon &#8211; Feuille de mesure<\/a><\/p>\n<p><a href=\"\/wp-content\/uploads\/2015\/10\/5-Check-Valve-fra.pdf\" target=\"_blank\" rel=\"noopener noreferrer\">Valve clapet &#8211; Feuille de mesure<\/a><\/p>\n<p><a href=\"\/wp-content\/uploads\/2015\/10\/11-DBB-valve-fra.pdf\" target=\"_blank\" rel=\"noopener noreferrer\">Valve DBB &#8211; Feuille de mesure<\/a><\/p>\n<p><a href=\"\/wp-content\/uploads\/2015\/10\/2-Blind-Flange-fra.pdf\" target=\"_blank\" rel=\"noopener noreferrer\">Bride double &#8211; Feuille de mesure<\/a><\/p>\n<p><a href=\"\/wp-content\/uploads\/2015\/10\/3-Flange-Valve-Oval-Bonnet-fra.pdf\" target=\"_blank\" rel=\"noopener noreferrer\">Valve \u00e0 bride, bonnet ovale &#8211; Feuille de mesure<\/a><\/p>\n<p><a href=\"\/wp-content\/uploads\/2015\/10\/4-Flange-Valve-Round-Bonnet-fra.pdf\" target=\"_blank\" rel=\"noopener noreferrer\">Valve \u00e0 bride, bonnet rond &#8211; Feuille de mesure<\/a><\/p>\n<p><a href=\"\/wp-content\/uploads\/2015\/10\/10-Flange-Ball-Valve-fra.pdf\" target=\"_blank\" rel=\"noopener noreferrer\">Valve \u00e0 sph\u00e8re, bride &#8211; Feuille de mesure<\/a><\/p>\n<p><a href=\"\/wp-content\/uploads\/2015\/10\/7-pressure-Regulator-fra.pdf\" target=\"_blank\" rel=\"noopener noreferrer\">R\u00e9gulateur de pression &#8211; Feuille de mesure<\/a><\/p>\n<p><a href=\"\/wp-content\/uploads\/2015\/10\/6-wye-strainer-fra.pdf\" target=\"_blank\" rel=\"noopener noreferrer\">Cr\u00e9pine en Y &#8211; Feuille de mesure<\/a><\/p>\n<p><strong><b><br \/>\nTableaux<\/b><\/strong><\/p>\n<p><a href=\"\/wp-content\/uploads\/2016\/02\/payback-chart-fr.pdf\" target=\"_blank\" rel=\"noopener noreferrer\">Tableau de p\u00e9riode de r\u00e9cup\u00e9ration et d&rsquo;\u00e9conomies<\/a><\/p>\n\n\t\t<\/div> \n\t<\/div> <\/div><\/div><\/div>\n","protected":false},"excerpt":{"rendered":"Couvertures amovibles standards Pro-400 - Fiche technique Pro-500 - Fiche technique Pro-800-S - Fiche technique Pro-800-T - Fiche technique Pro-1600 [...]","protected":false},"author":7,"featured_media":0,"parent":1135,"menu_order":4,"comment_status":"closed","ping_status":"closed","template":"","meta":[],"yoast_head":"<!-- This site is optimized with the Yoast SEO plugin v17.8 - https:\/\/yoast.com\/wordpress\/plugins\/seo\/ -->\n<title>RESSOURCES &ndash; Prodimax<\/title>\n<meta name=\"robots\" content=\"index, follow, max-snippet:-1, max-image-preview:large, max-video-preview:-1\" \/>\n<link rel=\"canonical\" href=\"https:\/\/prodimax-inc.com\/fr\/home\/ressources-2\/\" \/>\n<meta property=\"og:locale\" content=\"fr_FR\" \/>\n<meta property=\"og:type\" content=\"article\" \/>\n<meta property=\"og:title\" content=\"RESSOURCES &ndash; Prodimax\" \/>\n<meta property=\"og:url\" content=\"https:\/\/prodimax-inc.com\/fr\/home\/ressources-2\/\" \/>\n<meta property=\"og:site_name\" content=\"Prodimax\" \/>\n<meta property=\"article:modified_time\" content=\"2020-12-15T20:59:53+00:00\" \/>\n<meta name=\"twitter:card\" content=\"summary_large_image\" \/>\n<meta name=\"twitter:label1\" content=\"Dur\u00e9e de lecture estim\u00e9e\" \/>\n\t<meta name=\"twitter:data1\" content=\"2 minutes\" \/>\n<script type=\"application\/ld+json\" class=\"yoast-schema-graph\">{\"@context\":\"https:\/\/schema.org\",\"@graph\":[{\"@type\":\"WebSite\",\"@id\":\"https:\/\/prodimax-inc.com\/#website\",\"url\":\"https:\/\/prodimax-inc.com\/\",\"name\":\"Prodimax\",\"description\":\"Canadian provider of insulation and thermal services since 1996\",\"potentialAction\":[{\"@type\":\"SearchAction\",\"target\":{\"@type\":\"EntryPoint\",\"urlTemplate\":\"https:\/\/prodimax-inc.com\/?s={search_term_string}\"},\"query-input\":\"required name=search_term_string\"}],\"inLanguage\":\"fr-FR\"},{\"@type\":\"WebPage\",\"@id\":\"https:\/\/prodimax-inc.com\/fr\/home\/ressources-2\/#webpage\",\"url\":\"https:\/\/prodimax-inc.com\/fr\/home\/ressources-2\/\",\"name\":\"RESSOURCES &ndash; Prodimax\",\"isPartOf\":{\"@id\":\"https:\/\/prodimax-inc.com\/#website\"},\"datePublished\":\"2015-10-13T14:50:12+00:00\",\"dateModified\":\"2020-12-15T20:59:53+00:00\",\"breadcrumb\":{\"@id\":\"https:\/\/prodimax-inc.com\/fr\/home\/ressources-2\/#breadcrumb\"},\"inLanguage\":\"fr-FR\",\"potentialAction\":[{\"@type\":\"ReadAction\",\"target\":[\"https:\/\/prodimax-inc.com\/fr\/home\/ressources-2\/\"]}]},{\"@type\":\"BreadcrumbList\",\"@id\":\"https:\/\/prodimax-inc.com\/fr\/home\/ressources-2\/#breadcrumb\",\"itemListElement\":[{\"@type\":\"ListItem\",\"position\":1,\"name\":\"Home\",\"item\":\"https:\/\/prodimax-inc.com\/fr\/\"},{\"@type\":\"ListItem\",\"position\":2,\"name\":\"Accueil\",\"item\":\"https:\/\/prodimax-inc.com\/fr\/\"},{\"@type\":\"ListItem\",\"position\":3,\"name\":\"RESSOURCES\"}]}]}<\/script>\n<!-- \/ Yoast SEO plugin. -->","yoast_head_json":{"title":"RESSOURCES &ndash; Prodimax","robots":{"index":"index","follow":"follow","max-snippet":"max-snippet:-1","max-image-preview":"max-image-preview:large","max-video-preview":"max-video-preview:-1"},"canonical":"https:\/\/prodimax-inc.com\/fr\/home\/ressources-2\/","og_locale":"fr_FR","og_type":"article","og_title":"RESSOURCES &ndash; Prodimax","og_url":"https:\/\/prodimax-inc.com\/fr\/home\/ressources-2\/","og_site_name":"Prodimax","article_modified_time":"2020-12-15T20:59:53+00:00","twitter_card":"summary_large_image","twitter_misc":{"Dur\u00e9e de lecture estim\u00e9e":"2 minutes"},"schema":{"@context":"https:\/\/schema.org","@graph":[{"@type":"WebSite","@id":"https:\/\/prodimax-inc.com\/#website","url":"https:\/\/prodimax-inc.com\/","name":"Prodimax","description":"Canadian provider of insulation and thermal services since 1996","potentialAction":[{"@type":"SearchAction","target":{"@type":"EntryPoint","urlTemplate":"https:\/\/prodimax-inc.com\/?s={search_term_string}"},"query-input":"required name=search_term_string"}],"inLanguage":"fr-FR"},{"@type":"WebPage","@id":"https:\/\/prodimax-inc.com\/fr\/home\/ressources-2\/#webpage","url":"https:\/\/prodimax-inc.com\/fr\/home\/ressources-2\/","name":"RESSOURCES &ndash; Prodimax","isPartOf":{"@id":"https:\/\/prodimax-inc.com\/#website"},"datePublished":"2015-10-13T14:50:12+00:00","dateModified":"2020-12-15T20:59:53+00:00","breadcrumb":{"@id":"https:\/\/prodimax-inc.com\/fr\/home\/ressources-2\/#breadcrumb"},"inLanguage":"fr-FR","potentialAction":[{"@type":"ReadAction","target":["https:\/\/prodimax-inc.com\/fr\/home\/ressources-2\/"]}]},{"@type":"BreadcrumbList","@id":"https:\/\/prodimax-inc.com\/fr\/home\/ressources-2\/#breadcrumb","itemListElement":[{"@type":"ListItem","position":1,"name":"Home","item":"https:\/\/prodimax-inc.com\/fr\/"},{"@type":"ListItem","position":2,"name":"Accueil","item":"https:\/\/prodimax-inc.com\/fr\/"},{"@type":"ListItem","position":3,"name":"RESSOURCES"}]}]}},"_links":{"self":[{"href":"https:\/\/prodimax-inc.com\/fr\/wp-json\/wp\/v2\/pages\/1177"}],"collection":[{"href":"https:\/\/prodimax-inc.com\/fr\/wp-json\/wp\/v2\/pages"}],"about":[{"href":"https:\/\/prodimax-inc.com\/fr\/wp-json\/wp\/v2\/types\/page"}],"author":[{"embeddable":true,"href":"https:\/\/prodimax-inc.com\/fr\/wp-json\/wp\/v2\/users\/7"}],"replies":[{"embeddable":true,"href":"https:\/\/prodimax-inc.com\/fr\/wp-json\/wp\/v2\/comments?post=1177"}],"version-history":[{"count":36,"href":"https:\/\/prodimax-inc.com\/fr\/wp-json\/wp\/v2\/pages\/1177\/revisions"}],"predecessor-version":[{"id":2173,"href":"https:\/\/prodimax-inc.com\/fr\/wp-json\/wp\/v2\/pages\/1177\/revisions\/2173"}],"up":[{"embeddable":true,"href":"https:\/\/prodimax-inc.com\/fr\/wp-json\/wp\/v2\/pages\/1135"}],"wp:attachment":[{"href":"https:\/\/prodimax-inc.com\/fr\/wp-json\/wp\/v2\/media?parent=1177"}],"curies":[{"name":"wp","href":"https:\/\/api.w.org\/{rel}","templated":true}]}}