{"id":1225,"date":"2015-10-13T16:00:29","date_gmt":"2015-10-13T16:00:29","guid":{"rendered":"https:\/\/prodimax-inc.com\/?page_id=1225&#038;lang=fr"},"modified":"2015-10-13T16:02:54","modified_gmt":"2015-10-13T16:02:54","slug":"conditions-et-confidentialite","status":"publish","type":"page","link":"https:\/\/prodimax-inc.com\/fr\/conditions-et-confidentialite\/","title":{"rendered":"CONDITIONS ET CONFIDENTIALIT\u00c9"},"content":{"rendered":"<h2>Conditions d&rsquo;utilisation et D\u00e9claration de Confidentialit\u00e9<\/h2>\n<h2>Conditions d&rsquo;utilisation du site Web de Prodimax Inc.<\/h2>\n<p><strong>Toutes les informations de ce site Web sont fournies uniquement \u00e0 des fins informatives.<\/strong><\/p>\n<p>Prodimax Inc. s&rsquo;est efforc\u00e9e de garantir que les informations sur le site Web de Prodimax Inc. sur Internet sont correctes au moment de leur insertion. Cependant, il peut subsister des erreurs involontaires et occasionnelles pour lesquelles Prodimax Inc. pr\u00e9sente ses excuses.<\/p>\n<p>Prodimax Inc. ne fait aucune d\u00e9claration ou garantie de quelque sorte que ce soit \u00e0 propos des informations fournies sur son site Web ou accessibles par l&rsquo;interm\u00e9diaire de liens hypertextes ou de tout autre \u00e9l\u00e9ment utilis\u00e9 directement ou indirectement \u00e0 partir du site Web de Prodimax Inc.. Prodimax Inc. se r\u00e9serve le droit d&rsquo;apporter des modifications ou des corrections \u00e0 tout moment, sans pr\u00e9avis. En acc\u00e9dant \u00e0 ce site Web, vous reconnaissez que Prodimax Inc. n&rsquo;est aucunement responsable de toute inexactitude ou omission ou de tout dommage ou perte direct(e), sp\u00e9cial(e), indirect(e) ou d\u00e9riv\u00e9(e) de quelque sorte que ce soit, d\u00e9coulant de quelque cause que ce soit par l&rsquo;utilisation de toute information obtenue directement ou indirectement de ou par le site Web de Prodimax Inc. et que toute d\u00e9cision reposant sur lesdites informations est de la seule responsabilit\u00e9 du visiteur.<\/p>\n<p>Les exclusions et limites susmentionn\u00e9es s&rsquo;appliquent uniquement dans les limites autoris\u00e9es par la loi.<\/p>\n<h2>Liens vers des tiers<\/h2>\n<p>Ce site Web contient des liens vers des informations situ\u00e9es sur d&rsquo;autres sites Internet, g\u00e9r\u00e9s par des tiers. Prodimax Inc. n&rsquo;est responsable d&rsquo;aucun contenu fourni par des tiers.<\/p>\n<h1>D\u00e9claration de confidentialit\u00e9<\/h1>\n<p>La pr\u00e9sente D\u00e9claration de confidentialit\u00e9 donne un aper\u00e7u de la fa\u00e7on dont Prodimax Inc. traite les <strong><strong>donn\u00e9es personnelles<\/strong><\/strong> des personnes avec qui il fait affaire, que ce soit en ligne sur ce site Web ou de toute autre fa\u00e7on.<\/p>\n<p>Par \u00ab donn\u00e9es personnelles \u00bb, on entend les informations qui vous concernent, en tant que personne.<\/p>\n<p>Dans cette D\u00e9claration de confidentialit\u00e9, lorsque nous parlons de \u00ab traitement \u00bb des donn\u00e9es personnelles par Prodimax Inc., nous faisons r\u00e9f\u00e9rence \u00e0 toute forme de manipulation des donn\u00e9es personnelles par Prodimax Inc. &#8211; par exemple, collecte, stockage, utilisation, transfert, divulgation, suppression ou acc\u00e8s.<br \/>\nCe \u00e0 quoi la D\u00e9claration de confidentialit\u00e9 s&rsquo;applique<\/p>\n<p>La D\u00e9claration de confidentialit\u00e9 s&rsquo;applique aux donn\u00e9es personnelles que Prodimax Inc. traite \u00e0 la suite des op\u00e9rations effectu\u00e9es sur ce site Web, dont votre utilisation de ce site Web.<\/p>\n<p>Cette D\u00e9claration de confidentialit\u00e9 s&rsquo;applique \u00e9galement aux donn\u00e9es personnelles que Prodimax Inc. traite \u00e0 la suite d&rsquo;autres op\u00e9rations commerciales que vous concluez avec nous.<\/p>\n<p>En tant que groupe d&rsquo;envergure mondiale, Prodimax Inc. est r\u00e9gi par les lois sur la protection et la confidentialit\u00e9 des donn\u00e9es en vigueur dans les pays o\u00f9 il exerce ses activit\u00e9s. Cette D\u00e9claration de confidentialit\u00e9 ne vise pas \u00e0 expliquer les diff\u00e9rentes obligations juridiques auxquelles Prodimax Inc. doit se conformer \u00e0 l&rsquo;\u00e9chelle du globe en vertu de ces lois (\u00ab lois applicables sur la confidentialit\u00e9 des donn\u00e9es \u00bb). Elle a surtout pour but d&rsquo;expliquer de fa\u00e7on g\u00e9n\u00e9rale comment Prodimax Inc. entend traiter les donn\u00e9es personnelles qui vous concernent.<\/p>\n<h3>Traitement de donn\u00e9es personnelles<\/h3>\n<p><strong><strong>Les donn\u00e9es personnelles de qui Prodimax Inc. traite-t-il?<\/strong><\/strong><\/p>\n<p>Prodimax Inc. traite les donn\u00e9es personnelles concernant les personnes avec qui il fait affaire dans le cadre de ses activit\u00e9s commerciales.<br \/>\nIl s&rsquo;agit notamment des personnes-ressources au service des parties prenantes suivantes :<\/p>\n<ul>\n<li>clients et fournisseurs de Prodimax Inc.;<\/li>\n<li>minist\u00e8res et organismes de r\u00e9glementation;<\/li>\n<li>communaut\u00e9s o\u00f9 Prodimax Inc. exerce ses activit\u00e9s;<\/li>\n<li>groupes industriels et autres organisations avec lesquels Prodimax Inc. fait affaire.<\/li>\n<\/ul>\n<p>Comme nous l&rsquo;avons expliqu\u00e9 dans l&rsquo;introduction, Prodimax Inc. traite \u00e9galement les donn\u00e9es personnelles des employ\u00e9s actuels, des employ\u00e9s potentiels et des prestataires de services; de plus amples renseignements \u00e0 ce sujet sont contenus dans les d\u00e9clarations de confidentialit\u00e9 distinctes indiqu\u00e9es plus haut. Prodimax Inc. doit aussi traiter les donn\u00e9es personnelles de ses actionnaires et de ses administrateurs.<\/p>\n<p><strong>Quel type de donn\u00e9es personnelles Prodimax Inc. traite-t-il et pourquoi?<\/strong><\/p>\n<p>Prodimax Inc. traite les donn\u00e9es personnelles dont il a besoin pour ses activit\u00e9s commerciales. L&rsquo;\u00e9tendue des donn\u00e9es personnelles trait\u00e9es d\u00e9pend de la nature des op\u00e9rations conclues avec Prodimax Inc.. Nous traitons les donn\u00e9es personnelles quand nous le jugeons n\u00e9cessaire ou dans les limites permises par les lois applicables sur la confidentialit\u00e9 des donn\u00e9es.<\/p>\n<p>Si vous \u00eates l&rsquo;une des \u00ab personnes-ressources \u00bb mentionn\u00e9es ci-dessus, Prodimax Inc. traitera les donn\u00e9es personnelles requises pour vous contacter ou contacter votre organisation. Outre votre nom, Prodimax Inc. traitera vos coordonn\u00e9es professionnelles (titre, adresse au travail, adresse de courriel et num\u00e9ros de t\u00e9l\u00e9phone).<\/p>\n<p>Prodimax Inc. traitera vos donn\u00e9es personnelles en fonction des motifs d&rsquo;affaires pour lesquels elles ont \u00e9t\u00e9 recueillies ou obtenues, par exemple pour fournir des biens \u00e0 votre entreprise ou acqu\u00e9rir des services de votre entreprise, pour conclure des contrats, pour transmettre des communications externes et pour toute t\u00e2che administrative connexe.<\/p>\n<p>Il est aussi possible que Prodimax Inc. doive traiter d&rsquo;autres types d&rsquo;information pour g\u00e9rer les relations qu&rsquo;il entretient avec vous. Nous devons surtout traiter des donn\u00e9es personnelles :<\/p>\n<ul>\n<li>concernant des personnes chez nos clients, afin de prendre des mesures que nous consid\u00e9rons n\u00e9cessaires ou appropri\u00e9es pour nous conformer \u00e0 nos obligations juridiques. Par exemple, pour respecter nos obligations aux termes des lois contre le blanchiment d&rsquo;argent dans certains des pays o\u00f9 nous exer\u00e7ons nos activit\u00e9s, nous devons v\u00e9rifier l&rsquo;identit\u00e9 des propri\u00e9taires v\u00e9ritables des entreprises clientes (p. ex. information sur les passeports). Nous devons aussi recueillir les donn\u00e9es personnelles concernant les actionnaires pour prot\u00e9ger l&rsquo;actionnariat (y compris pour la production de rapports r\u00e9glementaires et de communications destin\u00e9es aux actionnaires);<\/li>\n<li>concernant les visiteurs qui se pr\u00e9sentent \u00e0 nos installations ou nos sites, pour des raisons de s\u00e9curit\u00e9.<br \/>\nDans de telles situations, si vous ne nous fournissez pas les donn\u00e9es personnelles dont nous avons besoin ou que nous demandons, nous ne pourrons pas faire affaire avec vous (ni avec l&rsquo;entreprise que vous repr\u00e9sentez).<\/li>\n<\/ul>\n<p><strong>Partage de donn\u00e9es personnelles au sein du Groupe Prodimax Inc.<\/strong><\/p>\n<p>Dans la mesure jug\u00e9e n\u00e9cessaire ou permise par les lois applicables sur la confidentialit\u00e9 des donn\u00e9es, les entit\u00e9s de Prodimax Inc. peuvent partager les donn\u00e9es personnelles au besoin et si l&rsquo;occasion s&rsquo;y pr\u00eate dans le cadre de leurs activit\u00e9s commerciales (d\u00e9crites \u00e0 la section 1 ci dessus).<\/p>\n<p>Prodimax Inc. exerce ses activit\u00e9s \u00e0 l&rsquo;\u00e9chelle mondiale. Par cons\u00e9quent, les soci\u00e9t\u00e9s de Prodimax Inc. peuvent se trouver dans des pays qui n&rsquo;offrent pas le m\u00eame niveau de protection que le v\u00f4tre ou dont les autorit\u00e9s charg\u00e9es de l&rsquo;application des lois ou de la s\u00e9curit\u00e9 nationale, le gouvernement ou les organismes de r\u00e9glementation peuvent permettre l&rsquo;acc\u00e8s \u00e0 vos donn\u00e9es personnelles.<\/p>\n<p><strong>Divulgation de donn\u00e9es personnelles \u00e0 des tiers<\/strong><\/p>\n<p>Dans la mesure permise par les lois applicables sur la confidentialit\u00e9 des donn\u00e9es, Prodimax Inc. peut divulguer des donn\u00e9es personnelles :<\/p>\n<ul>\n<li>\u00e0 des fournisseurs de services externes (comme il est mentionn\u00e9 ci-apr\u00e8s);<\/li>\n<li>en cas de proposition de vente, de fusion, de r\u00e9organisation ou de toute autre op\u00e9ration semblable touchant un \u00e9tablissement ou une entit\u00e9 de Prodimax Inc.;<\/li>\n<li>dans la mesure jug\u00e9e n\u00e9cessaire ou permise par la loi ou dans le but de nous conformer aux exigences juridiques ou r\u00e9glementaires. Nous pourrions alors \u00eatre tenus de divulguer des donn\u00e9es aux tribunaux, aux autorit\u00e9s charg\u00e9es de l&rsquo;application des lois, au gouvernement, aux organismes de r\u00e9glementation ou \u00e0 toute autre autorit\u00e9 comp\u00e9tente;<\/li>\n<li>pour prot\u00e9ger les droits ou la s\u00e9curit\u00e9 de ses employ\u00e9s ou de tiers.<\/li>\n<\/ul>\n<p>Il arrive que Prodimax Inc. fasse appel \u00e0 des fournisseurs de services externes (y compris des conseillers professionnels comme des avocats, des comptables et des auditeurs) pour ex\u00e9cuter certaines de ses fonctions ou assurer d&rsquo;autres services importants (par exemple, fonctions TI, stockage de donn\u00e9es, services li\u00e9s au registre des actionnaires). Dans ce contexte, les donn\u00e9es personnelles peuvent \u00eatre divulgu\u00e9es \u00e0 ces fournisseurs de services externes.<\/p>\n<p>Les fournisseurs de services externes de Prodimax Inc. (y compris les conseillers professionnels) peuvent \u00eatre bas\u00e9s dans un pays o\u00f9 il n&rsquo;existe pas de lois offrant le m\u00eame niveau de protection des donn\u00e9es que celles de votre pays. Lorsque Prodimax Inc. doit divulguer vos donn\u00e9es personnelles \u00e0 de tels fournisseurs, il prend des mesures contractuelles pour en assurer la confidentialit\u00e9 et la s\u00e9curit\u00e9 et, au besoin, applique les clauses contractuelles types de la Commission europ\u00e9enne pour le transfert des donn\u00e9es personnelles. De plus, nous exigeons que les fournisseurs de services externes traitent vos donn\u00e9es personnelles uniquement en conformit\u00e9 avec les instructions de Prodimax Inc. et les lois applicables sur la confidentialit\u00e9 des donn\u00e9es.<\/p>\n<h3>Protection des donn\u00e9es personnelles en ligne &#8211; traitement des donn\u00e9es personnelles recueillies sur les sites Web de Prodimax Inc.<\/h3>\n<p>La pr\u00e9sente section de la D\u00e9claration de confidentialit\u00e9 explique comment Prodimax Inc. traite les donn\u00e9es personnelles qui sont recueillies ou obtenues sur son site Web.<\/p>\n<p><strong>Comment nous traitons les donn\u00e9es personnelles fournies ou obtenues sur ce site Web<\/strong><br \/>\nSi vous utilisez ce site Web, vous pouvez choisir de fournir des donn\u00e9es personnelles \u00e0 Prodimax Inc. (par exemple, en nous envoyant un courriel). Nous traiterons les donn\u00e9es personnelles que vous aurez fournies sur ce site Web pour r\u00e9pondre \u00e0 votre demande et, s&rsquo;il y a lieu, pour g\u00e9rer la relation d&rsquo;affaires que nous entretenons avec vous ou votre entreprise.<\/p>\n<p><strong>D\u00e9claration relative aux t\u00e9moins de connexion (cookies) &#8211; utilisation des t\u00e9moins de connexion et suivi des donn\u00e9es<\/strong><\/p>\n<p>Un t\u00e9moin de connexion est un petit fichier texte qui peut \u00eatre stock\u00e9 sur votre unit\u00e9 de disque dur lorsque vous acc\u00e9dez \u00e0 un site Web. Voici les types de t\u00e9moin que nous utilisons sur ce site Web :<\/p>\n<ul>\n<li>T\u00e9moins de Google Analytics (solution d&rsquo;analyse d&rsquo;audience offerte par Google, Inc). Google Analytics propose quatre t\u00e9moins qui nous permettent d&rsquo;analyser la fr\u00e9quentation de notre site. Gr\u00e2ce \u00e0 ces t\u00e9moins, nous pouvons d\u00e9terminer le nombre de visiteurs de notre site et la fa\u00e7on dont ils y naviguent (et, surtout, de savoir quelles pages sont les plus fr\u00e9quent\u00e9es). Cette solution nous aide \u00e0 am\u00e9liorer le fonctionnement de notre site Web.<\/li>\n<li>Possibilit\u00e9 d&rsquo;un t\u00e9moins d&rsquo;affichage et de personnalisation &#8211; par exemple, si vous avez modifi\u00e9 la taille du texte lors de votre derni\u00e8re visite, un t\u00e9moin la gardera en m\u00e9moire et vous n&rsquo;aurez pas \u00e0 refaire l&rsquo;op\u00e9ration au moment de votre prochaine visite.<\/li>\n<\/ul>\n<p>Ces t\u00e9moins ne recueillent ni ne surveillent les donn\u00e9es personnelles et les informations qui vous concernent. Ils visent plut\u00f4t \u00e0 analyser la fa\u00e7on dont le site Web est utilis\u00e9 et \u00e0 am\u00e9liorer son accessibilit\u00e9.<\/p>\n<p>Lorsque vous visitez ce site Web, nous consignons automatiquement votre domaine et votre adresse IP. Il s&rsquo;agit l\u00e0 de donn\u00e9es qui identifient l&rsquo;ordinateur que vous utilisez pour acc\u00e9der \u00e0 ce site de m\u00eame que votre situation g\u00e9ographique approximative. Encore une fois, nous employons ces t\u00e9moins pour conna\u00eetre les habitudes d&rsquo;utilisation.<\/p>\n<p>Nous n&rsquo;utilisons pas de t\u00e9moins ou autres outils de suivi pour vous envoyer de la publicit\u00e9 ou du mat\u00e9riel promotionnel.<\/p>\n<p>Veuillez noter que la plupart des navigateurs Web permettent de limiter l&rsquo;action des t\u00e9moins, au moyen des param\u00e8tres de navigation. Si vous supprimez ou bloquez nos t\u00e9moins, des parties du site Web pourraient ne pas fonctionner normalement, car certains t\u00e9moins jouent un r\u00f4le essentiel dans l&rsquo;exploitation du site.<\/p>\n<p>La D\u00e9claration de confidentialit\u00e9 avertit tous les utilisateurs de ce site Web de l&#8217;emploi de t\u00e9moins. Votre utilisation continue de ce site Web nous confirme que vous \u00eates au courant de notre recours aux t\u00e9moins et que vous ne vous y opposez pas.<\/p>\n<p><strong>S\u00e9curit\u00e9 en ligne<\/strong><\/p>\n<p>Nous prenons des mesures responsables pour prot\u00e9ger la s\u00e9curit\u00e9 de l&rsquo;information (donn\u00e9es personnelles comprises) que vous nous fournissez ou que nous \u00e9changeons avec vous sur ce site Web.<\/p>\n<p>Les mesures de s\u00e9curit\u00e9 que nous employons incluent des coupe-feux, des syst\u00e8mes de d\u00e9tection d&rsquo;intrusion et des analyseurs de virus et visent \u00e0 emp\u00eacher les personnes non autoris\u00e9es et les virus d&rsquo;acc\u00e9der \u00e0 l&rsquo;information que vous nous fournissez et que nous vous fournissons. Cependant, vous devez garder \u00e0 l&rsquo;esprit qu&rsquo;il y a des risques inh\u00e9rents \u00e0 transmettre de l&rsquo;information par Internet et tout autre syst\u00e8me de transmission \u00e9lectronique ou en ligne, et que nous ne pouvons pas garantir la s\u00e9curit\u00e9 de l&rsquo;information transmise par de tels syst\u00e8mes.<\/p>\n<p><strong>Transfert de donn\u00e9es personnelles recueillies ou obtenues sur ce site Web<\/strong><br \/>\nLes donn\u00e9es personnelles recueillies sur ce site Web peuvent \u00eatre stock\u00e9es et trait\u00e9es dans tout pays o\u00f9 Prodimax Inc. exerce ses activit\u00e9s.<\/p>\n<p>Tout comme pour les donn\u00e9es personnelles que nous recueillons par diff\u00e9rents moyens, celles qui nous sont fournies en ligne peuvent circuler entre les soci\u00e9t\u00e9s du Groupe Prodimax Inc. et entre ces soci\u00e9t\u00e9s et des fournisseurs de services externes qui contribuent \u00e0 nos services et \u00e0 nos fonctions.<\/p>\n<p>Les moyens de protection dont il est question \u00e0 la section 2 de cette D\u00e9claration de confidentialit\u00e9 (en ce qui concerne le transfert de donn\u00e9es personnelles au-del\u00e0 des fronti\u00e8res nationales) s&rsquo;appliquent \u00e9galement aux donn\u00e9es recueillies sur ce site Web.<\/p>\n<p>Ce site Web peut contenir des liens vers les sites Web de tiers (sites non exploit\u00e9s par Prodimax Inc.). Avant de fournir des donn\u00e9es personnelles sur des sites Web de tiers, il est pr\u00e9f\u00e9rable que vous preniez connaissance de la politique de confidentialit\u00e9 applicable \u00e0 ces sites. Prodimax Inc. n&rsquo;est aucunement responsable des pratiques en mati\u00e8re de confidentialit\u00e9 qui sont employ\u00e9es sur les sites Web de tiers.<\/p>\n<h3>S\u00e9curit\u00e9 des donn\u00e9es<\/h3>\n<p>Tel qu&rsquo;il est indiqu\u00e9 ci-dessus, Prodimax Inc. est r\u00e9gi par les lois sur la protection et la confidentialit\u00e9 des donn\u00e9es en vigueur dans les pays o\u00f9 il exerce ses activit\u00e9s. Toutes ces lois ont pour caract\u00e9ristique commune d&rsquo;exiger que des mesures soient prises pour prot\u00e9ger les donn\u00e9es personnelles contre tout risque d&rsquo;acc\u00e8s non autoris\u00e9, de perte, de destruction, d&rsquo;usage abusif, de modification ou de divulgation. Prodimax Inc. a recours \u00e0 des mesures de s\u00e9curit\u00e9 physiques et \u00e9lectroniques, raisonnables et appropri\u00e9es, pour assurer la s\u00e9curit\u00e9 des donn\u00e9es personnelles.<\/p>\n<p>La D\u00e9claration de confidentialit\u00e9 peut \u00eatre mise \u00e0 jour \u00e0 l&rsquo;occasion. Le cas \u00e9ch\u00e9ant, une d\u00e9claration r\u00e9vis\u00e9e incluant toutes les modifications sera affich\u00e9e sur notre site Web. Nous vous recommandons de visiter r\u00e9guli\u00e8rement ce site afin de prendre connaissance de la plus r\u00e9cente version de la D\u00e9claration de confidentialit\u00e9.<\/p>\n","protected":false},"excerpt":{"rendered":"<p>Conditions d&rsquo;utilisation et D\u00e9claration de Confidentialit\u00e9 Conditions d&rsquo;utilisation du site Web de Prodimax Inc. Toutes les informations de ce site [&hellip;]<\/p>\n","protected":false},"author":7,"featured_media":0,"parent":0,"menu_order":0,"comment_status":"closed","ping_status":"closed","template":"","meta":[],"yoast_head":"<!-- This site is optimized with the Yoast SEO plugin v17.8 - https:\/\/yoast.com\/wordpress\/plugins\/seo\/ -->\n<title>CONDITIONS ET CONFIDENTIALIT\u00c9 &ndash; Prodimax<\/title>\n<meta name=\"robots\" content=\"index, follow, max-snippet:-1, max-image-preview:large, max-video-preview:-1\" \/>\n<link rel=\"canonical\" href=\"https:\/\/prodimax-inc.com\/fr\/conditions-et-confidentialite\/\" \/>\n<meta property=\"og:locale\" content=\"fr_FR\" \/>\n<meta property=\"og:type\" content=\"article\" \/>\n<meta property=\"og:title\" content=\"CONDITIONS ET CONFIDENTIALIT\u00c9 &ndash; Prodimax\" \/>\n<meta property=\"og:description\" content=\"Conditions d&rsquo;utilisation et D\u00e9claration de Confidentialit\u00e9 Conditions d&rsquo;utilisation du site Web de Prodimax Inc. Toutes les informations de ce site [&hellip;]\" \/>\n<meta property=\"og:url\" content=\"https:\/\/prodimax-inc.com\/fr\/conditions-et-confidentialite\/\" \/>\n<meta property=\"og:site_name\" content=\"Prodimax\" \/>\n<meta property=\"article:modified_time\" content=\"2015-10-13T16:02:54+00:00\" \/>\n<meta name=\"twitter:card\" content=\"summary_large_image\" \/>\n<meta name=\"twitter:label1\" content=\"Dur\u00e9e de lecture estim\u00e9e\" \/>\n\t<meta name=\"twitter:data1\" content=\"13 minutes\" \/>\n<script type=\"application\/ld+json\" class=\"yoast-schema-graph\">{\"@context\":\"https:\/\/schema.org\",\"@graph\":[{\"@type\":\"WebSite\",\"@id\":\"https:\/\/prodimax-inc.com\/#website\",\"url\":\"https:\/\/prodimax-inc.com\/\",\"name\":\"Prodimax\",\"description\":\"Canadian provider of insulation and thermal services since 1996\",\"potentialAction\":[{\"@type\":\"SearchAction\",\"target\":{\"@type\":\"EntryPoint\",\"urlTemplate\":\"https:\/\/prodimax-inc.com\/?s={search_term_string}\"},\"query-input\":\"required name=search_term_string\"}],\"inLanguage\":\"fr-FR\"},{\"@type\":\"WebPage\",\"@id\":\"https:\/\/prodimax-inc.com\/fr\/conditions-et-confidentialite\/#webpage\",\"url\":\"https:\/\/prodimax-inc.com\/fr\/conditions-et-confidentialite\/\",\"name\":\"CONDITIONS ET CONFIDENTIALIT\\u00c9 &ndash; Prodimax\",\"isPartOf\":{\"@id\":\"https:\/\/prodimax-inc.com\/#website\"},\"datePublished\":\"2015-10-13T16:00:29+00:00\",\"dateModified\":\"2015-10-13T16:02:54+00:00\",\"breadcrumb\":{\"@id\":\"https:\/\/prodimax-inc.com\/fr\/conditions-et-confidentialite\/#breadcrumb\"},\"inLanguage\":\"fr-FR\",\"potentialAction\":[{\"@type\":\"ReadAction\",\"target\":[\"https:\/\/prodimax-inc.com\/fr\/conditions-et-confidentialite\/\"]}]},{\"@type\":\"BreadcrumbList\",\"@id\":\"https:\/\/prodimax-inc.com\/fr\/conditions-et-confidentialite\/#breadcrumb\",\"itemListElement\":[{\"@type\":\"ListItem\",\"position\":1,\"name\":\"Home\",\"item\":\"https:\/\/prodimax-inc.com\/fr\/\"},{\"@type\":\"ListItem\",\"position\":2,\"name\":\"CONDITIONS ET CONFIDENTIALIT\\u00c9\"}]}]}<\/script>\n<!-- \/ Yoast SEO plugin. -->","yoast_head_json":{"title":"CONDITIONS ET CONFIDENTIALIT\u00c9 &ndash; Prodimax","robots":{"index":"index","follow":"follow","max-snippet":"max-snippet:-1","max-image-preview":"max-image-preview:large","max-video-preview":"max-video-preview:-1"},"canonical":"https:\/\/prodimax-inc.com\/fr\/conditions-et-confidentialite\/","og_locale":"fr_FR","og_type":"article","og_title":"CONDITIONS ET CONFIDENTIALIT\u00c9 &ndash; Prodimax","og_description":"Conditions d&rsquo;utilisation et D\u00e9claration de Confidentialit\u00e9 Conditions d&rsquo;utilisation du site Web de Prodimax Inc. Toutes les informations de ce site [&hellip;]","og_url":"https:\/\/prodimax-inc.com\/fr\/conditions-et-confidentialite\/","og_site_name":"Prodimax","article_modified_time":"2015-10-13T16:02:54+00:00","twitter_card":"summary_large_image","twitter_misc":{"Dur\u00e9e de lecture estim\u00e9e":"13 minutes"},"schema":{"@context":"https:\/\/schema.org","@graph":[{"@type":"WebSite","@id":"https:\/\/prodimax-inc.com\/#website","url":"https:\/\/prodimax-inc.com\/","name":"Prodimax","description":"Canadian provider of insulation and thermal services since 1996","potentialAction":[{"@type":"SearchAction","target":{"@type":"EntryPoint","urlTemplate":"https:\/\/prodimax-inc.com\/?s={search_term_string}"},"query-input":"required name=search_term_string"}],"inLanguage":"fr-FR"},{"@type":"WebPage","@id":"https:\/\/prodimax-inc.com\/fr\/conditions-et-confidentialite\/#webpage","url":"https:\/\/prodimax-inc.com\/fr\/conditions-et-confidentialite\/","name":"CONDITIONS ET CONFIDENTIALIT\u00c9 &ndash; Prodimax","isPartOf":{"@id":"https:\/\/prodimax-inc.com\/#website"},"datePublished":"2015-10-13T16:00:29+00:00","dateModified":"2015-10-13T16:02:54+00:00","breadcrumb":{"@id":"https:\/\/prodimax-inc.com\/fr\/conditions-et-confidentialite\/#breadcrumb"},"inLanguage":"fr-FR","potentialAction":[{"@type":"ReadAction","target":["https:\/\/prodimax-inc.com\/fr\/conditions-et-confidentialite\/"]}]},{"@type":"BreadcrumbList","@id":"https:\/\/prodimax-inc.com\/fr\/conditions-et-confidentialite\/#breadcrumb","itemListElement":[{"@type":"ListItem","position":1,"name":"Home","item":"https:\/\/prodimax-inc.com\/fr\/"},{"@type":"ListItem","position":2,"name":"CONDITIONS ET CONFIDENTIALIT\u00c9"}]}]}},"_links":{"self":[{"href":"https:\/\/prodimax-inc.com\/fr\/wp-json\/wp\/v2\/pages\/1225"}],"collection":[{"href":"https:\/\/prodimax-inc.com\/fr\/wp-json\/wp\/v2\/pages"}],"about":[{"href":"https:\/\/prodimax-inc.com\/fr\/wp-json\/wp\/v2\/types\/page"}],"author":[{"embeddable":true,"href":"https:\/\/prodimax-inc.com\/fr\/wp-json\/wp\/v2\/users\/7"}],"replies":[{"embeddable":true,"href":"https:\/\/prodimax-inc.com\/fr\/wp-json\/wp\/v2\/comments?post=1225"}],"version-history":[{"count":4,"href":"https:\/\/prodimax-inc.com\/fr\/wp-json\/wp\/v2\/pages\/1225\/revisions"}],"predecessor-version":[{"id":1229,"href":"https:\/\/prodimax-inc.com\/fr\/wp-json\/wp\/v2\/pages\/1225\/revisions\/1229"}],"wp:attachment":[{"href":"https:\/\/prodimax-inc.com\/fr\/wp-json\/wp\/v2\/media?parent=1225"}],"curies":[{"name":"wp","href":"https:\/\/api.w.org\/{rel}","templated":true}]}}