{"id":1975,"date":"2020-03-04T10:41:44","date_gmt":"2020-03-04T15:41:44","guid":{"rendered":"https:\/\/prodimax-inc.com\/produits\/heating-blankets\/"},"modified":"2020-03-04T11:21:28","modified_gmt":"2020-03-04T16:21:28","slug":"heating-blankets","status":"publish","type":"page","link":"https:\/\/prodimax-inc.com\/fr\/produits\/heating-blankets\/","title":{"rendered":"Couvertures chauffantes"},"content":{"rendered":"\n<div class=\"vc_row wpb_row vc_row-fluid\"><div class=\"wpb_column vc_column_container vc_col-sm-8\"><div class=\"wpb_wrapper\">\n\t<div class=\"wpb_text_column wpb_content_element \">\n\t\t<div class=\"wpb_wrapper\">\n\t\t\t<h2><strong><b>Couvertures chauffantes standard et sur mesure<\/b><\/strong><\/h2>\n<p>Le stockage de mat\u00e9riaux tels que les produits chimiques, les aliments, les r\u00e9sines \u00e9poxydes, les r\u00e9sines, les mousses et bien d&rsquo;autres produits industriels n\u00e9cessitent des plages de temp\u00e9ratures d\u00e9finies ou leur dur\u00e9e de vie et leur efficacit\u00e9 seront consid\u00e9rablement r\u00e9duites, ce qui entra\u00eenera un gaspillage de produit, augmentant ainsi les co\u00fbts et les budgets. Encore plus probl\u00e9matique lorsque ces fournitures industrielles sont stock\u00e9es \u00e0 l&rsquo;ext\u00e9rieur ou dans un environnement \u00e0 basse temp\u00e9rature.<\/p>\n<p>Les couvertures chauffantes Prodimax fabriqu\u00e9es sur mesure offrent une protection et une chaleur s\u00fbre et constante pour garder votre produit \u00e0 une temp\u00e9rature optimale gr\u00e2ce \u00e0 une technologie de grille de carbone et un syst\u00e8me de thermostat de pointe.<\/p>\n<ul>\n<li>\u2022 Chauffe-f\u00fbts et barils<\/li>\n<li>\u2022 Chauffe \u00ab\u00a0totes\u00a0\u00bb<\/li>\n<li>\u2022 Chauffe seaux<\/li>\n<li>\u2022 Chauffe cylindres de gaz<\/li>\n<li>\u2022 Couvertures de s\u00e9chage et de d\u00e9cong\u00e9lation<\/li>\n<\/ul>\n<p>\u00a0<\/p>\n<p>Tous les mod\u00e8les utilisent du vinyle r\u00e9sistant \u00e0 la flamme certifi\u00e9 NFPA r\u00e9sistant aux \u00e9raflures, \u00e0 l&rsquo;eau et aux UV. Prot\u00e9g\u00e9 par un GFCI int\u00e9gr\u00e9, il utilise la technologie infrarouge lointain. Compos\u00e9e de bornes d&rsquo;\u00e9lectrode qui fournissent une source de chaleur rapide pour fournir un chauffage efficace jusqu&rsquo;\u00e0 165\u00b0F (74\u00b0C), la temp\u00e9rature du r\u00e9seau de chaleur augmente pendant les 20 premi\u00e8res minutes de fonctionnement, tandis que le courant \u00e9lectrique diminue. Les mod\u00e8les de conteneurs comportent des sangles pour un ajustement s\u00fbr et optimal.<\/p>\n\n\t\t<\/div> \n\t<\/div> <\/div><\/div><div class=\"wpb_column vc_column_container vc_col-sm-4\"><div class=\"wpb_wrapper\">\n\t<div class=\"wpb_single_image wpb_content_element vc_align_left\">\n\t\t<div class=\"wpb_wrapper\">\n\t\t\t\n\t\t\t<div class=\"vc_single_image-wrapper   vc_box_border_grey\"><img width=\"640\" height=\"680\" src=\"https:\/\/prodimax-inc.com\/wp-content\/uploads\/2020\/03\/montage-blanket-964x1024.jpg\" class=\"vc_single_image-img attachment-large\" alt=\"Heating blankets for all applications\" loading=\"lazy\" srcset=\"https:\/\/prodimax-inc.com\/wp-content\/uploads\/2020\/03\/montage-blanket-964x1024.jpg 964w, https:\/\/prodimax-inc.com\/wp-content\/uploads\/2020\/03\/montage-blanket-282x300.jpg 282w, https:\/\/prodimax-inc.com\/wp-content\/uploads\/2020\/03\/montage-blanket-768x816.jpg 768w, https:\/\/prodimax-inc.com\/wp-content\/uploads\/2020\/03\/montage-blanket-723x768.jpg 723w, https:\/\/prodimax-inc.com\/wp-content\/uploads\/2020\/03\/montage-blanket-1446x1536.jpg 1446w, https:\/\/prodimax-inc.com\/wp-content\/uploads\/2020\/03\/montage-blanket-1928x2048.jpg 1928w, https:\/\/prodimax-inc.com\/wp-content\/uploads\/2020\/03\/montage-blanket-600x637.jpg 600w\" sizes=\"(max-width: 640px) 100vw, 640px\" \/><\/div>\n\t\t<\/div> \n\t<\/div> \n\t<div class=\"wpb_text_column wpb_content_element \">\n\t\t<div class=\"wpb_wrapper\">\n\t\t\t\n\t\t<\/div> \n\t<\/div> <a class=\"btn red_btn\" href=\"\/resources-2\/\"\n                                                             data-hover=\"FICHES TECHNIQUES\"><span>FICHES TECHNIQUES \t\t<i class=\"fa fa-arrow-right\"><\/i><\/span><\/a><\/div><\/div><\/div>\n","protected":false},"excerpt":{"rendered":"Couvertures chauffantes standard et sur mesure Le stockage de mat\u00e9riaux tels que les produits chimiques, les aliments, les r\u00e9sines \u00e9poxydes, [...]","protected":false},"author":7,"featured_media":0,"parent":1143,"menu_order":2,"comment_status":"closed","ping_status":"closed","template":"","meta":[],"yoast_head":"<!-- This site is optimized with the Yoast SEO plugin v17.8 - https:\/\/yoast.com\/wordpress\/plugins\/seo\/ -->\n<title>Couvertures chauffantes &ndash; Prodimax<\/title>\n<meta name=\"robots\" content=\"index, follow, max-snippet:-1, max-image-preview:large, max-video-preview:-1\" \/>\n<link rel=\"canonical\" href=\"https:\/\/prodimax-inc.com\/fr\/produits\/heating-blankets\/\" \/>\n<meta property=\"og:locale\" content=\"fr_FR\" \/>\n<meta property=\"og:type\" content=\"article\" \/>\n<meta property=\"og:title\" content=\"Couvertures chauffantes &ndash; Prodimax\" \/>\n<meta property=\"og:url\" content=\"https:\/\/prodimax-inc.com\/fr\/produits\/heating-blankets\/\" \/>\n<meta property=\"og:site_name\" content=\"Prodimax\" \/>\n<meta property=\"article:modified_time\" content=\"2020-03-04T16:21:28+00:00\" \/>\n<meta name=\"twitter:card\" content=\"summary_large_image\" \/>\n<meta name=\"twitter:label1\" content=\"Dur\u00e9e de lecture estim\u00e9e\" \/>\n\t<meta name=\"twitter:data1\" content=\"1 minute\" \/>\n<script type=\"application\/ld+json\" class=\"yoast-schema-graph\">{\"@context\":\"https:\/\/schema.org\",\"@graph\":[{\"@type\":\"WebSite\",\"@id\":\"https:\/\/prodimax-inc.com\/#website\",\"url\":\"https:\/\/prodimax-inc.com\/\",\"name\":\"Prodimax\",\"description\":\"Canadian provider of insulation and thermal services since 1996\",\"potentialAction\":[{\"@type\":\"SearchAction\",\"target\":{\"@type\":\"EntryPoint\",\"urlTemplate\":\"https:\/\/prodimax-inc.com\/?s={search_term_string}\"},\"query-input\":\"required name=search_term_string\"}],\"inLanguage\":\"fr-FR\"},{\"@type\":\"WebPage\",\"@id\":\"https:\/\/prodimax-inc.com\/fr\/produits\/heating-blankets\/#webpage\",\"url\":\"https:\/\/prodimax-inc.com\/fr\/produits\/heating-blankets\/\",\"name\":\"Couvertures chauffantes &ndash; Prodimax\",\"isPartOf\":{\"@id\":\"https:\/\/prodimax-inc.com\/#website\"},\"datePublished\":\"2020-03-04T15:41:44+00:00\",\"dateModified\":\"2020-03-04T16:21:28+00:00\",\"breadcrumb\":{\"@id\":\"https:\/\/prodimax-inc.com\/fr\/produits\/heating-blankets\/#breadcrumb\"},\"inLanguage\":\"fr-FR\",\"potentialAction\":[{\"@type\":\"ReadAction\",\"target\":[\"https:\/\/prodimax-inc.com\/fr\/produits\/heating-blankets\/\"]}]},{\"@type\":\"BreadcrumbList\",\"@id\":\"https:\/\/prodimax-inc.com\/fr\/produits\/heating-blankets\/#breadcrumb\",\"itemListElement\":[{\"@type\":\"ListItem\",\"position\":1,\"name\":\"Home\",\"item\":\"https:\/\/prodimax-inc.com\/fr\/\"},{\"@type\":\"ListItem\",\"position\":2,\"name\":\"PRODUITS\",\"item\":\"https:\/\/prodimax-inc.com\/fr\/produits\/\"},{\"@type\":\"ListItem\",\"position\":3,\"name\":\"Couvertures chauffantes\"}]}]}<\/script>\n<!-- \/ Yoast SEO plugin. -->","yoast_head_json":{"title":"Couvertures chauffantes &ndash; Prodimax","robots":{"index":"index","follow":"follow","max-snippet":"max-snippet:-1","max-image-preview":"max-image-preview:large","max-video-preview":"max-video-preview:-1"},"canonical":"https:\/\/prodimax-inc.com\/fr\/produits\/heating-blankets\/","og_locale":"fr_FR","og_type":"article","og_title":"Couvertures chauffantes &ndash; Prodimax","og_url":"https:\/\/prodimax-inc.com\/fr\/produits\/heating-blankets\/","og_site_name":"Prodimax","article_modified_time":"2020-03-04T16:21:28+00:00","twitter_card":"summary_large_image","twitter_misc":{"Dur\u00e9e de lecture estim\u00e9e":"1 minute"},"schema":{"@context":"https:\/\/schema.org","@graph":[{"@type":"WebSite","@id":"https:\/\/prodimax-inc.com\/#website","url":"https:\/\/prodimax-inc.com\/","name":"Prodimax","description":"Canadian provider of insulation and thermal services since 1996","potentialAction":[{"@type":"SearchAction","target":{"@type":"EntryPoint","urlTemplate":"https:\/\/prodimax-inc.com\/?s={search_term_string}"},"query-input":"required name=search_term_string"}],"inLanguage":"fr-FR"},{"@type":"WebPage","@id":"https:\/\/prodimax-inc.com\/fr\/produits\/heating-blankets\/#webpage","url":"https:\/\/prodimax-inc.com\/fr\/produits\/heating-blankets\/","name":"Couvertures chauffantes &ndash; Prodimax","isPartOf":{"@id":"https:\/\/prodimax-inc.com\/#website"},"datePublished":"2020-03-04T15:41:44+00:00","dateModified":"2020-03-04T16:21:28+00:00","breadcrumb":{"@id":"https:\/\/prodimax-inc.com\/fr\/produits\/heating-blankets\/#breadcrumb"},"inLanguage":"fr-FR","potentialAction":[{"@type":"ReadAction","target":["https:\/\/prodimax-inc.com\/fr\/produits\/heating-blankets\/"]}]},{"@type":"BreadcrumbList","@id":"https:\/\/prodimax-inc.com\/fr\/produits\/heating-blankets\/#breadcrumb","itemListElement":[{"@type":"ListItem","position":1,"name":"Home","item":"https:\/\/prodimax-inc.com\/fr\/"},{"@type":"ListItem","position":2,"name":"PRODUITS","item":"https:\/\/prodimax-inc.com\/fr\/produits\/"},{"@type":"ListItem","position":3,"name":"Couvertures chauffantes"}]}]}},"_links":{"self":[{"href":"https:\/\/prodimax-inc.com\/fr\/wp-json\/wp\/v2\/pages\/1975"}],"collection":[{"href":"https:\/\/prodimax-inc.com\/fr\/wp-json\/wp\/v2\/pages"}],"about":[{"href":"https:\/\/prodimax-inc.com\/fr\/wp-json\/wp\/v2\/types\/page"}],"author":[{"embeddable":true,"href":"https:\/\/prodimax-inc.com\/fr\/wp-json\/wp\/v2\/users\/7"}],"replies":[{"embeddable":true,"href":"https:\/\/prodimax-inc.com\/fr\/wp-json\/wp\/v2\/comments?post=1975"}],"version-history":[{"count":1,"href":"https:\/\/prodimax-inc.com\/fr\/wp-json\/wp\/v2\/pages\/1975\/revisions"}],"predecessor-version":[{"id":1977,"href":"https:\/\/prodimax-inc.com\/fr\/wp-json\/wp\/v2\/pages\/1975\/revisions\/1977"}],"up":[{"embeddable":true,"href":"https:\/\/prodimax-inc.com\/fr\/wp-json\/wp\/v2\/pages\/1143"}],"wp:attachment":[{"href":"https:\/\/prodimax-inc.com\/fr\/wp-json\/wp\/v2\/media?parent=1975"}],"curies":[{"name":"wp","href":"https:\/\/api.w.org\/{rel}","templated":true}]}}