{"id":2156,"date":"2020-09-03T15:54:01","date_gmt":"2020-09-03T19:54:01","guid":{"rendered":"https:\/\/prodimax-inc.com\/?page_id=2156"},"modified":"2022-07-12T10:53:38","modified_gmt":"2022-07-12T14:53:38","slug":"carrieres","status":"publish","type":"page","link":"https:\/\/prodimax-inc.com\/fr\/carrieres\/","title":{"rendered":"Carri\u00e8res"},"content":{"rendered":"\n<p><strong>Les mots cl\u00e9s chez Prodimax:<\/strong><br \/>Honn\u00eatet\u00e9, int\u00e9grit\u00e9, fiabilit\u00e9, flexibilit\u00e9 et am\u00e9lioration continue.<\/p>\n<p><strong>Nos valeurs:<\/strong><br \/>La meilleure \u00e9quipe gagne \u2013 ceci \u00e9tant dit, nous sommes une \u00e9quipe et agissons comme tel. Nous<br \/>croyons qu\u2019une \u00e9quipe gagnante peut accomplir l\u2019incroyable.<br \/>Nous sommes ma\u00eetre de notre destin \u2013 l\u2019autonomie et les initiatives ont une grande place chez<br \/>Prodimax.<\/p>\n<p><strong>Prodimax cherche \u00e0 remplir les postes suivants pour ses op\u00e9rations de Ville LaSalle (Montr\u00e9al, QC).<\/strong><\/p>\n<p>1 <a href=\"https:\/\/robco.com\/images\/jobs\/Prodimax-Couture-Fr.pdf\">Couturi\u00e8res (Machine industrielle) &#8211; LaSalle, Qc<\/a><\/p>\n<p>\u00a0<\/p>\n<p><strong>Qui sommes-nous:<\/strong><br \/>Depuis 1996, Prodimax Inc. fabrique et installe des couvertures isolantes amovibles et<br \/>r\u00e9utilisables. Prodimax propose une large gamme de solutions thermiques que ce soit pour<br \/>des toiles\/rideaux pour la protection contre le m\u00e9tal en fusion ou pour couvrir une turbine<br \/>nucl\u00e9aire enti\u00e8re pour la pr\u00e9vention de la perte de chaleur tout en r\u00e9duisant les vibrations et<br \/>le bruit; le tout dans un syst\u00e8me d\u2019installation et de d\u00e9sinstallation facile et sans outil.<\/p>\n<p><br \/><strong>Envoyez votre C.V. \u00e0 <a href=\"mailto:hr@robco.com\">hr@robco.com<\/a><\/strong><\/p>\n","protected":false},"excerpt":{"rendered":"<p>Les mots cl\u00e9s chez Prodimax:Honn\u00eatet\u00e9, int\u00e9grit\u00e9, fiabilit\u00e9, flexibilit\u00e9 et am\u00e9lioration continue. Nos valeurs:La meilleure \u00e9quipe gagne \u2013 ceci \u00e9tant dit, [&hellip;]<\/p>\n","protected":false},"author":7,"featured_media":0,"parent":0,"menu_order":0,"comment_status":"closed","ping_status":"closed","template":"","meta":[],"yoast_head":"<!-- This site is optimized with the Yoast SEO plugin v17.8 - https:\/\/yoast.com\/wordpress\/plugins\/seo\/ -->\n<title>Carri\u00e8res &ndash; Prodimax<\/title>\n<meta name=\"robots\" content=\"index, follow, max-snippet:-1, max-image-preview:large, max-video-preview:-1\" \/>\n<link rel=\"canonical\" href=\"https:\/\/prodimax-inc.com\/fr\/carrieres\/\" \/>\n<meta property=\"og:locale\" content=\"fr_FR\" \/>\n<meta property=\"og:type\" content=\"article\" \/>\n<meta property=\"og:title\" content=\"Carri\u00e8res &ndash; Prodimax\" \/>\n<meta property=\"og:description\" content=\"Les mots cl\u00e9s chez Prodimax:Honn\u00eatet\u00e9, int\u00e9grit\u00e9, fiabilit\u00e9, flexibilit\u00e9 et am\u00e9lioration continue. Nos valeurs:La meilleure \u00e9quipe gagne \u2013 ceci \u00e9tant dit, [&hellip;]\" \/>\n<meta property=\"og:url\" content=\"https:\/\/prodimax-inc.com\/fr\/carrieres\/\" \/>\n<meta property=\"og:site_name\" content=\"Prodimax\" \/>\n<meta property=\"article:modified_time\" content=\"2022-07-12T14:53:38+00:00\" \/>\n<meta name=\"twitter:card\" content=\"summary_large_image\" \/>\n<meta name=\"twitter:label1\" content=\"Dur\u00e9e de lecture estim\u00e9e\" \/>\n\t<meta name=\"twitter:data1\" content=\"1 minute\" \/>\n<script type=\"application\/ld+json\" class=\"yoast-schema-graph\">{\"@context\":\"https:\/\/schema.org\",\"@graph\":[{\"@type\":\"WebSite\",\"@id\":\"https:\/\/prodimax-inc.com\/#website\",\"url\":\"https:\/\/prodimax-inc.com\/\",\"name\":\"Prodimax\",\"description\":\"Canadian provider of insulation and thermal services since 1996\",\"potentialAction\":[{\"@type\":\"SearchAction\",\"target\":{\"@type\":\"EntryPoint\",\"urlTemplate\":\"https:\/\/prodimax-inc.com\/?s={search_term_string}\"},\"query-input\":\"required name=search_term_string\"}],\"inLanguage\":\"fr-FR\"},{\"@type\":\"WebPage\",\"@id\":\"https:\/\/prodimax-inc.com\/fr\/carrieres\/#webpage\",\"url\":\"https:\/\/prodimax-inc.com\/fr\/carrieres\/\",\"name\":\"Carri\\u00e8res &ndash; Prodimax\",\"isPartOf\":{\"@id\":\"https:\/\/prodimax-inc.com\/#website\"},\"datePublished\":\"2020-09-03T19:54:01+00:00\",\"dateModified\":\"2022-07-12T14:53:38+00:00\",\"breadcrumb\":{\"@id\":\"https:\/\/prodimax-inc.com\/fr\/carrieres\/#breadcrumb\"},\"inLanguage\":\"fr-FR\",\"potentialAction\":[{\"@type\":\"ReadAction\",\"target\":[\"https:\/\/prodimax-inc.com\/fr\/carrieres\/\"]}]},{\"@type\":\"BreadcrumbList\",\"@id\":\"https:\/\/prodimax-inc.com\/fr\/carrieres\/#breadcrumb\",\"itemListElement\":[{\"@type\":\"ListItem\",\"position\":1,\"name\":\"Home\",\"item\":\"https:\/\/prodimax-inc.com\/fr\/\"},{\"@type\":\"ListItem\",\"position\":2,\"name\":\"Carri\\u00e8res\"}]}]}<\/script>\n<!-- \/ Yoast SEO plugin. -->","yoast_head_json":{"title":"Carri\u00e8res &ndash; Prodimax","robots":{"index":"index","follow":"follow","max-snippet":"max-snippet:-1","max-image-preview":"max-image-preview:large","max-video-preview":"max-video-preview:-1"},"canonical":"https:\/\/prodimax-inc.com\/fr\/carrieres\/","og_locale":"fr_FR","og_type":"article","og_title":"Carri\u00e8res &ndash; Prodimax","og_description":"Les mots cl\u00e9s chez Prodimax:Honn\u00eatet\u00e9, int\u00e9grit\u00e9, fiabilit\u00e9, flexibilit\u00e9 et am\u00e9lioration continue. Nos valeurs:La meilleure \u00e9quipe gagne \u2013 ceci \u00e9tant dit, [&hellip;]","og_url":"https:\/\/prodimax-inc.com\/fr\/carrieres\/","og_site_name":"Prodimax","article_modified_time":"2022-07-12T14:53:38+00:00","twitter_card":"summary_large_image","twitter_misc":{"Dur\u00e9e de lecture estim\u00e9e":"1 minute"},"schema":{"@context":"https:\/\/schema.org","@graph":[{"@type":"WebSite","@id":"https:\/\/prodimax-inc.com\/#website","url":"https:\/\/prodimax-inc.com\/","name":"Prodimax","description":"Canadian provider of insulation and thermal services since 1996","potentialAction":[{"@type":"SearchAction","target":{"@type":"EntryPoint","urlTemplate":"https:\/\/prodimax-inc.com\/?s={search_term_string}"},"query-input":"required name=search_term_string"}],"inLanguage":"fr-FR"},{"@type":"WebPage","@id":"https:\/\/prodimax-inc.com\/fr\/carrieres\/#webpage","url":"https:\/\/prodimax-inc.com\/fr\/carrieres\/","name":"Carri\u00e8res &ndash; Prodimax","isPartOf":{"@id":"https:\/\/prodimax-inc.com\/#website"},"datePublished":"2020-09-03T19:54:01+00:00","dateModified":"2022-07-12T14:53:38+00:00","breadcrumb":{"@id":"https:\/\/prodimax-inc.com\/fr\/carrieres\/#breadcrumb"},"inLanguage":"fr-FR","potentialAction":[{"@type":"ReadAction","target":["https:\/\/prodimax-inc.com\/fr\/carrieres\/"]}]},{"@type":"BreadcrumbList","@id":"https:\/\/prodimax-inc.com\/fr\/carrieres\/#breadcrumb","itemListElement":[{"@type":"ListItem","position":1,"name":"Home","item":"https:\/\/prodimax-inc.com\/fr\/"},{"@type":"ListItem","position":2,"name":"Carri\u00e8res"}]}]}},"_links":{"self":[{"href":"https:\/\/prodimax-inc.com\/fr\/wp-json\/wp\/v2\/pages\/2156"}],"collection":[{"href":"https:\/\/prodimax-inc.com\/fr\/wp-json\/wp\/v2\/pages"}],"about":[{"href":"https:\/\/prodimax-inc.com\/fr\/wp-json\/wp\/v2\/types\/page"}],"author":[{"embeddable":true,"href":"https:\/\/prodimax-inc.com\/fr\/wp-json\/wp\/v2\/users\/7"}],"replies":[{"embeddable":true,"href":"https:\/\/prodimax-inc.com\/fr\/wp-json\/wp\/v2\/comments?post=2156"}],"version-history":[{"count":15,"href":"https:\/\/prodimax-inc.com\/fr\/wp-json\/wp\/v2\/pages\/2156\/revisions"}],"predecessor-version":[{"id":2234,"href":"https:\/\/prodimax-inc.com\/fr\/wp-json\/wp\/v2\/pages\/2156\/revisions\/2234"}],"wp:attachment":[{"href":"https:\/\/prodimax-inc.com\/fr\/wp-json\/wp\/v2\/media?parent=2156"}],"curies":[{"name":"wp","href":"https:\/\/api.w.org\/{rel}","templated":true}]}}