{"id":2266,"date":"2023-09-20T15:17:45","date_gmt":"2023-09-20T19:17:45","guid":{"rendered":"https:\/\/prodimax-inc.com\/?page_id=2266"},"modified":"2023-09-20T15:17:46","modified_gmt":"2023-09-20T19:17:46","slug":"code-de-conduite","status":"publish","type":"page","link":"https:\/\/prodimax-inc.com\/fr\/code-de-conduite\/","title":{"rendered":"Code de conduite"},"content":{"rendered":"\n<p>CODE DE CONDUITE :<\/p>\n<p>ous nous engageons \u00e0 insuffler les normes d&rsquo;\u00e9thique commerciale les plus \u00e9lev\u00e9es \u00e0 tout ce que nous faisons. Cette responsabilit\u00e9 est cruciale pour toutes les personnes qui d\u00e9pendent de Robco: nos employ\u00e9s, nos clients, nos partenaires et nos fournisseurs.<\/p>\n<p>Responsable de la protection des renseignements personnels :\u00a0John MacDonald\u00a0<\/p>\n<p>Coordonn\u00e9es : 514-367-2252<\/p>\n<p>1.0 Code de conduite avec les coll\u00e8gues :<br \/>Les employ\u00e9s doivent se conduire d\u2019une fa\u00e7on qui favorise une atmosph\u00e8re de travail<br \/>agr\u00e9able pour tous. Prodimax supporte \u00e9galement la Charte Canadienne des droits et<br \/>libert\u00e9 et de ce fait, s\u2019attend \u00e0 ce que chacun d\u00e9montre du respect envers ses coll\u00e8gues,<br \/>express\u00e9ment d\u2019une fa\u00e7on qui pr\u00e9vient la discrimination bas\u00e9e sur la race, la<br \/>nationalit\u00e9, l\u2019origine ethnique, la couleur, la religion, le sexe, l\u2019\u00e2ge et les handicaps<br \/>physiques et mentaux. Si vous \u00eates t\u00e9moin d\u2019un incident de ce type, vous \u00eates<br \/>encourag\u00e9 d\u2019en aviser imm\u00e9diatement votre superviseur.<\/p>\n<p><br \/>1.1 Code de conduite avec les clients :<br \/>Nous consid\u00e9rons nos clients comme des partenaires et comme une partie int\u00e9grante de<br \/>notre entreprise. Nous devons donc faire preuve de jugement et d\u2019attention dans toutes<br \/>nos interactions pour maintenir le lien de confiance:<br \/>&#8211; Faire preuve d\u2019int\u00e9grit\u00e9 et d\u2019honn\u00eatet\u00e9 dans toutes nos relations;<br \/>&#8211; \u00catre coop\u00e9ratif et juste \u00e0 trouver des solutions;<br \/>&#8211; Tenter de toujours fournir des am\u00e9liorations qui fournissent de la valeur pour nos<br \/>clients.<\/p>\n<p><br \/>1.2 Confidentialit\u00e9 :<br \/>Les employ\u00e9s de Prodimax se doivent de pr\u00e9server et de prot\u00e9ger la confidentialit\u00e9 de<br \/>l\u2019information divulgu\u00e9e par la compagnie et ses clients, sauf si un tel geste est exig\u00e9<br \/>pour des raisons l\u00e9gales. L\u2019information confidentielle comprend des donn\u00e9es<br \/>exclusives qui ne sont pas du domaine public et qui pourrait \u00eatre utilis\u00e9 par des<br \/>comp\u00e9titeurs, qui pourraient faire du tort \u00e0 l\u2019entreprise, ses employ\u00e9s, ses clients ou ses<br \/>fournisseurs, si divulgu\u00e9es.<\/p>\n","protected":false},"excerpt":{"rendered":"<p>CODE DE CONDUITE : ous nous engageons \u00e0 insuffler les normes d&rsquo;\u00e9thique commerciale les plus \u00e9lev\u00e9es \u00e0 tout ce que [&hellip;]<\/p>\n","protected":false},"author":7,"featured_media":0,"parent":0,"menu_order":0,"comment_status":"closed","ping_status":"closed","template":"","meta":[],"yoast_head":"<!-- This site is optimized with the Yoast SEO plugin v17.8 - https:\/\/yoast.com\/wordpress\/plugins\/seo\/ -->\n<title>Code de conduite &ndash; Prodimax<\/title>\n<meta name=\"robots\" content=\"index, follow, max-snippet:-1, max-image-preview:large, max-video-preview:-1\" \/>\n<link rel=\"canonical\" href=\"https:\/\/prodimax-inc.com\/fr\/code-de-conduite\/\" \/>\n<meta property=\"og:locale\" content=\"fr_FR\" \/>\n<meta property=\"og:type\" content=\"article\" \/>\n<meta property=\"og:title\" content=\"Code de conduite &ndash; Prodimax\" \/>\n<meta property=\"og:description\" content=\"CODE DE CONDUITE : ous nous engageons \u00e0 insuffler les normes d&rsquo;\u00e9thique commerciale les plus \u00e9lev\u00e9es \u00e0 tout ce que [&hellip;]\" \/>\n<meta property=\"og:url\" content=\"https:\/\/prodimax-inc.com\/fr\/code-de-conduite\/\" \/>\n<meta property=\"og:site_name\" content=\"Prodimax\" \/>\n<meta property=\"article:modified_time\" content=\"2023-09-20T19:17:46+00:00\" \/>\n<meta name=\"twitter:card\" content=\"summary_large_image\" \/>\n<meta name=\"twitter:label1\" content=\"Dur\u00e9e de lecture estim\u00e9e\" \/>\n\t<meta name=\"twitter:data1\" content=\"2 minutes\" \/>\n<script type=\"application\/ld+json\" class=\"yoast-schema-graph\">{\"@context\":\"https:\/\/schema.org\",\"@graph\":[{\"@type\":\"WebSite\",\"@id\":\"https:\/\/prodimax-inc.com\/#website\",\"url\":\"https:\/\/prodimax-inc.com\/\",\"name\":\"Prodimax\",\"description\":\"Canadian provider of insulation and thermal services since 1996\",\"potentialAction\":[{\"@type\":\"SearchAction\",\"target\":{\"@type\":\"EntryPoint\",\"urlTemplate\":\"https:\/\/prodimax-inc.com\/?s={search_term_string}\"},\"query-input\":\"required name=search_term_string\"}],\"inLanguage\":\"fr-FR\"},{\"@type\":\"WebPage\",\"@id\":\"https:\/\/prodimax-inc.com\/fr\/code-de-conduite\/#webpage\",\"url\":\"https:\/\/prodimax-inc.com\/fr\/code-de-conduite\/\",\"name\":\"Code de conduite &ndash; Prodimax\",\"isPartOf\":{\"@id\":\"https:\/\/prodimax-inc.com\/#website\"},\"datePublished\":\"2023-09-20T19:17:45+00:00\",\"dateModified\":\"2023-09-20T19:17:46+00:00\",\"breadcrumb\":{\"@id\":\"https:\/\/prodimax-inc.com\/fr\/code-de-conduite\/#breadcrumb\"},\"inLanguage\":\"fr-FR\",\"potentialAction\":[{\"@type\":\"ReadAction\",\"target\":[\"https:\/\/prodimax-inc.com\/fr\/code-de-conduite\/\"]}]},{\"@type\":\"BreadcrumbList\",\"@id\":\"https:\/\/prodimax-inc.com\/fr\/code-de-conduite\/#breadcrumb\",\"itemListElement\":[{\"@type\":\"ListItem\",\"position\":1,\"name\":\"Home\",\"item\":\"https:\/\/prodimax-inc.com\/fr\/\"},{\"@type\":\"ListItem\",\"position\":2,\"name\":\"Code de conduite\"}]}]}<\/script>\n<!-- \/ Yoast SEO plugin. -->","yoast_head_json":{"title":"Code de conduite &ndash; Prodimax","robots":{"index":"index","follow":"follow","max-snippet":"max-snippet:-1","max-image-preview":"max-image-preview:large","max-video-preview":"max-video-preview:-1"},"canonical":"https:\/\/prodimax-inc.com\/fr\/code-de-conduite\/","og_locale":"fr_FR","og_type":"article","og_title":"Code de conduite &ndash; Prodimax","og_description":"CODE DE CONDUITE : ous nous engageons \u00e0 insuffler les normes d&rsquo;\u00e9thique commerciale les plus \u00e9lev\u00e9es \u00e0 tout ce que [&hellip;]","og_url":"https:\/\/prodimax-inc.com\/fr\/code-de-conduite\/","og_site_name":"Prodimax","article_modified_time":"2023-09-20T19:17:46+00:00","twitter_card":"summary_large_image","twitter_misc":{"Dur\u00e9e de lecture estim\u00e9e":"2 minutes"},"schema":{"@context":"https:\/\/schema.org","@graph":[{"@type":"WebSite","@id":"https:\/\/prodimax-inc.com\/#website","url":"https:\/\/prodimax-inc.com\/","name":"Prodimax","description":"Canadian provider of insulation and thermal services since 1996","potentialAction":[{"@type":"SearchAction","target":{"@type":"EntryPoint","urlTemplate":"https:\/\/prodimax-inc.com\/?s={search_term_string}"},"query-input":"required name=search_term_string"}],"inLanguage":"fr-FR"},{"@type":"WebPage","@id":"https:\/\/prodimax-inc.com\/fr\/code-de-conduite\/#webpage","url":"https:\/\/prodimax-inc.com\/fr\/code-de-conduite\/","name":"Code de conduite &ndash; Prodimax","isPartOf":{"@id":"https:\/\/prodimax-inc.com\/#website"},"datePublished":"2023-09-20T19:17:45+00:00","dateModified":"2023-09-20T19:17:46+00:00","breadcrumb":{"@id":"https:\/\/prodimax-inc.com\/fr\/code-de-conduite\/#breadcrumb"},"inLanguage":"fr-FR","potentialAction":[{"@type":"ReadAction","target":["https:\/\/prodimax-inc.com\/fr\/code-de-conduite\/"]}]},{"@type":"BreadcrumbList","@id":"https:\/\/prodimax-inc.com\/fr\/code-de-conduite\/#breadcrumb","itemListElement":[{"@type":"ListItem","position":1,"name":"Home","item":"https:\/\/prodimax-inc.com\/fr\/"},{"@type":"ListItem","position":2,"name":"Code de conduite"}]}]}},"_links":{"self":[{"href":"https:\/\/prodimax-inc.com\/fr\/wp-json\/wp\/v2\/pages\/2266"}],"collection":[{"href":"https:\/\/prodimax-inc.com\/fr\/wp-json\/wp\/v2\/pages"}],"about":[{"href":"https:\/\/prodimax-inc.com\/fr\/wp-json\/wp\/v2\/types\/page"}],"author":[{"embeddable":true,"href":"https:\/\/prodimax-inc.com\/fr\/wp-json\/wp\/v2\/users\/7"}],"replies":[{"embeddable":true,"href":"https:\/\/prodimax-inc.com\/fr\/wp-json\/wp\/v2\/comments?post=2266"}],"version-history":[{"count":1,"href":"https:\/\/prodimax-inc.com\/fr\/wp-json\/wp\/v2\/pages\/2266\/revisions"}],"predecessor-version":[{"id":2267,"href":"https:\/\/prodimax-inc.com\/fr\/wp-json\/wp\/v2\/pages\/2266\/revisions\/2267"}],"wp:attachment":[{"href":"https:\/\/prodimax-inc.com\/fr\/wp-json\/wp\/v2\/media?parent=2266"}],"curies":[{"name":"wp","href":"https:\/\/api.w.org\/{rel}","templated":true}]}}